{"id":2044,"date":"2025-08-04T14:31:03","date_gmt":"2025-08-04T12:31:03","guid":{"rendered":"https:\/\/ibz-bielefeld.de\/?page_id=2044"},"modified":"2026-04-16T20:45:47","modified_gmt":"2026-04-16T18:45:47","slug":"jobs","status":"publish","type":"page","link":"https:\/\/ibz-bielefeld.de\/ar\/jobs\/","title":{"rendered":"\u0641\u0631\u0635 \u0627\u0644\u0639\u0645\u0644"},"content":{"rendered":"<p><br><br><strong>\u062a\u0635\u0646\u064a\u0641: \u0633\u0644\u0637\u0629 \u0641\u062e\u0631\u064a\u0629<\/strong><\/p>\n\n\n\n<p>\u062a\u0628\u062d\u062b IBZ \u062f\u0627\u0626\u0645\u064b\u0627 \u0639\u0646 \u0645\u0648\u0638\u0641\u064a\u0646 \u062c\u062f\u062f \u0643\u0645\u0639\u0644\u0645 \u0644\u0645\u062c\u0645\u0648\u0639\u0629 \u0645\u062a\u0646\u0648\u0639\u0629 \u0645\u0646 \u0627\u0644\u062f\u0648\u0631\u0627\u062a. \u0648\u0646\u062d\u0646 \u0646\u062a\u0637\u0644\u0639 \u0625\u0644\u0649 \u0645\u0641\u0627\u0647\u064a\u0645 \u062c\u062f\u064a\u062f\u0629 \u0644\u0644\u062f\u0648\u0631\u0627\u062a \u0648\u0648\u0631\u0634 \u0627\u0644\u0639\u0645\u0644.<br>\u062c\u0645\u064a\u0639 \u0627\u0644\u0645\u062d\u0627\u0636\u0631\u064a\u0646 \u064a\u0639\u0645\u0644\u0648\u0646 \u0645\u0639\u0646\u0627 \u0639\u0644\u0649 \u0623\u0633\u0627\u0633 \u0627\u0644\u0631\u0633\u0648\u0645.<br>\u0625\u0630\u0627 \u0643\u0646\u062a \u0645\u0647\u062a\u0645\u064b\u0627 \u060c \u0641\u064a\u0631\u062c\u0649 \u0627\u0644\u0627\u062a\u0635\u0627\u0644 \u0628\u0631\u0624\u0633\u0627\u0621 \u0627\u0644\u0623\u0642\u0633\u0627\u0645 \u0630\u0627\u062a \u0627\u0644\u0635\u0644\u0629.<br>\u0627\u0644\u062a\u0646\u0648\u0639 \u0647\u0648 \u0623\u0633\u0627\u0633 \u0645\u0624\u0633\u0633\u062a\u0646\u0627. \u0646\u0631\u062d\u0628 \u0628\u062c\u0645\u064a\u0639 \u0627\u0644\u0637\u0644\u0628\u0627\u062a \u060c \u0628\u063a\u0636 \u0627\u0644\u0646\u0638\u0631 \u0639\u0646 \u0627\u0644\u0623\u0635\u0644 \u0648\u0627\u0644\u062c\u0646\u0633 \u0648\u0627\u0644\u062a\u0648\u062c\u0647 \u0627\u0644\u062c\u0646\u0633\u064a \u0648\u0627\u0644\u062c\u0646\u0633\u064a\u0629 \u0648\u0627\u0644\u062f\u064a\u0646 \/ \u0627\u0644\u0645\u0639\u062a\u0642\u062f \u0648\u0627\u0644\u0639\u0645\u0631 \u0648\u0627\u0644\u0642\u062f\u0631\u0629 \u0627\u0644\u0628\u062f\u0646\u064a\u0629 \u0648\u0627\u0644\u0647\u0648\u064a\u0629.<br>\u0625\u0630\u0627 \u0643\u0646\u062a \u0639\u0646\u0635\u0631\u064a\u064b\u0627 \u0623\u0648 \u0645\u0639\u0627\u062f\u064a\u064b\u0627 \u0644\u0644\u0633\u0627\u0645\u064a\u0629 \u0623\u0648 \u0645\u0639\u0627\u062f\u0627\u0629 \u0644\u0644\u0625\u0633\u0644\u0627\u0645 \u0623\u0648 \u0643\u0631\u0627\u0647\u064a\u0629 \u0627\u0644\u0646\u0633\u0627\u0621 \u0623\u0648 \u0643\u0631\u0627\u0647\u064a\u0629 \u0627\u0644\u0645\u062b\u0644\u064a\u064a\u0646 \u060c \u0623\u0648 \u0644\u062f\u064a\u0643 \u0622\u0631\u0627\u0621 \u062a\u0645\u064a\u064a\u0632\u064a\u0629 \u0623\u062e\u0631\u0649 \u060c \u0641\u0646\u062d\u0646 \u0644\u0633\u0646\u0627 \u0627\u0644\u0639\u0645\u064a\u0644 \u0627\u0644\u0645\u0646\u0627\u0633\u0628 \u0644\u0643.<\/p>\n\n\n\n<h3 class=\"wp-block-heading\">\u0642\u0633\u0645 \u062f\u0648\u0631\u0629 \u0627\u0644\u0644\u063a\u0629 \u0627\u0644\u0623\u0644\u0645\u0627\u0646\u064a\u0629<\/h3>\n\n\n\n<p>\u0627\u0644\u0645\u0648\u0627\u0641\u0642\u0629 \u0639\u0644\u0649 BAMF \u0647\u064a \u0634\u0631\u0637 \u0623\u0633\u0627\u0633\u064a \u0644\u062a\u062f\u0631\u064a\u0633 \u062f\u0648\u0631\u0627\u062a \u0627\u0644\u062a\u0643\u0627\u0645\u0644. \u0627\u0644\u062a\u062c\u0627\u0631\u0628 \u0627\u0644\u0623\u0648\u0644\u0649 \u0645\u0631\u063a\u0648\u0628\u0629 \u060c \u0648\u0644\u0643\u0646\u0647\u0627 \u0644\u064a\u0633\u062a \u0634\u0631\u0637\u064b\u0627.<\/p>\n\n\n\n<p>\u064a\u0645\u064a\u0646 \u0627\u0644\u0634\u0645\u0644\u064a<br>&nbsp;<a href=\"mailto:weiterbildung@ibz-bielefeld.de\">weiterbildung@ibz-bielefeld.de<\/a><br>&nbsp;0521\/5219037<\/p>\n\n\n\n<h3 class=\"wp-block-heading\">)\u0623(\u0627\u0644\u062a\u062f\u0631\u064a\u0628 \u0627\u0644\u0639\u0627\u0645<\/h3>\n\n\n\n<p>\u0644\u0627 \u064a\u0648\u062c\u062f \u062a\u062f\u0631\u064a\u0628 \u062e\u0627\u0635 \u0636\u0631\u0648\u0631\u064a \u0644\u062a\u0646\u0641\u064a\u0630 \u0627\u0644\u062f\u0648\u0631\u0627\u062a \u0627\u0644\u0625\u0628\u062f\u0627\u0639\u064a\u0629 \u060c \u0648\u0644\u0643\u0646 \u064a\u062c\u0628 \u0623\u0646 \u062a\u0643\u0648\u0646 \u0627\u0644\u062e\u0628\u0631\u0629 \u0645\u062a\u0627\u062d\u0629 \u0627\u0639\u062a\u0645\u0627\u062f\u064b\u0627 \u0639\u0644\u0649 \u0645\u062d\u062a\u0648\u0649 \u0627\u0644\u062f\u0648\u0631\u0629 (\u0627\u0644\u0631\u0642\u0635 \u0648\u0627\u0644\u0644\u063a\u0629 \u0648\u0645\u0627 \u0625\u0644\u0649 \u0630\u0644\u0643).<\/p>\n\n\n\n<p>\u064a\u0645\u064a\u0646 \u0627\u0644\u0634\u0645\u0644\u064a<br>&nbsp;<a href=\"mailto:weiterbildung@ibz-bielefeld.de\">weiterbildung@ibz-bielefeld.de<\/a><br>&nbsp;0521\/5219037<\/p>\n\n\n\n<h3 class=\"wp-block-heading\">\u0628\u0627\u0621 - \u0627\u0644\u062a\u062f\u0631\u064a\u0628 \u0627\u0644\u0633\u064a\u0627\u0633\u064a<\/h3>\n\n\n\n<p>\u0644\u062a\u0639\u0644\u064a\u0645 \u0627\u0644\u062f\u0648\u0631\u0627\u062a \u060c \u0641\u0625\u0646 \u062f\u0631\u062c\u0629 \u0627\u0644\u0628\u0643\u0627\u0644\u0648\u0631\u064a\u0648\u0633 (\u0623\u0648 \u0623\u0639\u0644\u0649) \u0648\u0627\u0644\u062e\u0628\u0631\u0629 \u0648\u0641\u0642\u064b\u0627 \u0644\u0644\u0645\u0648\u0636\u0648\u0639 \u0627\u0644\u0645\u0639\u0646\u064a (\u0639\u0644\u0649 \u0633\u0628\u064a\u0644 \u0627\u0644\u0645\u062b\u0627\u0644 \u0639\u0646 \u0637\u0631\u064a\u0642 \u0627\u0644\u062a\u0637\u0648\u0639) \u0645\u0641\u064a\u062f\u0629.<\/p>\n\n\n\n<p>\u0633\u0627\u0631\u0629 \u0623\u062f\u0627\u0645\u0647<br>&nbsp;<a href=\"mailto:politische.bildung@ibz-bielefeld.de\">politische.bildung@ibz-bielefeld.de<\/a><br>&nbsp;0521\/5219034<\/p>\n\n\n\n<h3 class=\"wp-block-heading\">\u0645\u0646\u062a\u062f\u064a\u0627\u062a \u0627\u0644\u062a\u0639\u0644\u0645<\/h3>\n\n\n\n<p>\u0627\u0644\u0637\u0644\u0627\u0628 \u0645\u0639 \u0627\u0644\u062f\u0631\u0627\u0633\u0627\u062a \u0627\u0644\u0645\u0646\u0627\u0633\u0628\u0629 (\u0645\u0627\u062a\u064a\u060c \u0627\u0644\u0623\u0644\u0645\u0627\u0646\u064a\u0629\u060c \u0627\u0644\u0625\u0646\u062c\u0644\u064a\u0632\u064a\u0629) \u0647\u064a \u0645\u0648\u0636\u0639 \u062a\u0631\u062d\u064a\u0628.<\/p>\n\n\n\n<p>\u064a\u0648\u0646\u0633 \u0646\u062f\u064a\u0631<br>&nbsp;<a href=\"mailto:kinderundjugend@ibz-bielefeld.de\">kinderundjugend@ibz-bielefeld.de<\/a><br>&nbsp;0521\/5219036<\/p>\n\n\n\n<h3 class=\"wp-block-heading\">\u062a\u0635\u0646\u064a\u0641: \u062a\u062f\u0631\u064a\u0628 \u062f\u0627\u062e\u0644\u064a<\/h3>\n\n\n\n<p>\u0646\u062d\u0646 \u0646\u0642\u062f\u0645 \u0627\u0644\u0641\u0631\u0635\u0629 \u0644\u0644\u0642\u064a\u0627\u0645 \u0627\u0644\u062a\u062f\u0631\u064a\u0628 \u0641\u064a \u062c\u0645\u064a\u0639 \u0645\u062c\u0627\u0644\u0627\u062a \u0634\u0631\u0643\u062a\u0646\u0627\u060c \u0633\u0648\u0627\u0621 \u0627\u0644\u0637\u0648\u0639\u064a\u0629 \u0623\u0648 \u0627\u0644\u0625\u0644\u0632\u0627\u0645\u064a\u0629. \u0627\u0644\u062a\u062f\u0631\u064a\u0628 \u0644\u0637\u0644\u0627\u0628 \u062f\u0627\u0641 \u0645\u0645\u0643\u0646 \u0641\u064a \u0642\u0633\u0645 \u0627\u0644\u062a\u0643\u0627\u0645\u0644.<\/p>\n\n\n\n<p>\u064a\u0631\u062c\u0649 \u0627\u0644\u0627\u062a\u0635\u0627\u0644 \u0628\u0627\u0644\u0642\u0633\u0645 \u0627\u0644\u0645\u0639\u0646\u064a \u0639\u0646 \u0637\u0631\u064a\u0642 \u0627\u0644\u0628\u0631\u064a\u062f \u0627\u0644\u0625\u0644\u0643\u062a\u0631\u0648\u0646\u064a \u0623\u0648 \u0627\u0644\u0647\u0627\u062a\u0641.<br>\u0627\u0644\u062a\u0646\u0648\u0639 \u0647\u0648 \u0623\u0633\u0627\u0633 \u0645\u0624\u0633\u0633\u062a\u0646\u0627. \u0646\u0631\u062d\u0628 \u0628\u062c\u0645\u064a\u0639 \u0627\u0644\u0637\u0644\u0628\u0627\u062a \u060c \u0628\u063a\u0636 \u0627\u0644\u0646\u0638\u0631 \u0639\u0646 \u0627\u0644\u0623\u0635\u0644 \u0648\u0627\u0644\u062c\u0646\u0633 \u0648\u0627\u0644\u062a\u0648\u062c\u0647 \u0627\u0644\u062c\u0646\u0633\u064a \u0648\u0627\u0644\u062c\u0646\u0633\u064a\u0629 \u0648\u0627\u0644\u062f\u064a\u0646 \/ \u0627\u0644\u0645\u0639\u062a\u0642\u062f \u0648\u0627\u0644\u0639\u0645\u0631 \u0648\u0627\u0644\u0642\u062f\u0631\u0629 \u0627\u0644\u0628\u062f\u0646\u064a\u0629 \u0648\u0627\u0644\u0647\u0648\u064a\u0629. \u0625\u0630\u0627 \u0643\u0646\u062a \u0639\u0646\u0635\u0631\u064a\u064b\u0627 \u0623\u0648 \u0645\u0639\u0627\u062f\u064a\u064b\u0627 \u0644\u0644\u0633\u0627\u0645\u064a\u0629 \u0623\u0648 \u0645\u0639\u0627\u062f\u0627\u0629 \u0644\u0644\u0625\u0633\u0644\u0627\u0645 \u0623\u0648 \u0643\u0631\u0627\u0647\u064a\u0629 \u0627\u0644\u0646\u0633\u0627\u0621 \u0623\u0648 \u0643\u0631\u0627\u0647\u064a\u0629 \u0627\u0644\u0645\u062b\u0644\u064a\u064a\u0646 \u060c \u0623\u0648 \u0644\u062f\u064a\u0643 \u0622\u0631\u0627\u0621 \u062a\u0645\u064a\u064a\u0632\u064a\u0629 \u0623\u062e\u0631\u0649 \u060c \u0641\u0646\u062d\u0646 \u0644\u0633\u0646\u0627 \u0635\u0627\u062d\u0628 \u0627\u0644\u0639\u0645\u0644 \u0627\u0644\u0645\u0646\u0627\u0633\u0628 \u0644\u0643.<\/p>\n\n\n\n<p>\u0644\u0644\u0623\u0633\u0626\u0644\u0629 \u0627\u0644\u0639\u0627\u0645\u0629\u060c \u064a\u0631\u062c\u0649 \u0627\u0644\u0627\u062a\u0635\u0627\u0644 \u0628\u0640:<\/p>\n\n\n\n<p>\u062c\u0648\u0647\u0627\u0646\u0627 \u0627\u0644\u0634\u0645\u0644\u064a<br>\u0623\u0644\u0641 - \u0627\u0644\u0625\u062f\u0627\u0631\u0629<br>&nbsp;0521\/5219033<br>&nbsp;<a href=\"mailto:leitung@ibz-bielefeld.de\">leitung@ibz-bielefeld.de<\/a><\/p>","protected":false},"excerpt":{"rendered":"<p>Honorarkraft Das IBZ sucht stets neue Mitarbeitende als Lehrkraft f\u00fcr unser vielf\u00e4ltiges Kursangebot. Wir freuen uns \u00fcber neue Kurs- und Workshopkonzepte.Alle Dozierende arbeiten bei uns auf Honorarbasis.Bei Interesse wenden Sie&#8230;<\/p>","protected":false},"author":2,"featured_media":0,"parent":0,"menu_order":0,"comment_status":"closed","ping_status":"closed","template":"template-parts\/About Sections.php","meta":{"_acf_changed":false,"footnotes":""},"ibz_department":[],"class_list":["post-2044","page","type-page","status-publish","hentry"],"acf":[],"_links":{"self":[{"href":"https:\/\/ibz-bielefeld.de\/ar\/wp-json\/wp\/v2\/pages\/2044","targetHints":{"allow":["GET"]}}],"collection":[{"href":"https:\/\/ibz-bielefeld.de\/ar\/wp-json\/wp\/v2\/pages"}],"about":[{"href":"https:\/\/ibz-bielefeld.de\/ar\/wp-json\/wp\/v2\/types\/page"}],"author":[{"embeddable":true,"href":"https:\/\/ibz-bielefeld.de\/ar\/wp-json\/wp\/v2\/users\/2"}],"replies":[{"embeddable":true,"href":"https:\/\/ibz-bielefeld.de\/ar\/wp-json\/wp\/v2\/comments?post=2044"}],"version-history":[{"count":1,"href":"https:\/\/ibz-bielefeld.de\/ar\/wp-json\/wp\/v2\/pages\/2044\/revisions"}],"predecessor-version":[{"id":5149,"href":"https:\/\/ibz-bielefeld.de\/ar\/wp-json\/wp\/v2\/pages\/2044\/revisions\/5149"}],"wp:attachment":[{"href":"https:\/\/ibz-bielefeld.de\/ar\/wp-json\/wp\/v2\/media?parent=2044"}],"wp:term":[{"taxonomy":"ibz_department","embeddable":true,"href":"https:\/\/ibz-bielefeld.de\/ar\/wp-json\/wp\/v2\/ibz_department?post=2044"}],"curies":[{"name":"wp","href":"https:\/\/api.w.org\/{rel}","templated":true}]}}