{"id":2044,"date":"2025-08-04T14:31:03","date_gmt":"2025-08-04T12:31:03","guid":{"rendered":"https:\/\/ibz-bielefeld.de\/?page_id=2044"},"modified":"2026-04-16T20:45:47","modified_gmt":"2026-04-16T18:45:47","slug":"jobs","status":"publish","type":"page","link":"https:\/\/ibz-bielefeld.de\/el\/jobs\/","title":{"rendered":"\u03b8\u03ad\u03c3\u03b5\u03b9\u03c2 \u03b5\u03c1\u03b3\u03b1\u03c3\u03af\u03b1\u03c2"},"content":{"rendered":"<p><br><br><strong>\u0395\u03c0\u03af\u03c4\u03b9\u03bc\u03b7 \u03b5\u03be\u03bf\u03c5\u03c3\u03af\u03b1<\/strong><\/p>\n\n\n\n<p>\u0397 IBZ \u03c8\u03ac\u03c7\u03bd\u03b5\u03b9 \u03c0\u03ac\u03bd\u03c4\u03b1 \u03b3\u03b9\u03b1 \u03bd\u03ad\u03bf\u03c5\u03c2 \u03c5\u03c0\u03b1\u03bb\u03bb\u03ae\u03bb\u03bf\u03c5\u03c2 \u03c9\u03c2 \u03b4\u03ac\u03c3\u03ba\u03b1\u03bb\u03bf\u03c2 \u03b3\u03b9\u03b1 \u03c4\u03bf \u03b5\u03c5\u03c1\u03cd \u03c6\u03ac\u03c3\u03bc\u03b1 \u03c4\u03c9\u03bd \u03bc\u03b1\u03b8\u03b7\u03bc\u03ac\u03c4\u03c9\u03bd \u03bc\u03b1\u03c2. \u0391\u03bd\u03c5\u03c0\u03bf\u03bc\u03bf\u03bd\u03bf\u03cd\u03bc\u03b5 \u03b3\u03b9\u03b1 \u03bd\u03ad\u03b5\u03c2 \u03b9\u03b4\u03ad\u03b5\u03c2 \u03bc\u03b1\u03b8\u03b7\u03bc\u03ac\u03c4\u03c9\u03bd \u03ba\u03b1\u03b9 \u03b5\u03c1\u03b3\u03b1\u03c3\u03c4\u03b7\u03c1\u03af\u03c9\u03bd.<br>\u038c\u03bb\u03bf\u03b9 \u03bf\u03b9 \u03ba\u03b1\u03b8\u03b7\u03b3\u03b7\u03c4\u03ad\u03c2 \u03b5\u03c1\u03b3\u03ac\u03b6\u03bf\u03bd\u03c4\u03b1\u03b9 \u03bc\u03b1\u03b6\u03af \u03bc\u03b1\u03c2 \u03bc\u03b5 \u03b2\u03ac\u03c3\u03b7 \u03c4\u03b7\u03bd \u03b1\u03bc\u03bf\u03b9\u03b2\u03ae.<br>\u0395\u03ac\u03bd \u03b5\u03bd\u03b4\u03b9\u03b1\u03c6\u03ad\u03c1\u03b5\u03c3\u03c4\u03b5, \u03b5\u03c0\u03b9\u03ba\u03bf\u03b9\u03bd\u03c9\u03bd\u03ae\u03c3\u03c4\u03b5 \u03bc\u03b5 \u03c4\u03bf\u03c5\u03c2 \u03b1\u03c1\u03bc\u03cc\u03b4\u03b9\u03bf\u03c5\u03c2 \u03c0\u03c1\u03bf\u03ca\u03c3\u03c4\u03b1\u03bc\u03ad\u03bd\u03bf\u03c5\u03c2 \u03c4\u03bf\u03c5 \u03c4\u03bc\u03ae\u03bc\u03b1\u03c4\u03bf\u03c2.<br>\u0397 \u03b4\u03b9\u03b1\u03c6\u03bf\u03c1\u03b5\u03c4\u03b9\u03ba\u03cc\u03c4\u03b7\u03c4\u03b1 \u03b5\u03af\u03bd\u03b1\u03b9 \u03b7 \u03b2\u03ac\u03c3\u03b7 \u03c4\u03bf\u03c5 \u03b8\u03b5\u03c3\u03bc\u03bf\u03cd \u03bc\u03b1\u03c2. \u03a7\u03b1\u03b9\u03c1\u03b5\u03c4\u03af\u03b6\u03bf\u03c5\u03bc\u03b5 \u03cc\u03bb\u03b5\u03c2 \u03c4\u03b9\u03c2 \u03b1\u03b9\u03c4\u03ae\u03c3\u03b5\u03b9\u03c2, \u03b1\u03bd\u03b5\u03be\u03ac\u03c1\u03c4\u03b7\u03c4\u03b1 \u03b1\u03c0\u03cc \u03c4\u03b7\u03bd \u03ba\u03b1\u03c4\u03b1\u03b3\u03c9\u03b3\u03ae, \u03c4\u03bf \u03c6\u03cd\u03bb\u03bf, \u03c4\u03bf\u03bd \u03c3\u03b5\u03be\u03bf\u03c5\u03b1\u03bb\u03b9\u03ba\u03cc \u03c0\u03c1\u03bf\u03c3\u03b1\u03bd\u03b1\u03c4\u03bf\u03bb\u03b9\u03c3\u03bc\u03cc, \u03c4\u03b7\u03bd \u03b5\u03b8\u03bd\u03b9\u03ba\u03cc\u03c4\u03b7\u03c4\u03b1, \u03c4\u03b7 \u03b8\u03c1\u03b7\u03c3\u03ba\u03b5\u03af\u03b1 \/ \u03c0\u03af\u03c3\u03c4\u03b7, \u03c4\u03b7\u03bd \u03b7\u03bb\u03b9\u03ba\u03af\u03b1, \u03c4\u03b7 \u03c3\u03c9\u03bc\u03b1\u03c4\u03b9\u03ba\u03ae \u03b9\u03ba\u03b1\u03bd\u03cc\u03c4\u03b7\u03c4\u03b1 \u03ba\u03b1\u03b9 \u03c4\u03b7\u03bd \u03c4\u03b1\u03c5\u03c4\u03cc\u03c4\u03b7\u03c4\u03b1.<br>\u0395\u03ac\u03bd \u03b5\u03af\u03c3\u03c4\u03b5 \u03c1\u03b1\u03c4\u03c3\u03b9\u03c3\u03c4\u03ae\u03c2, \u03b1\u03bd\u03c4\u03b9\u03c3\u03b7\u03bc\u03af\u03c4\u03b7\u03c2, \u03b9\u03c3\u03bb\u03b1\u03bc\u03bf\u03c6\u03bf\u03b2\u03b9\u03ba\u03cc\u03c2, \u03bc\u03b9\u03c3\u03bf\u03b3\u03c5\u03bd\u03b9\u03c3\u03c4\u03ae\u03c2 \u03ae \u03bf\u03bc\u03bf\u03c6\u03bf\u03b2\u03b9\u03ba\u03cc\u03c2 \u03ae \u03ad\u03c7\u03b5\u03c4\u03b5 \u03ac\u03bb\u03bb\u03b5\u03c2 \u03b1\u03c0\u03cc\u03c8\u03b5\u03b9\u03c2 \u03c0\u03bf\u03c5 \u03b5\u03b9\u03c3\u03ac\u03b3\u03bf\u03c5\u03bd \u03b4\u03b9\u03b1\u03ba\u03c1\u03af\u03c3\u03b5\u03b9\u03c2, \u03b4\u03b5\u03bd \u03b5\u03af\u03bc\u03b1\u03c3\u03c4\u03b5 \u03bf \u03c3\u03c9\u03c3\u03c4\u03cc\u03c2 \u03c0\u03b5\u03bb\u03ac\u03c4\u03b7\u03c2 \u03b3\u03b9\u03b1 \u03b5\u03c3\u03ac\u03c2.<\/p>\n\n\n\n<h3 class=\"wp-block-heading\">\u03a4\u03bc\u03ae\u03bc\u03b1 \u0393\u03b5\u03c1\u03bc\u03b1\u03bd\u03b9\u03ba\u03ce\u03bd<\/h3>\n\n\n\n<p>\u0397 \u03ad\u03b3\u03ba\u03c1\u03b9\u03c3\u03b7 BAMF \u03b1\u03c0\u03bf\u03c4\u03b5\u03bb\u03b5\u03af \u03c0\u03c1\u03bf\u03cb\u03c0\u03cc\u03b8\u03b5\u03c3\u03b7 \u03b3\u03b9\u03b1 \u03c4\u03b7 \u03b4\u03b9\u03b4\u03b1\u03c3\u03ba\u03b1\u03bb\u03af\u03b1 \u03bc\u03b1\u03b8\u03b7\u03bc\u03ac\u03c4\u03c9\u03bd \u03ad\u03bd\u03c4\u03b1\u03be\u03b7\u03c2. \u039f\u03b9 \u03c0\u03c1\u03ce\u03c4\u03b5\u03c2 \u03b5\u03bc\u03c0\u03b5\u03b9\u03c1\u03af\u03b5\u03c2 \u03b5\u03af\u03bd\u03b1\u03b9 \u03b5\u03c0\u03b9\u03b8\u03c5\u03bc\u03b7\u03c4\u03ad\u03c2, \u03b1\u03bb\u03bb\u03ac \u03cc\u03c7\u03b9 \u03bc\u03b9\u03b1 \u03ba\u03b1\u03c4\u03ac\u03c3\u03c4\u03b1\u03c3\u03b7.<\/p>\n\n\n\n<p>Yameen Al Shumali<br>&nbsp;<a href=\"mailto:weiterbildung@ibz-bielefeld.de\">weiterbildung@ibz-bielefeld.de<\/a><br>&nbsp;0521\/5219037<\/p>\n\n\n\n<h3 class=\"wp-block-heading\">\u0393\u03b5\u03bd\u03b9\u03ba\u03ae \u03ba\u03b1\u03c4\u03ac\u03c1\u03c4\u03b9\u03c3\u03b7<\/h3>\n\n\n\n<p>\u0394\u03b5\u03bd \u03b1\u03c0\u03b1\u03b9\u03c4\u03b5\u03af\u03c4\u03b1\u03b9 \u03b5\u03b9\u03b4\u03b9\u03ba\u03ae \u03ba\u03b1\u03c4\u03ac\u03c1\u03c4\u03b9\u03c3\u03b7 \u03b3\u03b9\u03b1 \u03c4\u03b7\u03bd \u03b5\u03ba\u03c4\u03ad\u03bb\u03b5\u03c3\u03b7 \u03c4\u03c9\u03bd \u03b4\u03b7\u03bc\u03b9\u03bf\u03c5\u03c1\u03b3\u03b9\u03ba\u03ce\u03bd \u03bc\u03b1\u03b8\u03b7\u03bc\u03ac\u03c4\u03c9\u03bd, \u03b1\u03bb\u03bb\u03ac \u03b7 \u03b5\u03bc\u03c0\u03b5\u03b9\u03c1\u03af\u03b1 \u03b8\u03b1 \u03c0\u03c1\u03ad\u03c0\u03b5\u03b9 \u03bd\u03b1 \u03b5\u03af\u03bd\u03b1\u03b9 \u03b4\u03b9\u03b1\u03b8\u03ad\u03c3\u03b9\u03bc\u03b7 \u03b1\u03bd\u03ac\u03bb\u03bf\u03b3\u03b1 \u03bc\u03b5 \u03c4\u03bf \u03c0\u03b5\u03c1\u03b9\u03b5\u03c7\u03cc\u03bc\u03b5\u03bd\u03bf \u03c4\u03bf\u03c5 \u03bc\u03b1\u03b8\u03ae\u03bc\u03b1\u03c4\u03bf\u03c2 (\u03c7\u03bf\u03c1\u03cc\u03c2, \u03b3\u03bb\u03ce\u03c3\u03c3\u03b1 \u03ba.\u03bb\u03c0.).<\/p>\n\n\n\n<p>Yameen Al Shumali<br>&nbsp;<a href=\"mailto:weiterbildung@ibz-bielefeld.de\">weiterbildung@ibz-bielefeld.de<\/a><br>&nbsp;0521\/5219037<\/p>\n\n\n\n<h3 class=\"wp-block-heading\">\u03a0\u03bf\u03bb\u03b9\u03c4\u03b9\u03ba\u03ae \u03ba\u03b1\u03c4\u03ac\u03c1\u03c4\u03b9\u03c3\u03b7<\/h3>\n\n\n\n<p>\u0393\u03b9\u03b1 \u03bd\u03b1 \u03b4\u03b9\u03b4\u03ac\u03be\u03b5\u03c4\u03b5 \u03c4\u03b1 \u03bc\u03b1\u03b8\u03ae\u03bc\u03b1\u03c4\u03b1, \u03c4\u03bf \u03c0\u03c4\u03c5\u03c7\u03af\u03bf (\u03ae \u03c5\u03c8\u03b7\u03bb\u03cc\u03c4\u03b5\u03c1\u03bf) \u03ba\u03b1\u03b9 \u03b7 \u03b5\u03bc\u03c0\u03b5\u03b9\u03c1\u03af\u03b1 \u03c3\u03cd\u03bc\u03c6\u03c9\u03bd\u03b1 \u03bc\u03b5 \u03c4\u03bf \u03b1\u03bd\u03c4\u03af\u03c3\u03c4\u03bf\u03b9\u03c7\u03bf \u03b8\u03ad\u03bc\u03b1 (\u03c0.\u03c7. \u03bc\u03b5 \u03b5\u03b8\u03b5\u03bb\u03bf\u03bd\u03c4\u03b9\u03c3\u03bc\u03cc) \u03b5\u03af\u03bd\u03b1\u03b9 \u03b5\u03c0\u03c9\u03c6\u03b5\u03bb\u03ae.<\/p>\n\n\n\n<p>\u03b7 \u03a3\u03ac\u03c1\u03b1 \u0391\u03bd\u03c4\u03ac\u03bc\u03b1<br>&nbsp;<a href=\"mailto:politische.bildung@ibz-bielefeld.de\">politische.bildung@ibz-bielefeld.de<\/a><br>&nbsp;0521\/5219034<\/p>\n\n\n\n<h3 class=\"wp-block-heading\">\u03a6\u03cc\u03c1\u03bf\u03c5\u03bc \u03bc\u03ac\u03b8\u03b7\u03c3\u03b7\u03c2<\/h3>\n\n\n\n<p>\u039f\u03b9 \u03c6\u03bf\u03b9\u03c4\u03b7\u03c4\u03ad\u03c2 \u03bc\u03b5 \u03c4\u03b9\u03c2 \u03ba\u03b1\u03c4\u03ac\u03bb\u03bb\u03b7\u03bb\u03b5\u03c2 \u03c3\u03c0\u03bf\u03c5\u03b4\u03ad\u03c2 (Mathe, \u03b3\u03b5\u03c1\u03bc\u03b1\u03bd\u03b9\u03ba\u03ac, \u03b1\u03b3\u03b3\u03bb\u03b9\u03ba\u03ac) \u03b5\u03af\u03bd\u03b1\u03b9 \u03b5\u03c5\u03c0\u03c1\u03cc\u03c3\u03b4\u03b5\u03ba\u03c4\u03bf\u03b9.<\/p>\n\n\n\n<p>\u03bf \u0393\u03b9\u03bf\u03c5\u03bd\u03ad\u03c2 \u039d\u03b1\u03bd\u03c4\u03af\u03c1<br>&nbsp;<a href=\"mailto:kinderundjugend@ibz-bielefeld.de\">kinderundjugend@ibz-bielefeld.de<\/a><br>&nbsp;0521\/5219036<\/p>\n\n\n\n<h3 class=\"wp-block-heading\">\u03c0\u03c1\u03b1\u03ba\u03c4\u03b9\u03ba\u03ae \u03ac\u03c3\u03ba\u03b7\u03c3\u03b7<\/h3>\n\n\n\n<p>\u03a0\u03c1\u03bf\u03c3\u03c6\u03ad\u03c1\u03bf\u03c5\u03bc\u03b5 \u03c4\u03b7\u03bd \u03b5\u03c5\u03ba\u03b1\u03b9\u03c1\u03af\u03b1 \u03bd\u03b1 \u03ba\u03ac\u03bd\u03bf\u03c5\u03bc\u03b5 \u03c0\u03c1\u03b1\u03ba\u03c4\u03b9\u03ba\u03ae \u03ac\u03c3\u03ba\u03b7\u03c3\u03b7 \u03c3\u03b5 \u03cc\u03bb\u03bf\u03c5\u03c2 \u03c4\u03bf\u03c5\u03c2 \u03c4\u03bf\u03bc\u03b5\u03af\u03c2 \u03c4\u03b7\u03c2 \u03b5\u03c4\u03b1\u03b9\u03c1\u03b5\u03af\u03b1\u03c2 \u03bc\u03b1\u03c2, \u03b5\u03af\u03c4\u03b5 \u03b5\u03b8\u03b5\u03bb\u03bf\u03bd\u03c4\u03b9\u03ba\u03ae \u03b5\u03af\u03c4\u03b5 \u03c5\u03c0\u03bf\u03c7\u03c1\u03b5\u03c9\u03c4\u03b9\u03ba\u03ae. \u0397 \u03c0\u03c1\u03b1\u03ba\u03c4\u03b9\u03ba\u03ae \u03ac\u03c3\u03ba\u03b7\u03c3\u03b7 \u03b3\u03b9\u03b1 \u03c4\u03bf\u03c5\u03c2 \u03c6\u03bf\u03b9\u03c4\u03b7\u03c4\u03ad\u03c2 DaF \u03b5\u03af\u03bd\u03b1\u03b9 \u03b4\u03c5\u03bd\u03b1\u03c4\u03ae \u03c3\u03c4\u03bf \u03c4\u03bc\u03ae\u03bc\u03b1 \u03ad\u03bd\u03c4\u03b1\u03be\u03b7\u03c2.<\/p>\n\n\n\n<p>\u03a0\u03b1\u03c1\u03b1\u03ba\u03b1\u03bb\u03bf\u03cd\u03bc\u03b5 \u03b5\u03c0\u03b9\u03ba\u03bf\u03b9\u03bd\u03c9\u03bd\u03ae\u03c3\u03c4\u03b5 \u03bc\u03b5 \u03c4\u03bf \u03b1\u03bd\u03c4\u03af\u03c3\u03c4\u03bf\u03b9\u03c7\u03bf \u03c4\u03bc\u03ae\u03bc\u03b1 \u03bc\u03ad\u03c3\u03c9 e-mail \u03ae \u03c4\u03b7\u03bb\u03b5\u03c6\u03ce\u03bd\u03bf\u03c5.<br>\u0397 \u03b4\u03b9\u03b1\u03c6\u03bf\u03c1\u03b5\u03c4\u03b9\u03ba\u03cc\u03c4\u03b7\u03c4\u03b1 \u03b5\u03af\u03bd\u03b1\u03b9 \u03b7 \u03b2\u03ac\u03c3\u03b7 \u03c4\u03bf\u03c5 \u03b8\u03b5\u03c3\u03bc\u03bf\u03cd \u03bc\u03b1\u03c2. \u03a7\u03b1\u03b9\u03c1\u03b5\u03c4\u03af\u03b6\u03bf\u03c5\u03bc\u03b5 \u03cc\u03bb\u03b5\u03c2 \u03c4\u03b9\u03c2 \u03b1\u03b9\u03c4\u03ae\u03c3\u03b5\u03b9\u03c2, \u03b1\u03bd\u03b5\u03be\u03ac\u03c1\u03c4\u03b7\u03c4\u03b1 \u03b1\u03c0\u03cc \u03c4\u03b7\u03bd \u03ba\u03b1\u03c4\u03b1\u03b3\u03c9\u03b3\u03ae, \u03c4\u03bf \u03c6\u03cd\u03bb\u03bf, \u03c4\u03bf\u03bd \u03c3\u03b5\u03be\u03bf\u03c5\u03b1\u03bb\u03b9\u03ba\u03cc \u03c0\u03c1\u03bf\u03c3\u03b1\u03bd\u03b1\u03c4\u03bf\u03bb\u03b9\u03c3\u03bc\u03cc, \u03c4\u03b7\u03bd \u03b5\u03b8\u03bd\u03b9\u03ba\u03cc\u03c4\u03b7\u03c4\u03b1, \u03c4\u03b7 \u03b8\u03c1\u03b7\u03c3\u03ba\u03b5\u03af\u03b1 \/ \u03c0\u03af\u03c3\u03c4\u03b7, \u03c4\u03b7\u03bd \u03b7\u03bb\u03b9\u03ba\u03af\u03b1, \u03c4\u03b7 \u03c3\u03c9\u03bc\u03b1\u03c4\u03b9\u03ba\u03ae \u03b9\u03ba\u03b1\u03bd\u03cc\u03c4\u03b7\u03c4\u03b1 \u03ba\u03b1\u03b9 \u03c4\u03b7\u03bd \u03c4\u03b1\u03c5\u03c4\u03cc\u03c4\u03b7\u03c4\u03b1. \u0395\u03ac\u03bd \u03b5\u03af\u03c3\u03c4\u03b5 \u03c1\u03b1\u03c4\u03c3\u03b9\u03c3\u03c4\u03ae\u03c2, \u03b1\u03bd\u03c4\u03b9\u03c3\u03b7\u03bc\u03af\u03c4\u03b7\u03c2, \u03b9\u03c3\u03bb\u03b1\u03bc\u03bf\u03c6\u03bf\u03b2\u03b9\u03ba\u03cc\u03c2, \u03bc\u03b9\u03c3\u03bf\u03b3\u03c5\u03bd\u03b9\u03c3\u03c4\u03ae\u03c2 \u03ae \u03bf\u03bc\u03bf\u03c6\u03bf\u03b2\u03b9\u03ba\u03cc\u03c2 \u03ae \u03ad\u03c7\u03b5\u03c4\u03b5 \u03ac\u03bb\u03bb\u03b5\u03c2 \u03b1\u03c0\u03cc\u03c8\u03b5\u03b9\u03c2 \u03c0\u03bf\u03c5 \u03b5\u03b9\u03c3\u03ac\u03b3\u03bf\u03c5\u03bd \u03b4\u03b9\u03b1\u03ba\u03c1\u03af\u03c3\u03b5\u03b9\u03c2, \u03b4\u03b5\u03bd \u03b5\u03af\u03bc\u03b1\u03c3\u03c4\u03b5 \u03bf \u03c3\u03c9\u03c3\u03c4\u03cc\u03c2 \u03b5\u03c1\u03b3\u03bf\u03b4\u03cc\u03c4\u03b7\u03c2 \u03b3\u03b9\u03b1 \u03b5\u03c3\u03ac\u03c2.<\/p>\n\n\n\n<p>\u0393\u03b9\u03b1 \u03b3\u03b5\u03bd\u03b9\u03ba\u03ad\u03c2 \u03b5\u03c1\u03c9\u03c4\u03ae\u03c3\u03b5\u03b9\u03c2, \u03b5\u03c0\u03b9\u03ba\u03bf\u03b9\u03bd\u03c9\u03bd\u03ae\u03c3\u03c4\u03b5 \u03bc\u03b5:<\/p>\n\n\n\n<p>\u03b7 \u0393\u03b9\u03bf\u03c7\u03ac\u03bd\u03b1 \u0391\u03bb \u03a3\u03bf\u03c5\u03bc\u03ac\u03bb\u03b9<br>\u03b4\u03b9\u03b1\u03c7\u03b5\u03af\u03c1\u03b9\u03c3\u03b7<br>&nbsp;0521\/5219033<br>&nbsp;<a href=\"mailto:leitung@ibz-bielefeld.de\">leitung@ibz-bielefeld.de<\/a><\/p>","protected":false},"excerpt":{"rendered":"<p>Honorarkraft Das IBZ sucht stets neue Mitarbeitende als Lehrkraft f\u00fcr unser vielf\u00e4ltiges Kursangebot. Wir freuen uns \u00fcber neue Kurs- und Workshopkonzepte.Alle Dozierende arbeiten bei uns auf Honorarbasis.Bei Interesse wenden Sie&#8230;<\/p>","protected":false},"author":2,"featured_media":0,"parent":0,"menu_order":0,"comment_status":"closed","ping_status":"closed","template":"template-parts\/About Sections.php","meta":{"_acf_changed":false,"footnotes":""},"ibz_department":[],"class_list":["post-2044","page","type-page","status-publish","hentry"],"acf":[],"_links":{"self":[{"href":"https:\/\/ibz-bielefeld.de\/el\/wp-json\/wp\/v2\/pages\/2044","targetHints":{"allow":["GET"]}}],"collection":[{"href":"https:\/\/ibz-bielefeld.de\/el\/wp-json\/wp\/v2\/pages"}],"about":[{"href":"https:\/\/ibz-bielefeld.de\/el\/wp-json\/wp\/v2\/types\/page"}],"author":[{"embeddable":true,"href":"https:\/\/ibz-bielefeld.de\/el\/wp-json\/wp\/v2\/users\/2"}],"replies":[{"embeddable":true,"href":"https:\/\/ibz-bielefeld.de\/el\/wp-json\/wp\/v2\/comments?post=2044"}],"version-history":[{"count":1,"href":"https:\/\/ibz-bielefeld.de\/el\/wp-json\/wp\/v2\/pages\/2044\/revisions"}],"predecessor-version":[{"id":5149,"href":"https:\/\/ibz-bielefeld.de\/el\/wp-json\/wp\/v2\/pages\/2044\/revisions\/5149"}],"wp:attachment":[{"href":"https:\/\/ibz-bielefeld.de\/el\/wp-json\/wp\/v2\/media?parent=2044"}],"wp:term":[{"taxonomy":"ibz_department","embeddable":true,"href":"https:\/\/ibz-bielefeld.de\/el\/wp-json\/wp\/v2\/ibz_department?post=2044"}],"curies":[{"name":"wp","href":"https:\/\/api.w.org\/{rel}","templated":true}]}}