{"id":2046,"date":"2025-08-04T14:31:10","date_gmt":"2025-08-04T12:31:10","guid":{"rendered":"https:\/\/ibz-bielefeld.de\/?page_id=2046"},"modified":"2026-03-26T22:27:27","modified_gmt":"2026-03-26T21:27:27","slug":"spende","status":"publish","type":"page","link":"https:\/\/ibz-bielefeld.de\/el\/spende\/","title":{"rendered":"\u03b4\u03c9\u03c1\u03b5\u03ac"},"content":{"rendered":"<p>\u03a0\u03c1\u03bf\u03ba\u03b5\u03b9\u03bc\u03ad\u03bd\u03bf\u03c5 \u03bd\u03b1 \u03b2\u03b5\u03bb\u03c4\u03b9\u03ce\u03bd\u03bf\u03c5\u03bc\u03b5 \u03c3\u03c5\u03bd\u03b5\u03c7\u03ce\u03c2 \u03c4\u03b9\u03c2 \u03c0\u03c1\u03bf\u03c3\u03c6\u03bf\u03c1\u03ad\u03c2 \u03bc\u03b1\u03c2, \u03bd\u03b1 \u03c3\u03c7\u03b5\u03b4\u03b9\u03ac\u03b6\u03bf\u03c5\u03bc\u03b5 \u03bc\u03b5 \u03b2\u03b9\u03ce\u03c3\u03b9\u03bc\u03bf \u03c4\u03c1\u03cc\u03c0\u03bf \u03ba\u03b1\u03b9 \u03bd\u03b1 \u03c4\u03b9\u03c2 \u03b4\u03b9\u03b1\u03c7\u03b5\u03b9\u03c1\u03b9\u03b6\u03cc\u03bc\u03b1\u03c3\u03c4\u03b5 \u03c5\u03c0\u03b5\u03cd\u03b8\u03c5\u03bd\u03b1, \u03b1\u03bd\u03c5\u03c0\u03bf\u03bc\u03bf\u03bd\u03bf\u03cd\u03bc\u03b5 \u03bd\u03b1 \u03bb\u03ac\u03b2\u03bf\u03c5\u03bc\u03b5 \u03c4\u03b7 \u03b4\u03c9\u03c1\u03b5\u03ac \u03c3\u03b1\u03c2. \u03a6\u03c5\u03c3\u03b9\u03ba\u03ac, \u03b8\u03b1 \u03bb\u03ac\u03b2\u03b5\u03c4\u03b5 \u03c0\u03b9\u03c3\u03c4\u03bf\u03c0\u03bf\u03b9\u03b7\u03c4\u03b9\u03ba\u03cc \u03b4\u03c9\u03c1\u03b5\u03ac\u03c2 \u03b3\u03b9\u03b1 \u03b4\u03c9\u03c1\u03b5\u03ac \u03c0\u03bf\u03c5 \u03b5\u03ba\u03c0\u03af\u03c0\u03c4\u03b5\u03b9 \u03b1\u03c0\u03cc \u03c4\u03bf\u03bd \u03c6\u03cc\u03c1\u03bf \u03c3\u03b5 \u03bc\u03b7 \u03ba\u03b5\u03c1\u03b4\u03bf\u03c3\u03ba\u03bf\u03c0\u03b9\u03ba\u03cc \u03c3\u03c9\u03bc\u03b1\u03c4\u03b5\u03af\u03bf \u03c3\u03cd\u03bc\u03c6\u03c9\u03bd\u03b1 \u03bc\u03b5 \u03c4\u03bf \u03ac\u03c1\u03b8\u03c1\u03bf 52 \u03c4\u03bf\u03c5 AO. \u0393\u03b9\u03b1 \u03b1\u03c5\u03c4\u03cc \u03c7\u03c1\u03b5\u03b9\u03b1\u03b6\u03cc\u03bc\u03b1\u03c3\u03c4\u03b5 \u03c4\u03b7\u03bd \u03c0\u03bb\u03ae\u03c1\u03b7 \u03b4\u03b9\u03b5\u03cd\u03b8\u03c5\u03bd\u03c3\u03ae \u03c3\u03b1\u03c2.<\/p>\n\n\n\n<h2 class=\"wp-block-heading\">\u03a4\u03b1 \u03c4\u03c1\u03b1\u03c0\u03b5\u03b6\u03b9\u03ba\u03ac \u03bc\u03b1\u03c2 \u03c3\u03c4\u03bf\u03b9\u03c7\u03b5\u03af\u03b1<\/h2>\n\n\n\n<p>Sparkasse Bielefeld<br>\u0394\u03b9\u03b5\u03b8\u03bd\u03ad\u03c2 \u03a3\u03c5\u03bd\u03b5\u03b4\u03c1\u03b9\u03b1\u03ba\u03cc \u039a\u03ad\u03bd\u03c4\u03c1\u03bf Peace House e.V.<br>\u0399\u0392\u0391\u039d: DE31480501610073005613<br>BIC: SPBIDE3BXXX<br><\/p>\n\n\n\n<figure class=\"wp-block-image size-full is-resized is-style-default\"><img loading=\"lazy\" decoding=\"async\" width=\"470\" height=\"527\" src=\"https:\/\/ibz-bielefeld.de\/wp-content\/uploads\/2025\/10\/webseite_tests-20.png\" alt=\"\" class=\"wp-image-4109\" style=\"object-fit:contain;width:250px;height:250px\" srcset=\"https:\/\/ibz-bielefeld.de\/wp-content\/uploads\/2025\/10\/webseite_tests-20.png 470w, https:\/\/ibz-bielefeld.de\/wp-content\/uploads\/2025\/10\/webseite_tests-20-268x300.png 268w, https:\/\/ibz-bielefeld.de\/wp-content\/uploads\/2025\/10\/webseite_tests-20-11x12.png 11w\" sizes=\"auto, (max-width: 470px) 100vw, 470px\" \/><\/figure>\n\n\n\n<p><\/p>\n\n\n\n<div style=\"height:24px\" aria-hidden=\"true\" class=\"wp-block-spacer\"><\/div>","protected":false},"excerpt":{"rendered":"<p>Um unsere Angebote stetig zu verbessern, nachhaltig zu planen und verantwortlich zu wirtschaften, freuen wir uns \u00fcber deine Spende. Selbstverst\u00e4ndlich bekommen sie eine Spendenbescheinigung f\u00fcr eine steuerlich abzugsf\u00e4hige Spende an&#8230;<\/p>","protected":false},"author":2,"featured_media":0,"parent":0,"menu_order":0,"comment_status":"closed","ping_status":"closed","template":"template-parts\/About Sections.php","meta":{"_acf_changed":false,"footnotes":""},"ibz_department":[],"class_list":["post-2046","page","type-page","status-publish","hentry"],"acf":[],"_links":{"self":[{"href":"https:\/\/ibz-bielefeld.de\/el\/wp-json\/wp\/v2\/pages\/2046","targetHints":{"allow":["GET"]}}],"collection":[{"href":"https:\/\/ibz-bielefeld.de\/el\/wp-json\/wp\/v2\/pages"}],"about":[{"href":"https:\/\/ibz-bielefeld.de\/el\/wp-json\/wp\/v2\/types\/page"}],"author":[{"embeddable":true,"href":"https:\/\/ibz-bielefeld.de\/el\/wp-json\/wp\/v2\/users\/2"}],"replies":[{"embeddable":true,"href":"https:\/\/ibz-bielefeld.de\/el\/wp-json\/wp\/v2\/comments?post=2046"}],"version-history":[{"count":0,"href":"https:\/\/ibz-bielefeld.de\/el\/wp-json\/wp\/v2\/pages\/2046\/revisions"}],"wp:attachment":[{"href":"https:\/\/ibz-bielefeld.de\/el\/wp-json\/wp\/v2\/media?parent=2046"}],"wp:term":[{"taxonomy":"ibz_department","embeddable":true,"href":"https:\/\/ibz-bielefeld.de\/el\/wp-json\/wp\/v2\/ibz_department?post=2046"}],"curies":[{"name":"wp","href":"https:\/\/api.w.org\/{rel}","templated":true}]}}