{"id":2044,"date":"2025-08-04T14:31:03","date_gmt":"2025-08-04T12:31:03","guid":{"rendered":"https:\/\/ibz-bielefeld.de\/?page_id=2044"},"modified":"2026-04-23T13:29:55","modified_gmt":"2026-04-23T11:29:55","slug":"jobs","status":"publish","type":"page","link":"https:\/\/ibz-bielefeld.de\/en\/jobs\/","title":{"rendered":"jobs"},"content":{"rendered":"<p><br><br><strong>Honorary power<\/strong><\/p>\n\n\n\n<p>The IBZ is always looking for new employees as a teacher for our diverse range of courses. We are looking forward to new course and workshop concepts.<br>All lecturers work with us on a fee basis.<br>If you are interested, please contact the relevant department heads.<br>Diversity is the basis of our institution. We welcome all applications, regardless of origin, gender, sexual orientation, nationality, religion\/belief, age, physical ability and identity.<br>If you are racist, anti-Semitic, Islamophobic, misogynist or homophobic, or have other discriminatory views, we are not the right client for you.<\/p>\n\n\n\n<h3 class=\"wp-block-heading\">German course department<\/h3>\n\n\n\n<p>BAMF approval is a prerequisite for teaching integration courses. First experiences are desirable, but not a condition.<\/p>\n\n\n\n<p>Yameen Al Shumali<br>&nbsp;<a href=\"mailto:weiterbildung@ibz-bielefeld.de\">weiterbildung@ibz-bielefeld.de<\/a><br>&nbsp;0521\/5219037<\/p>\n\n\n\n<h3 class=\"wp-block-heading\">General training<\/h3>\n\n\n\n<p>No special training is necessary for the execution of the creative courses, but experience should be available depending on the content of the course (dance, language, etc.).<\/p>\n\n\n\n<p>Yameen Al Shumali<br>&nbsp;<a href=\"mailto:weiterbildung@ibz-bielefeld.de\">weiterbildung@ibz-bielefeld.de<\/a><br>&nbsp;0521\/5219037<\/p>\n\n\n\n<h3 class=\"wp-block-heading\">Political training<\/h3>\n\n\n\n<p>To teach the courses, a bachelor's degree (or higher) and experience according to the respective topic (e.g. by volunteering) are advantageous.<\/p>\n\n\n\n<p>Sarah Adameh<br>&nbsp;<a href=\"mailto:politische.bildung@ibz-bielefeld.de\">politische.bildung@ibz-bielefeld.de<\/a><br>&nbsp;0521\/5219034<\/p>\n\n\n\n<h3 class=\"wp-block-heading\">Learning forums<\/h3>\n\n\n\n<p>Students with appropriate studies (Mathe, German, English) are welcome.<\/p>\n\n\n\n<p>Younes Nadir<br>&nbsp;<a href=\"mailto:kinderundjugend@ibz-bielefeld.de\">kinderundjugend@ibz-bielefeld.de<\/a><br>&nbsp;0521\/5219036<\/p>\n\n\n\n<h3 class=\"wp-block-heading\">internship<\/h3>\n\n\n\n<p>We offer the opportunity to do an internship in all areas of our company, whether voluntary or compulsory. The internship for DaF students is possible in the integration department.<\/p>\n\n\n\n<p><strong>Please contact the respective department by e-mail or telephone.<\/strong><br>Diversity is the basis of our institution. We welcome all applications, regardless of origin, gender, sexual orientation, nationality, religion\/belief, age, physical ability and identity. If you are racist, anti-Semitic, Islamophobic, misogynist or homophobic, or have other discriminatory views, we are not the right employer for you.<\/p>\n\n\n\n<p><\/p>","protected":false},"excerpt":{"rendered":"<p>Honorarkraft Das IBZ sucht stets neue Mitarbeitende als Lehrkraft f\u00fcr unser vielf\u00e4ltiges Kursangebot. Wir freuen uns \u00fcber neue Kurs- und Workshopkonzepte.Alle Dozierende arbeiten bei uns auf Honorarbasis.Bei Interesse wenden Sie&#8230;<\/p>","protected":false},"author":2,"featured_media":0,"parent":0,"menu_order":0,"comment_status":"closed","ping_status":"closed","template":"template-parts\/About Sections.php","meta":{"_acf_changed":false,"footnotes":""},"ibz_department":[],"class_list":["post-2044","page","type-page","status-publish","hentry"],"acf":[],"_links":{"self":[{"href":"https:\/\/ibz-bielefeld.de\/en\/wp-json\/wp\/v2\/pages\/2044","targetHints":{"allow":["GET"]}}],"collection":[{"href":"https:\/\/ibz-bielefeld.de\/en\/wp-json\/wp\/v2\/pages"}],"about":[{"href":"https:\/\/ibz-bielefeld.de\/en\/wp-json\/wp\/v2\/types\/page"}],"author":[{"embeddable":true,"href":"https:\/\/ibz-bielefeld.de\/en\/wp-json\/wp\/v2\/users\/2"}],"replies":[{"embeddable":true,"href":"https:\/\/ibz-bielefeld.de\/en\/wp-json\/wp\/v2\/comments?post=2044"}],"version-history":[{"count":2,"href":"https:\/\/ibz-bielefeld.de\/en\/wp-json\/wp\/v2\/pages\/2044\/revisions"}],"predecessor-version":[{"id":5217,"href":"https:\/\/ibz-bielefeld.de\/en\/wp-json\/wp\/v2\/pages\/2044\/revisions\/5217"}],"wp:attachment":[{"href":"https:\/\/ibz-bielefeld.de\/en\/wp-json\/wp\/v2\/media?parent=2044"}],"wp:term":[{"taxonomy":"ibz_department","embeddable":true,"href":"https:\/\/ibz-bielefeld.de\/en\/wp-json\/wp\/v2\/ibz_department?post=2044"}],"curies":[{"name":"wp","href":"https:\/\/api.w.org\/{rel}","templated":true}]}}