{"id":2046,"date":"2025-08-04T14:31:10","date_gmt":"2025-08-04T12:31:10","guid":{"rendered":"https:\/\/ibz-bielefeld.de\/?page_id=2046"},"modified":"2026-03-26T22:27:27","modified_gmt":"2026-03-26T21:27:27","slug":"spende","status":"publish","type":"page","link":"https:\/\/ibz-bielefeld.de\/en\/spende\/","title":{"rendered":"donation"},"content":{"rendered":"<p>In order to continuously improve our offers, plan sustainably and manage them responsibly, we look forward to receiving your donation. Of course, you will receive a donation certificate for a tax-deductible donation to a non-profit association according to \u00a7 52 AO. For this we need your full address.<\/p>\n\n\n\n<h2 class=\"wp-block-heading\">Our bank details<\/h2>\n\n\n\n<p>Sparkasse Bielefeld<br>International Meeting Centre Peace House e.V.<br>IBAN: DE31480501610073005613<br>BIC: SPBIDE3BXXX<br><\/p>\n\n\n\n<figure class=\"wp-block-image size-full is-resized is-style-default\"><img loading=\"lazy\" decoding=\"async\" width=\"470\" height=\"527\" src=\"https:\/\/ibz-bielefeld.de\/wp-content\/uploads\/2025\/10\/webseite_tests-20.png\" alt=\"\" class=\"wp-image-4109\" style=\"object-fit:contain;width:250px;height:250px\" srcset=\"https:\/\/ibz-bielefeld.de\/wp-content\/uploads\/2025\/10\/webseite_tests-20.png 470w, https:\/\/ibz-bielefeld.de\/wp-content\/uploads\/2025\/10\/webseite_tests-20-268x300.png 268w, https:\/\/ibz-bielefeld.de\/wp-content\/uploads\/2025\/10\/webseite_tests-20-11x12.png 11w\" sizes=\"auto, (max-width: 470px) 100vw, 470px\" \/><\/figure>\n\n\n\n<p><\/p>\n\n\n\n<div style=\"height:24px\" aria-hidden=\"true\" class=\"wp-block-spacer\"><\/div>","protected":false},"excerpt":{"rendered":"<p>Um unsere Angebote stetig zu verbessern, nachhaltig zu planen und verantwortlich zu wirtschaften, freuen wir uns \u00fcber deine Spende. Selbstverst\u00e4ndlich bekommen sie eine Spendenbescheinigung f\u00fcr eine steuerlich abzugsf\u00e4hige Spende an&#8230;<\/p>","protected":false},"author":2,"featured_media":0,"parent":0,"menu_order":0,"comment_status":"closed","ping_status":"closed","template":"template-parts\/About Sections.php","meta":{"_acf_changed":false,"footnotes":""},"ibz_department":[],"class_list":["post-2046","page","type-page","status-publish","hentry"],"acf":[],"_links":{"self":[{"href":"https:\/\/ibz-bielefeld.de\/en\/wp-json\/wp\/v2\/pages\/2046","targetHints":{"allow":["GET"]}}],"collection":[{"href":"https:\/\/ibz-bielefeld.de\/en\/wp-json\/wp\/v2\/pages"}],"about":[{"href":"https:\/\/ibz-bielefeld.de\/en\/wp-json\/wp\/v2\/types\/page"}],"author":[{"embeddable":true,"href":"https:\/\/ibz-bielefeld.de\/en\/wp-json\/wp\/v2\/users\/2"}],"replies":[{"embeddable":true,"href":"https:\/\/ibz-bielefeld.de\/en\/wp-json\/wp\/v2\/comments?post=2046"}],"version-history":[{"count":0,"href":"https:\/\/ibz-bielefeld.de\/en\/wp-json\/wp\/v2\/pages\/2046\/revisions"}],"wp:attachment":[{"href":"https:\/\/ibz-bielefeld.de\/en\/wp-json\/wp\/v2\/media?parent=2046"}],"wp:term":[{"taxonomy":"ibz_department","embeddable":true,"href":"https:\/\/ibz-bielefeld.de\/en\/wp-json\/wp\/v2\/ibz_department?post=2046"}],"curies":[{"name":"wp","href":"https:\/\/api.w.org\/{rel}","templated":true}]}}