{"id":1720,"date":"2025-07-26T18:52:22","date_gmt":"2025-07-26T16:52:22","guid":{"rendered":"https:\/\/ibz-bielefeld.de\/?page_id=1720"},"modified":"2026-04-22T10:57:30","modified_gmt":"2026-04-22T08:57:30","slug":"leitbild","status":"publish","type":"page","link":"https:\/\/ibz-bielefeld.de\/es\/leitbild\/","title":{"rendered":"Declaraci\u00f3n de misi\u00f3n &amp; Objetivos"},"content":{"rendered":"<p>El IBZ aboga por la plena participaci\u00f3n social, social, pol\u00edtica y cultural de todas las personas. Nos oponemos firmemente a todas las formas de racismo, discriminaci\u00f3n y exclusi\u00f3n social.<\/p>\n\n\n\n<p>Los objetivos de la IBZ son la igualdad de derechos y oportunidades, as\u00ed como la plena participaci\u00f3n en los bienes y libertades de una sociedad abierta y social, independientemente del origen o el plan de vida personal. El equilibrio social, la justicia distributiva global, la participaci\u00f3n y el derecho a la libertad de movimiento son tanto un foco del trabajo de la IBZ como la integraci\u00f3n y el derecho al asilo y al antirracismo. El IBZ est\u00e1 abierto a la cooperaci\u00f3n con individuos y grupos comprometidos con estos objetivos.<\/p>","protected":false},"excerpt":{"rendered":"<p>Das IBZ tritt f\u00fcr die volle gesellschaftliche, soziale, politische und kulturelle Partizipation aller Menschen ein. Wir wenden uns entschieden gegen alle Formen von Rassismus, Diskriminierung und sozialer Ausgrenzung. Die Ziele&#8230;<\/p>","protected":false},"author":2,"featured_media":0,"parent":0,"menu_order":0,"comment_status":"closed","ping_status":"closed","template":"template-parts\/About Sections.php","meta":{"_acf_changed":false,"footnotes":""},"ibz_department":[],"class_list":["post-1720","page","type-page","status-publish","hentry"],"acf":[],"_links":{"self":[{"href":"https:\/\/ibz-bielefeld.de\/es\/wp-json\/wp\/v2\/pages\/1720","targetHints":{"allow":["GET"]}}],"collection":[{"href":"https:\/\/ibz-bielefeld.de\/es\/wp-json\/wp\/v2\/pages"}],"about":[{"href":"https:\/\/ibz-bielefeld.de\/es\/wp-json\/wp\/v2\/types\/page"}],"author":[{"embeddable":true,"href":"https:\/\/ibz-bielefeld.de\/es\/wp-json\/wp\/v2\/users\/2"}],"replies":[{"embeddable":true,"href":"https:\/\/ibz-bielefeld.de\/es\/wp-json\/wp\/v2\/comments?post=1720"}],"version-history":[{"count":3,"href":"https:\/\/ibz-bielefeld.de\/es\/wp-json\/wp\/v2\/pages\/1720\/revisions"}],"predecessor-version":[{"id":5187,"href":"https:\/\/ibz-bielefeld.de\/es\/wp-json\/wp\/v2\/pages\/1720\/revisions\/5187"}],"wp:attachment":[{"href":"https:\/\/ibz-bielefeld.de\/es\/wp-json\/wp\/v2\/media?parent=1720"}],"wp:term":[{"taxonomy":"ibz_department","embeddable":true,"href":"https:\/\/ibz-bielefeld.de\/es\/wp-json\/wp\/v2\/ibz_department?post=1720"}],"curies":[{"name":"wp","href":"https:\/\/api.w.org\/{rel}","templated":true}]}}