{"id":2044,"date":"2025-08-04T14:31:03","date_gmt":"2025-08-04T12:31:03","guid":{"rendered":"https:\/\/ibz-bielefeld.de\/?page_id=2044"},"modified":"2026-04-16T20:45:47","modified_gmt":"2026-04-16T18:45:47","slug":"jobs","status":"publish","type":"page","link":"https:\/\/ibz-bielefeld.de\/es\/jobs\/","title":{"rendered":"trabajos"},"content":{"rendered":"<p><br><br><strong>Poder honorario<\/strong><\/p>\n\n\n\n<p>El IBZ siempre est\u00e1 buscando nuevos empleados como profesor para nuestra amplia gama de cursos. Esperamos nuevos conceptos de cursos y talleres.<br>Todos los profesores trabajan con nosotros sobre una base de honorarios.<br>Si est\u00e1 interesado, p\u00f3ngase en contacto con los jefes de departamento pertinentes.<br>La diversidad es la base de nuestra instituci\u00f3n. Damos la bienvenida a todas las solicitudes, independientemente de su origen, g\u00e9nero, orientaci\u00f3n sexual, nacionalidad, religi\u00f3n \/ creencia, edad, capacidad f\u00edsica e identidad.<br>Si usted es racista, antisemita, islam\u00f3fobo, mis\u00f3gino u homof\u00f3bico, o tiene otros puntos de vista discriminatorios, no somos el cliente adecuado para usted.<\/p>\n\n\n\n<h3 class=\"wp-block-heading\">Departamento de cursos de alem\u00e1n<\/h3>\n\n\n\n<p>La aprobaci\u00f3n de BAMF es un requisito previo para la ense\u00f1anza de cursos de integraci\u00f3n. Las primeras experiencias son deseables, pero no una condici\u00f3n.<\/p>\n\n\n\n<p>Yameen Al Shumali<br>&nbsp;<a href=\"mailto:weiterbildung@ibz-bielefeld.de\">weiterbildung@ibz-bielefeld.de<\/a><br>&nbsp;0521\/5219037<\/p>\n\n\n\n<h3 class=\"wp-block-heading\">Formaci\u00f3n general<\/h3>\n\n\n\n<p>No es necesaria ninguna formaci\u00f3n especial para la ejecuci\u00f3n de los cursos creativos, pero la experiencia debe estar disponible en funci\u00f3n del contenido del curso (danza, idioma, etc.).<\/p>\n\n\n\n<p>Yameen Al Shumali<br>&nbsp;<a href=\"mailto:weiterbildung@ibz-bielefeld.de\">weiterbildung@ibz-bielefeld.de<\/a><br>&nbsp;0521\/5219037<\/p>\n\n\n\n<h3 class=\"wp-block-heading\">Formaci\u00f3n pol\u00edtica<\/h3>\n\n\n\n<p>Para ense\u00f1ar los cursos, una licenciatura (o superior) y la experiencia de acuerdo con el tema respectivo (por ejemplo, por voluntariado) son ventajosas.<\/p>\n\n\n\n<p>Sarah Adameh<br>&nbsp;<a href=\"mailto:politische.bildung@ibz-bielefeld.de\">politische.bildung@ibz-bielefeld.de<\/a><br>&nbsp;0521\/5219034<\/p>\n\n\n\n<h3 class=\"wp-block-heading\">Foros de aprendizaje<\/h3>\n\n\n\n<p>Los estudiantes con estudios apropiados (Mathe, alem\u00e1n, ingl\u00e9s) son bienvenidos.<\/p>\n\n\n\n<p>Younes Nadir<br>&nbsp;<a href=\"mailto:kinderundjugend@ibz-bielefeld.de\">kinderundjugend@ibz-bielefeld.de<\/a><br>&nbsp;0521\/5219036<\/p>\n\n\n\n<h3 class=\"wp-block-heading\">pasant\u00eda<\/h3>\n\n\n\n<p>Ofrecemos la oportunidad de realizar pr\u00e1cticas en todas las \u00e1reas de nuestra empresa, ya sean voluntarias u obligatorias. La pasant\u00eda para estudiantes de DaF es posible en el departamento de integraci\u00f3n.<\/p>\n\n\n\n<p>P\u00f3ngase en contacto con el departamento correspondiente por correo electr\u00f3nico o tel\u00e9fono.<br>La diversidad es la base de nuestra instituci\u00f3n. Damos la bienvenida a todas las solicitudes, independientemente de su origen, g\u00e9nero, orientaci\u00f3n sexual, nacionalidad, religi\u00f3n \/ creencia, edad, capacidad f\u00edsica e identidad. Si usted es racista, antisemita, islam\u00f3fobo, mis\u00f3gino u homof\u00f3bico, o tiene otros puntos de vista discriminatorios, no somos el empleador adecuado para usted.<\/p>\n\n\n\n<p>Para preguntas generales, p\u00f3ngase en contacto con:<\/p>\n\n\n\n<p>Johanna Al Shumali<br>gesti\u00f3n<br>&nbsp;0521\/5219033<br>&nbsp;<a href=\"mailto:leitung@ibz-bielefeld.de\">leitung@ibz-bielefeld.de<\/a><\/p>","protected":false},"excerpt":{"rendered":"<p>Honorarkraft Das IBZ sucht stets neue Mitarbeitende als Lehrkraft f\u00fcr unser vielf\u00e4ltiges Kursangebot. Wir freuen uns \u00fcber neue Kurs- und Workshopkonzepte.Alle Dozierende arbeiten bei uns auf Honorarbasis.Bei Interesse wenden Sie&#8230;<\/p>","protected":false},"author":2,"featured_media":0,"parent":0,"menu_order":0,"comment_status":"closed","ping_status":"closed","template":"template-parts\/About Sections.php","meta":{"_acf_changed":false,"footnotes":""},"ibz_department":[],"class_list":["post-2044","page","type-page","status-publish","hentry"],"acf":[],"_links":{"self":[{"href":"https:\/\/ibz-bielefeld.de\/es\/wp-json\/wp\/v2\/pages\/2044","targetHints":{"allow":["GET"]}}],"collection":[{"href":"https:\/\/ibz-bielefeld.de\/es\/wp-json\/wp\/v2\/pages"}],"about":[{"href":"https:\/\/ibz-bielefeld.de\/es\/wp-json\/wp\/v2\/types\/page"}],"author":[{"embeddable":true,"href":"https:\/\/ibz-bielefeld.de\/es\/wp-json\/wp\/v2\/users\/2"}],"replies":[{"embeddable":true,"href":"https:\/\/ibz-bielefeld.de\/es\/wp-json\/wp\/v2\/comments?post=2044"}],"version-history":[{"count":1,"href":"https:\/\/ibz-bielefeld.de\/es\/wp-json\/wp\/v2\/pages\/2044\/revisions"}],"predecessor-version":[{"id":5149,"href":"https:\/\/ibz-bielefeld.de\/es\/wp-json\/wp\/v2\/pages\/2044\/revisions\/5149"}],"wp:attachment":[{"href":"https:\/\/ibz-bielefeld.de\/es\/wp-json\/wp\/v2\/media?parent=2044"}],"wp:term":[{"taxonomy":"ibz_department","embeddable":true,"href":"https:\/\/ibz-bielefeld.de\/es\/wp-json\/wp\/v2\/ibz_department?post=2044"}],"curies":[{"name":"wp","href":"https:\/\/api.w.org\/{rel}","templated":true}]}}