{"id":2050,"date":"2025-08-04T14:32:55","date_gmt":"2025-08-04T12:32:55","guid":{"rendered":"https:\/\/ibz-bielefeld.de\/?page_id=2050"},"modified":"2026-03-08T17:26:40","modified_gmt":"2026-03-08T16:26:40","slug":"mitglied-werden","status":"publish","type":"page","link":"https:\/\/ibz-bielefeld.de\/es\/mitglied-werden\/","title":{"rendered":"Convi\u00e9rtase en miembro"},"content":{"rendered":"<h1 class=\"wp-block-heading\"><strong>Forma parte de la IBZ: \u00a1Vivir juntos la diversidad!<\/strong><\/h1>\n\n\n\n<p>Como miembro, te conviertes en parte de nuestra colorida comunidad y apoyas un lugar donde la apertura, el respeto y el encuentro real no son solo palabras, sino la vida cotidiana.<\/p>\n\n\n\n<p><strong>Est\u00e1s moviendo algo.<\/strong><br>Con tu membres\u00eda, reforzar\u00e1s los proyectos que conectan a las personas, desde eventos culturales hasta oportunidades juveniles y apoyo a los nuevos inmigrantes.<\/p>\n\n\n\n<p><strong>Est\u00e1s en el medio de ella en lugar de s\u00f3lo all\u00ed.<\/strong><br>Puedes contribuir, ayudar a dar forma y establecer nuevos impulsos. Creativo, pol\u00edtico o social, aqu\u00ed es donde todos encuentran su lugar.<\/p>\n\n\n\n<p><strong>Experimentas diversidad.<\/strong><br>\u00a1Festivales internacionales, talleres, debates pol\u00edticos, veladas culturales, eventos infantiles y juveniles \u2026 con nosotros nunca se aburre!<\/p>\n\n\n\n<p><strong>Conoces gente excitante.<\/strong><br>En la IBZ se re\u00fanen personas de muchos pa\u00edses, con diferentes caminos de vida y objetivos comunes.<\/p>\n\n\n\n<h2 class=\"wp-block-heading\"><strong>\u00bfQu\u00e9 significa la membres\u00eda para usted?<\/strong><\/h2>\n\n\n\n<ul class=\"wp-block-list\">\n<li>Acceso a actividades conjuntas, grupos y talleres<\/li>\n\n\n\n<li>Derechos de voto para decisiones importantes en la asociaci\u00f3n<\/li>\n\n\n\n<li>Una enorme red de personas dedicadas y abiertas<\/li>\n\n\n\n<li>La buena sensaci\u00f3n de apoyar algo significativo<\/li>\n<\/ul>\n\n\n\n<h2 class=\"wp-block-heading\"><strong>\u00bfQuieres ser miembro?<\/strong><\/h2>\n\n\n\n<p>\u00a1Gran idea!<br>Escr\u00edbanos, ll\u00e1menos o simplemente venga. Esperamos verlos y trabajar juntos para crear una IBZ a\u00fan m\u00e1s vibrante.<\/p>\n\n\n\n<p><strong>Forma parte de nuestra comunidad. Convi\u00e9rtase en miembro de IBZ.<\/strong><\/p>\n\n\n\n<p>Escr\u00edbenos a <a href=\"mailto:info@ibz.bielefeld.de\">info@ibz.bielefeld.de<\/a><\/p>\n\n\n\n<p><\/p>","protected":false},"excerpt":{"rendered":"<p>Werde Teil des IBZ \u2013 Gemeinsam Vielfalt leben! Als Mitglied wirst du ein Teil unserer bunten Community und unterst\u00fctzt einen Ort, an dem Offenheit, Respekt und echte Begegnung nicht nur&#8230;<\/p>","protected":false},"author":2,"featured_media":0,"parent":0,"menu_order":0,"comment_status":"closed","ping_status":"closed","template":"template-parts\/About Sections.php","meta":{"_acf_changed":false,"footnotes":""},"ibz_department":[],"class_list":["post-2050","page","type-page","status-publish","hentry"],"acf":[],"_links":{"self":[{"href":"https:\/\/ibz-bielefeld.de\/es\/wp-json\/wp\/v2\/pages\/2050","targetHints":{"allow":["GET"]}}],"collection":[{"href":"https:\/\/ibz-bielefeld.de\/es\/wp-json\/wp\/v2\/pages"}],"about":[{"href":"https:\/\/ibz-bielefeld.de\/es\/wp-json\/wp\/v2\/types\/page"}],"author":[{"embeddable":true,"href":"https:\/\/ibz-bielefeld.de\/es\/wp-json\/wp\/v2\/users\/2"}],"replies":[{"embeddable":true,"href":"https:\/\/ibz-bielefeld.de\/es\/wp-json\/wp\/v2\/comments?post=2050"}],"version-history":[{"count":0,"href":"https:\/\/ibz-bielefeld.de\/es\/wp-json\/wp\/v2\/pages\/2050\/revisions"}],"wp:attachment":[{"href":"https:\/\/ibz-bielefeld.de\/es\/wp-json\/wp\/v2\/media?parent=2050"}],"wp:term":[{"taxonomy":"ibz_department","embeddable":true,"href":"https:\/\/ibz-bielefeld.de\/es\/wp-json\/wp\/v2\/ibz_department?post=2050"}],"curies":[{"name":"wp","href":"https:\/\/api.w.org\/{rel}","templated":true}]}}