{"id":3796,"date":"2025-09-02T10:24:48","date_gmt":"2025-09-02T08:24:48","guid":{"rendered":"https:\/\/ibz-bielefeld.de\/?page_id=3796"},"modified":"2025-09-02T10:27:02","modified_gmt":"2025-09-02T08:27:02","slug":"impressum","status":"publish","type":"page","link":"https:\/\/ibz-bielefeld.de\/es\/impressum\/","title":{"rendered":"descargo"},"content":{"rendered":"<h2 class=\"wp-block-heading\">Informaci\u00f3n seg\u00fan \u00a7 5 TMG<\/h2>\n\n\n\n<p>Centro Internacional de Reuniones Peace House e.V.<br>Calle 106 de Teutoburger<br>33607 Bielefeld<\/p>\n\n\n\n<p>Registro de asociaciones: VR 2044<br>Tribunal de registro: Tribunal de Distrito de Bielefeld<\/p>\n\n\n\n<h3 class=\"wp-block-heading\">Representado por la Junta<\/h3>\n\n\n\n<p>Viola Obasohan<br>Dr. Asma Ait Allali<br>Sven Ga\u00dfmann<\/p>\n\n\n\n<h2 class=\"wp-block-heading\">contacto<\/h2>\n\n\n\n<p>Correo electr\u00f3nico: info@ibz-bielefeld.de<\/p>\n\n\n\n<h3 class=\"wp-block-heading\">Informaci\u00f3n de conformidad con la Ley de resoluci\u00f3n de litigios en materia de consumo (VSBG)<\/h3>\n\n\n\n<p>No estamos dispuestos u obligados a participar en procedimientos de resoluci\u00f3n de disputas ante una junta de arbitraje de consumidores.<\/p>\n\n\n\n<h3 class=\"wp-block-heading\">Responsabilidad por el contenido<\/h3>\n\n\n\n<p>Como proveedor de servicios, somos responsables seg\u00fan \u00a7 7 Abs.1 TMG de nuestro propio contenido en estas p\u00e1ginas de acuerdo con las leyes generales. Sin embargo, de acuerdo con los \u00a7\u00a7 8 a 10 de la TMG, nosotros, como proveedores de servicios, no estamos obligados a monitorear la informaci\u00f3n transmitida o almacenada de terceros ni a investigar circunstancias que indiquen una actividad ilegal.<\/p>\n\n\n\n<p>Las obligaciones de eliminar o bloquear el uso de la informaci\u00f3n bajo las leyes generales no se ven afectadas. Sin embargo, la responsabilidad a este respecto solo es posible desde el momento en que se tiene conocimiento de una infracci\u00f3n espec\u00edfica. Si tenemos conocimiento de las infracciones legales correspondientes, eliminaremos este contenido de inmediato.<\/p>\n\n\n\n<h3 class=\"wp-block-heading\">Responsabilidad por enlaces<\/h3>\n\n\n\n<p>Nuestra oferta contiene enlaces a sitios web externos de terceros sobre cuyos contenidos no tenemos influencia. Por lo tanto, no podemos asumir ninguna responsabilidad por este contenido externo. El proveedor u operador respectivo de las p\u00e1ginas es siempre responsable de los contenidos de las p\u00e1ginas enlazadas. Las p\u00e1ginas enlazadas fueron revisadas en busca de posibles violaciones legales en el momento de la vinculaci\u00f3n. El contenido ilegal no era reconocible en el momento de la vinculaci\u00f3n.<\/p>\n\n\n\n<p>Sin embargo, un control permanente del contenido de las p\u00e1ginas enlazadas no es razonable sin indicios concretos de una violaci\u00f3n de la ley. Al tener conocimiento de violaciones legales, eliminaremos dichos enlaces de inmediato.<\/p>\n\n\n\n<h3 class=\"wp-block-heading\">derechos de autor<\/h3>\n\n\n\n<p>El contenido y las obras creadas por los operadores del sitio en estas p\u00e1ginas est\u00e1n sujetos a la ley alemana de derechos de autor. La reproducci\u00f3n, el procesamiento, la distribuci\u00f3n y cualquier tipo de explotaci\u00f3n fuera de los l\u00edmites de la ley de derechos de autor requieren el consentimiento por escrito del autor o creador respectivo. Las descargas y copias de este sitio solo est\u00e1n permitidas para uso privado y no comercial.<\/p>\n\n\n\n<p>En la medida en que el contenido de esta p\u00e1gina no haya sido creado por el operador, se observan los derechos de autor de terceros. En particular, el contenido de terceros est\u00e1 marcado como tal. Sin embargo, en caso de que tenga conocimiento de una infracci\u00f3n de derechos de autor, le solicitamos un aviso correspondiente. Al tener conocimiento de violaciones legales, eliminaremos inmediatamente dicho contenido.<\/p>\n\n\n\n<p>Fuente: <a href=\"https:\/\/www.e-recht24.de\" target=\"_blank\" rel=\"noreferrer noopener\">www.e-recht24.de<\/a><\/p>\n\n\n\n<h3 class=\"wp-block-heading\">Cr\u00e9ditos fotogr\u00e1ficos<\/h3>\n\n\n\n<p>fotolia.de <\/p>\n\n\n\n<p>90973610 ?? Autor(es): Trueffelpix<\/p>","protected":false},"excerpt":{"rendered":"<p>Angaben gem\u00e4\u00df \u00a7 5 TMG Internationales Begegnungszentrum Friedenshaus e.V.Teutoburger Str. 10633607 Bielefeld Vereinsregister: VR 2044Registergericht: Amtsgericht Bielefeld Vertreten durch den Vorstand Viola ObasohanDr. Asma Ait AllaliSven Ga\u00dfmann Kontakt E-Mail: info@ibz-bielefeld.de&#8230;<\/p>","protected":false},"author":2,"featured_media":0,"parent":0,"menu_order":0,"comment_status":"closed","ping_status":"closed","template":"template-parts\/About Sections.php","meta":{"_acf_changed":false,"footnotes":""},"ibz_department":[],"class_list":["post-3796","page","type-page","status-publish","hentry"],"acf":[],"_links":{"self":[{"href":"https:\/\/ibz-bielefeld.de\/es\/wp-json\/wp\/v2\/pages\/3796","targetHints":{"allow":["GET"]}}],"collection":[{"href":"https:\/\/ibz-bielefeld.de\/es\/wp-json\/wp\/v2\/pages"}],"about":[{"href":"https:\/\/ibz-bielefeld.de\/es\/wp-json\/wp\/v2\/types\/page"}],"author":[{"embeddable":true,"href":"https:\/\/ibz-bielefeld.de\/es\/wp-json\/wp\/v2\/users\/2"}],"replies":[{"embeddable":true,"href":"https:\/\/ibz-bielefeld.de\/es\/wp-json\/wp\/v2\/comments?post=3796"}],"version-history":[{"count":0,"href":"https:\/\/ibz-bielefeld.de\/es\/wp-json\/wp\/v2\/pages\/3796\/revisions"}],"wp:attachment":[{"href":"https:\/\/ibz-bielefeld.de\/es\/wp-json\/wp\/v2\/media?parent=3796"}],"wp:term":[{"taxonomy":"ibz_department","embeddable":true,"href":"https:\/\/ibz-bielefeld.de\/es\/wp-json\/wp\/v2\/ibz_department?post=3796"}],"curies":[{"name":"wp","href":"https:\/\/api.w.org\/{rel}","templated":true}]}}