{"id":1718,"date":"2025-07-26T18:51:33","date_gmt":"2025-07-26T16:51:33","guid":{"rendered":"https:\/\/ibz-bielefeld.de\/?page_id=1718"},"modified":"2026-03-27T15:30:20","modified_gmt":"2026-03-27T14:30:20","slug":"ueber-uns","status":"publish","type":"page","link":"https:\/\/ibz-bielefeld.de\/fr\/ueber-uns\/","title":{"rendered":"Qui sommes-nous?"},"content":{"rendered":"<figure class=\"wp-block-gallery has-nested-images columns-default is-cropped wp-block-gallery-1 is-layout-flex wp-block-gallery-is-layout-flex\">\n<figure class=\"wp-block-image size-large is-style-default\"><img loading=\"lazy\" decoding=\"async\" width=\"1024\" height=\"696\" data-id=\"4447\" src=\"https:\/\/ibz-bielefeld.de\/wp-content\/uploads\/2025\/11\/IBZ_damals01-1024x696.png\" alt=\"\" class=\"wp-image-4447\" srcset=\"https:\/\/ibz-bielefeld.de\/wp-content\/uploads\/2025\/11\/IBZ_damals01-1024x696.png 1024w, https:\/\/ibz-bielefeld.de\/wp-content\/uploads\/2025\/11\/IBZ_damals01-300x204.png 300w, https:\/\/ibz-bielefeld.de\/wp-content\/uploads\/2025\/11\/IBZ_damals01-768x522.png 768w, https:\/\/ibz-bielefeld.de\/wp-content\/uploads\/2025\/11\/IBZ_damals01-18x12.png 18w, https:\/\/ibz-bielefeld.de\/wp-content\/uploads\/2025\/11\/IBZ_damals01.png 1140w\" sizes=\"auto, (max-width: 1024px) 100vw, 1024px\" \/><\/figure>\n\n\n\n<figure class=\"wp-block-image size-large is-style-default\"><img loading=\"lazy\" decoding=\"async\" width=\"1024\" height=\"768\" data-id=\"3908\" src=\"https:\/\/ibz-bielefeld.de\/wp-content\/uploads\/2025\/09\/IMG_3703-scaled-1024x768.jpg\" alt=\"\" class=\"wp-image-3908\" srcset=\"https:\/\/ibz-bielefeld.de\/wp-content\/uploads\/2025\/09\/IMG_3703-scaled-1024x768.jpg 1024w, https:\/\/ibz-bielefeld.de\/wp-content\/uploads\/2025\/09\/IMG_3703-scaled-300x225.jpg 300w, https:\/\/ibz-bielefeld.de\/wp-content\/uploads\/2025\/09\/IMG_3703-scaled-768x576.jpg 768w, https:\/\/ibz-bielefeld.de\/wp-content\/uploads\/2025\/09\/IMG_3703-scaled-1536x1152.jpg 1536w, https:\/\/ibz-bielefeld.de\/wp-content\/uploads\/2025\/09\/IMG_3703-scaled-16x12.jpg 16w, https:\/\/ibz-bielefeld.de\/wp-content\/uploads\/2025\/09\/IMG_3703-scaled.jpg 2048w\" sizes=\"auto, (max-width: 1024px) 100vw, 1024px\" \/><\/figure>\n\n\n\n<figure class=\"wp-block-image size-large\"><img loading=\"lazy\" decoding=\"async\" width=\"1024\" height=\"965\" data-id=\"4841\" src=\"https:\/\/ibz-bielefeld.de\/wp-content\/uploads\/2026\/03\/ibz-logo-1024x965.jpg\" alt=\"\" class=\"wp-image-4841\" srcset=\"https:\/\/ibz-bielefeld.de\/wp-content\/uploads\/2026\/03\/ibz-logo-1024x965.jpg 1024w, https:\/\/ibz-bielefeld.de\/wp-content\/uploads\/2026\/03\/ibz-logo-300x283.jpg 300w, https:\/\/ibz-bielefeld.de\/wp-content\/uploads\/2026\/03\/ibz-logo-768x724.jpg 768w, https:\/\/ibz-bielefeld.de\/wp-content\/uploads\/2026\/03\/ibz-logo-1536x1448.jpg 1536w, https:\/\/ibz-bielefeld.de\/wp-content\/uploads\/2026\/03\/ibz-logo-13x12.jpg 13w, https:\/\/ibz-bielefeld.de\/wp-content\/uploads\/2026\/03\/ibz-logo.jpg 1875w\" sizes=\"auto, (max-width: 1024px) 100vw, 1024px\" \/><\/figure>\n<\/figure>\n\n\n\n<p><strong>Notre histoire \u2013 Comment tout a commenc\u00e9<\/strong><\/p>\n\n\n\n<p>Le Centre International de Rencontres (IBZ) Friedenshaus e.V. a ses racines en 1981. \u00c0 l\u2019\u00e9poque, des personnes engag\u00e9es de Bielefeld \u2013 avec ou sans exp\u00e9rience de la migration \u2013 s\u2019associaient pour cr\u00e9er un lieu o\u00f9 la compr\u00e9hension, la coexistence et la vraie rencontre deviennent possibles. Une id\u00e9e n\u00e9e \u00e0 une \u00e9poque o\u00f9 les pr\u00e9jug\u00e9s et le repli sur soi donnaient souvent le ton. Le pas \u00e9tait d'autant plus audacieux: Une maison qui accueille la diversit\u00e9 et unit les gens.<\/p>\n\n\n\n<p>Tr\u00e8s t\u00f4t, il \u00e9tait clair: L\u2019IBZ ne doit pas \u00eatre un lieu \u00ab pour les invit\u00e9s \u00bb, mais un lieu <strong>pour tous<\/strong>, qui vivent \u00e0 Bielefeld. Un foyer temporaire, un espace d\u2019\u00e9change, un lieu o\u00f9 de nouvelles id\u00e9es peuvent \u00e9merger, ind\u00e9pendamment de leur origine, de leur langue ou de leur religion.<\/p>\n\n\n\n<p><strong>De la loge au centre culturel et de rencontre anim\u00e9<\/strong><\/p>\n\n\n\n<p>En 1982, l\u2019IBZ s\u2019installe dans l\u2019\u00abAlte Logierhaus\u00bb. Le b\u00e2timent abritait autrefois des ouvri\u00e8res de diff\u00e9rentes r\u00e9gions d\u2019Europe, ce qui en fait un lieu propice \u00e0 la cr\u00e9ation de liens et \u00e0 la poursuite de la diversit\u00e9. Peu \u00e0 peu, la maison a grandi et est devenue le foyer commun de diverses initiatives et associations sociales.<\/p>\n\n\n\n<p>Des groupes de travail, des discussions politiques, des cours de langue, des offres pour les enfants et les jeunes, des festivals internationaux, des projets th\u00e9\u00e2traux, des expositions et bien plus encore ont vu le jour ici. Toujours port\u00e9 par l'id\u00e9e: <strong>La rencontre a chang\u00e9. Les \u00e9changes se renforcent. La diversit\u00e9 s'enrichit.<\/strong><\/p>\n\n\n\n<p><strong>Un lieu \u00e0 la hauteur de ses missions<\/strong><\/p>\n\n\n\n<p>Au fil des d\u00e9cennies, l'IBZ n'a cess\u00e9 d'\u00e9voluer. De nouveaux th\u00e8mes soci\u00e9taux sont apparus, de nouveaux groupes ont trouv\u00e9 leur place, de nouveaux d\u00e9fis ont \u00e9t\u00e9 abord\u00e9s ensemble.<\/p>\n\n\n\n<p>Qu\u2019il s\u2019agisse de lutte contre le racisme, d\u2019\u00e9ducation interculturelle, de soutien aux r\u00e9fugi\u00e9s, de manifestations politiques ou de projets culturels, l\u2019IBZ a \u00e9t\u00e9 et est souvent actif l\u00e0 o\u00f9 il est le plus n\u00e9cessaire.<\/p>\n\n\n\n<p>Une chose a toujours \u00e9t\u00e9 centrale: Renforcement des personnes, suppression des barri\u00e8res, facilitation des rencontres.<\/p>\n\n\n\n<p><strong>Plus qu\u2019une maison \u2013 une attitude<\/strong><\/p>\n\n\n\n<p>L'IBZ est toujours synonyme de coexistence ouverte et respectueuse. Pour la conviction que la diversit\u00e9 n'est pas un probl\u00e8me, mais un gain. Et pour l'exp\u00e9rience que l'int\u00e9gration r\u00e9ussit lorsque les gens se rencontrent, apprennent les uns des autres et assument ensemble des responsabilit\u00e9s.<\/p>\n\n\n\n<p>De nombreux projets, id\u00e9es et impulsions qui ont d\u00e9but\u00e9 au sein de l\u2019IBZ ont marqu\u00e9 Bielefeld de mani\u00e8re durable \u2013 sur les plans culturel, social et politique.<\/p>\n\n\n\n<p><strong>Ce qui compte ici, ce n'est pas d'o\u00f9 quelqu'un vient, mais o\u00f9 nous voulons aller ensemble.<\/strong> Bienvenue \u00e0 l'IBZ!<\/p>\n\n\n\n<p><\/p>","protected":false},"excerpt":{"rendered":"<p>Unsere Geschichte \u2013 Wie alles begann Das Internationale Begegnungszentrum (IBZ) Friedenshaus e.V. hat seine Wurzeln im Jahr 1981. Damals schlossen sich engagierte Menschen aus Bielefeld \u2013 mit und ohne Migrationserfahrung&#8230;<\/p>","protected":false},"author":2,"featured_media":4844,"parent":0,"menu_order":0,"comment_status":"closed","ping_status":"closed","template":"template-parts\/About Sections.php","meta":{"_acf_changed":false,"footnotes":""},"ibz_department":[],"class_list":["post-1718","page","type-page","status-publish","has-post-thumbnail","hentry"],"acf":[],"_links":{"self":[{"href":"https:\/\/ibz-bielefeld.de\/fr\/wp-json\/wp\/v2\/pages\/1718","targetHints":{"allow":["GET"]}}],"collection":[{"href":"https:\/\/ibz-bielefeld.de\/fr\/wp-json\/wp\/v2\/pages"}],"about":[{"href":"https:\/\/ibz-bielefeld.de\/fr\/wp-json\/wp\/v2\/types\/page"}],"author":[{"embeddable":true,"href":"https:\/\/ibz-bielefeld.de\/fr\/wp-json\/wp\/v2\/users\/2"}],"replies":[{"embeddable":true,"href":"https:\/\/ibz-bielefeld.de\/fr\/wp-json\/wp\/v2\/comments?post=1718"}],"version-history":[{"count":0,"href":"https:\/\/ibz-bielefeld.de\/fr\/wp-json\/wp\/v2\/pages\/1718\/revisions"}],"wp:featuredmedia":[{"embeddable":true,"href":"https:\/\/ibz-bielefeld.de\/fr\/wp-json\/wp\/v2\/media\/4844"}],"wp:attachment":[{"href":"https:\/\/ibz-bielefeld.de\/fr\/wp-json\/wp\/v2\/media?parent=1718"}],"wp:term":[{"taxonomy":"ibz_department","embeddable":true,"href":"https:\/\/ibz-bielefeld.de\/fr\/wp-json\/wp\/v2\/ibz_department?post=1718"}],"curies":[{"name":"wp","href":"https:\/\/api.w.org\/{rel}","templated":true}]}}