{"id":1720,"date":"2025-07-26T18:52:22","date_gmt":"2025-07-26T16:52:22","guid":{"rendered":"https:\/\/ibz-bielefeld.de\/?page_id=1720"},"modified":"2026-04-22T10:57:30","modified_gmt":"2026-04-22T08:57:30","slug":"leitbild","status":"publish","type":"page","link":"https:\/\/ibz-bielefeld.de\/fr\/leitbild\/","title":{"rendered":"D\u00e9claration de mission &amp; Objectifs"},"content":{"rendered":"<p>L'IBZ s'engage pour la pleine participation sociale, sociale, politique et culturelle de tous les \u00eatres humains. Nous nous opposons fermement \u00e0 toutes les formes de racisme, de discrimination et d'exclusion sociale.<\/p>\n\n\n\n<p>Les objectifs de l'IBZ sont l'\u00e9galit\u00e9 des droits et des chances, ainsi que la pleine participation aux biens et aux libert\u00e9s d'une soci\u00e9t\u00e9 ouverte et sociale, ind\u00e9pendamment de l'origine ou du projet de vie personnel. L'\u00e9quilibre social, l'\u00e9quit\u00e9 de la r\u00e9partition mondiale, la participation et le droit \u00e0 la libert\u00e9 de mouvement sont autant de priorit\u00e9s du travail de l'IBZ que l'int\u00e9gration et le droit \u00e0 l'asile et \u00e0 l'antiracisme. L'IBZ est ouvert \u00e0 la coop\u00e9ration avec des individus et des groupes qui s'engagent dans ces objectifs.<\/p>","protected":false},"excerpt":{"rendered":"<p>Das IBZ tritt f\u00fcr die volle gesellschaftliche, soziale, politische und kulturelle Partizipation aller Menschen ein. Wir wenden uns entschieden gegen alle Formen von Rassismus, Diskriminierung und sozialer Ausgrenzung. Die Ziele&#8230;<\/p>","protected":false},"author":2,"featured_media":0,"parent":0,"menu_order":0,"comment_status":"closed","ping_status":"closed","template":"template-parts\/About Sections.php","meta":{"_acf_changed":false,"footnotes":""},"ibz_department":[],"class_list":["post-1720","page","type-page","status-publish","hentry"],"acf":[],"_links":{"self":[{"href":"https:\/\/ibz-bielefeld.de\/fr\/wp-json\/wp\/v2\/pages\/1720","targetHints":{"allow":["GET"]}}],"collection":[{"href":"https:\/\/ibz-bielefeld.de\/fr\/wp-json\/wp\/v2\/pages"}],"about":[{"href":"https:\/\/ibz-bielefeld.de\/fr\/wp-json\/wp\/v2\/types\/page"}],"author":[{"embeddable":true,"href":"https:\/\/ibz-bielefeld.de\/fr\/wp-json\/wp\/v2\/users\/2"}],"replies":[{"embeddable":true,"href":"https:\/\/ibz-bielefeld.de\/fr\/wp-json\/wp\/v2\/comments?post=1720"}],"version-history":[{"count":3,"href":"https:\/\/ibz-bielefeld.de\/fr\/wp-json\/wp\/v2\/pages\/1720\/revisions"}],"predecessor-version":[{"id":5187,"href":"https:\/\/ibz-bielefeld.de\/fr\/wp-json\/wp\/v2\/pages\/1720\/revisions\/5187"}],"wp:attachment":[{"href":"https:\/\/ibz-bielefeld.de\/fr\/wp-json\/wp\/v2\/media?parent=1720"}],"wp:term":[{"taxonomy":"ibz_department","embeddable":true,"href":"https:\/\/ibz-bielefeld.de\/fr\/wp-json\/wp\/v2\/ibz_department?post=1720"}],"curies":[{"name":"wp","href":"https:\/\/api.w.org\/{rel}","templated":true}]}}