{"id":2044,"date":"2025-08-04T14:31:03","date_gmt":"2025-08-04T12:31:03","guid":{"rendered":"https:\/\/ibz-bielefeld.de\/?page_id=2044"},"modified":"2026-04-16T20:45:47","modified_gmt":"2026-04-16T18:45:47","slug":"jobs","status":"publish","type":"page","link":"https:\/\/ibz-bielefeld.de\/fr\/jobs\/","title":{"rendered":"emplois"},"content":{"rendered":"<p><br><br><strong>Pouvoir d'honoraire<\/strong><\/p>\n\n\n\n<p>L'IBZ est toujours \u00e0 la recherche de nouveaux collaborateurs en tant qu'enseignants pour notre offre de cours diversifi\u00e9e. Nous nous r\u00e9jouissons des nouveaux concepts de cours et d'ateliers.<br>Tous les enseignants travaillent chez nous sur une base d'honoraires.<br>Si vous \u00eates int\u00e9ress\u00e9, veuillez vous adresser aux directions des d\u00e9partements concern\u00e9s.<br>La diversit\u00e9 est la base de notre \u00e9tablissement. Nous accueillons favorablement toutes les candidatures, ind\u00e9pendamment de leur origine, de leur sexe, de leur orientation sexuelle, de leur nationalit\u00e9, de leur religion ou de leurs convictions, de leur \u00e2ge, de leurs capacit\u00e9s physiques et de leur identit\u00e9.<br>Si vous \u00eates raciste, antis\u00e9mite, islamophobe, misogyne ou homophobe, ou si vous avez d'autres opinions discriminatoires, nous ne sommes pas le bon client pour vous.<\/p>\n\n\n\n<h3 class=\"wp-block-heading\">D\u00e9partement de cours d'allemand<\/h3>\n\n\n\n<p>L'admission au BAMF est une condition pr\u00e9alable \u00e0 l'enseignement dans les cours d'int\u00e9gration. Les premi\u00e8res exp\u00e9riences sont souhaitables, mais pas une condition.<\/p>\n\n\n\n<p>Yameen Al Shumali<br>&nbsp;<a href=\"mailto:weiterbildung@ibz-bielefeld.de\">weiterbildung@ibz-bielefeld.de<\/a><br>&nbsp;0521\/5219037<\/p>\n\n\n\n<h3 class=\"wp-block-heading\">Formation continue g\u00e9n\u00e9rale<\/h3>\n\n\n\n<p>Aucune formation sp\u00e9cifique n'est n\u00e9cessaire pour l'ex\u00e9cution des cours cr\u00e9atifs, mais des exp\u00e9riences en fonction du contenu du cours (danse, langue, etc.) devraient \u00eatre disponibles.<\/p>\n\n\n\n<p>Yameen Al Shumali<br>&nbsp;<a href=\"mailto:weiterbildung@ibz-bielefeld.de\">weiterbildung@ibz-bielefeld.de<\/a><br>&nbsp;0521\/5219037<\/p>\n\n\n\n<h3 class=\"wp-block-heading\">Formation politique continue<\/h3>\n\n\n\n<p>Pour l'enseignement des cours, un baccalaur\u00e9at (ou plus) et de l'exp\u00e9rience en fonction du sujet respectif (par exemple, par le b\u00e9n\u00e9volat) sont b\u00e9n\u00e9fiques.<\/p>\n\n\n\n<p>Sarah Adameh<br>&nbsp;<a href=\"mailto:politische.bildung@ibz-bielefeld.de\">politische.bildung@ibz-bielefeld.de<\/a><br>&nbsp;0521\/5219034<\/p>\n\n\n\n<h3 class=\"wp-block-heading\">Forums d'apprentissage<\/h3>\n\n\n\n<p>Les \u00e9tudiants avec des \u00e9tudes correspondantes (math\u00e9, allemand, anglais) sont les bienvenus.<\/p>\n\n\n\n<p>Younes Nadir<br>&nbsp;<a href=\"mailto:kinderundjugend@ibz-bielefeld.de\">kinderundjugend@ibz-bielefeld.de<\/a><br>&nbsp;0521\/5219036<\/p>\n\n\n\n<h3 class=\"wp-block-heading\">stage<\/h3>\n\n\n\n<p>Nous offrons la possibilit\u00e9 d\u2019effectuer un stage dans tous les domaines de notre \u00e9tablissement, qu\u2019il s\u2019agisse d\u2019un stage volontaire ou obligatoire. Le stage pour les \u00e9tudiants DaF est possible dans le d\u00e9partement d'int\u00e9gration.<\/p>\n\n\n\n<p>Veuillez contacter le service concern\u00e9 par e-mail ou par t\u00e9l\u00e9phone.<br>La diversit\u00e9 est la base de notre \u00e9tablissement. Nous accueillons favorablement toutes les candidatures, ind\u00e9pendamment de leur origine, de leur sexe, de leur orientation sexuelle, de leur nationalit\u00e9, de leur religion ou de leurs convictions, de leur \u00e2ge, de leurs capacit\u00e9s physiques et de leur identit\u00e9. Si vous \u00eates raciste, antis\u00e9mite, islamophobe, misogyne ou homophobe, ou si vous avez d'autres opinions discriminatoires, nous ne sommes pas le bon employeur pour vous.<\/p>\n\n\n\n<p>Pour toute question d'ordre g\u00e9n\u00e9ral, veuillez contacter:<\/p>\n\n\n\n<p>Jeanne de Shumali<br>Gestion de l'entreprise<br>&nbsp;0521\/5219033<br>&nbsp;<a href=\"mailto:leitung@ibz-bielefeld.de\">leitung@ibz-bielefeld.de<\/a><\/p>","protected":false},"excerpt":{"rendered":"<p>Honorarkraft Das IBZ sucht stets neue Mitarbeitende als Lehrkraft f\u00fcr unser vielf\u00e4ltiges Kursangebot. Wir freuen uns \u00fcber neue Kurs- und Workshopkonzepte.Alle Dozierende arbeiten bei uns auf Honorarbasis.Bei Interesse wenden Sie&#8230;<\/p>","protected":false},"author":2,"featured_media":0,"parent":0,"menu_order":0,"comment_status":"closed","ping_status":"closed","template":"template-parts\/About Sections.php","meta":{"_acf_changed":false,"footnotes":""},"ibz_department":[],"class_list":["post-2044","page","type-page","status-publish","hentry"],"acf":[],"_links":{"self":[{"href":"https:\/\/ibz-bielefeld.de\/fr\/wp-json\/wp\/v2\/pages\/2044","targetHints":{"allow":["GET"]}}],"collection":[{"href":"https:\/\/ibz-bielefeld.de\/fr\/wp-json\/wp\/v2\/pages"}],"about":[{"href":"https:\/\/ibz-bielefeld.de\/fr\/wp-json\/wp\/v2\/types\/page"}],"author":[{"embeddable":true,"href":"https:\/\/ibz-bielefeld.de\/fr\/wp-json\/wp\/v2\/users\/2"}],"replies":[{"embeddable":true,"href":"https:\/\/ibz-bielefeld.de\/fr\/wp-json\/wp\/v2\/comments?post=2044"}],"version-history":[{"count":1,"href":"https:\/\/ibz-bielefeld.de\/fr\/wp-json\/wp\/v2\/pages\/2044\/revisions"}],"predecessor-version":[{"id":5149,"href":"https:\/\/ibz-bielefeld.de\/fr\/wp-json\/wp\/v2\/pages\/2044\/revisions\/5149"}],"wp:attachment":[{"href":"https:\/\/ibz-bielefeld.de\/fr\/wp-json\/wp\/v2\/media?parent=2044"}],"wp:term":[{"taxonomy":"ibz_department","embeddable":true,"href":"https:\/\/ibz-bielefeld.de\/fr\/wp-json\/wp\/v2\/ibz_department?post=2044"}],"curies":[{"name":"wp","href":"https:\/\/api.w.org\/{rel}","templated":true}]}}