{"id":2046,"date":"2025-08-04T14:31:10","date_gmt":"2025-08-04T12:31:10","guid":{"rendered":"https:\/\/ibz-bielefeld.de\/?page_id=2046"},"modified":"2026-03-26T22:27:27","modified_gmt":"2026-03-26T21:27:27","slug":"spende","status":"publish","type":"page","link":"https:\/\/ibz-bielefeld.de\/fr\/spende\/","title":{"rendered":"Faire un don"},"content":{"rendered":"<p>Afin d'am\u00e9liorer constamment nos offres, de les planifier de mani\u00e8re durable et de les g\u00e9rer de mani\u00e8re responsable, nous nous r\u00e9jouissons de votre don. Bien entendu, ils re\u00e7oivent une attestation de donation pour un don fiscalement d\u00e9ductible \u00e0 une association d\u2019utilit\u00e9 publique conform\u00e9ment \u00e0 l\u2019article 52 de l\u2019AO. Pour cela, nous avons besoin de votre adresse compl\u00e8te.<\/p>\n\n\n\n<h2 class=\"wp-block-heading\">Nos coordonn\u00e9es bancaires<\/h2>\n\n\n\n<p>Caisse d'\u00e9pargne de Bielefeld<br>Centre international de rencontres Friedenshaus e.V.<br>IBAN : DE31480501610073005613<br>BIC: SPBIDE3BXXX<br><\/p>\n\n\n\n<figure class=\"wp-block-image size-full is-resized is-style-default\"><img loading=\"lazy\" decoding=\"async\" width=\"470\" height=\"527\" src=\"https:\/\/ibz-bielefeld.de\/wp-content\/uploads\/2025\/10\/webseite_tests-20.png\" alt=\"\" class=\"wp-image-4109\" style=\"object-fit:contain;width:250px;height:250px\" srcset=\"https:\/\/ibz-bielefeld.de\/wp-content\/uploads\/2025\/10\/webseite_tests-20.png 470w, https:\/\/ibz-bielefeld.de\/wp-content\/uploads\/2025\/10\/webseite_tests-20-268x300.png 268w, https:\/\/ibz-bielefeld.de\/wp-content\/uploads\/2025\/10\/webseite_tests-20-11x12.png 11w\" sizes=\"auto, (max-width: 470px) 100vw, 470px\" \/><\/figure>\n\n\n\n<p><\/p>\n\n\n\n<div style=\"height:24px\" aria-hidden=\"true\" class=\"wp-block-spacer\"><\/div>","protected":false},"excerpt":{"rendered":"<p>Um unsere Angebote stetig zu verbessern, nachhaltig zu planen und verantwortlich zu wirtschaften, freuen wir uns \u00fcber deine Spende. Selbstverst\u00e4ndlich bekommen sie eine Spendenbescheinigung f\u00fcr eine steuerlich abzugsf\u00e4hige Spende an&#8230;<\/p>","protected":false},"author":2,"featured_media":0,"parent":0,"menu_order":0,"comment_status":"closed","ping_status":"closed","template":"template-parts\/About Sections.php","meta":{"_acf_changed":false,"footnotes":""},"ibz_department":[],"class_list":["post-2046","page","type-page","status-publish","hentry"],"acf":[],"_links":{"self":[{"href":"https:\/\/ibz-bielefeld.de\/fr\/wp-json\/wp\/v2\/pages\/2046","targetHints":{"allow":["GET"]}}],"collection":[{"href":"https:\/\/ibz-bielefeld.de\/fr\/wp-json\/wp\/v2\/pages"}],"about":[{"href":"https:\/\/ibz-bielefeld.de\/fr\/wp-json\/wp\/v2\/types\/page"}],"author":[{"embeddable":true,"href":"https:\/\/ibz-bielefeld.de\/fr\/wp-json\/wp\/v2\/users\/2"}],"replies":[{"embeddable":true,"href":"https:\/\/ibz-bielefeld.de\/fr\/wp-json\/wp\/v2\/comments?post=2046"}],"version-history":[{"count":0,"href":"https:\/\/ibz-bielefeld.de\/fr\/wp-json\/wp\/v2\/pages\/2046\/revisions"}],"wp:attachment":[{"href":"https:\/\/ibz-bielefeld.de\/fr\/wp-json\/wp\/v2\/media?parent=2046"}],"wp:term":[{"taxonomy":"ibz_department","embeddable":true,"href":"https:\/\/ibz-bielefeld.de\/fr\/wp-json\/wp\/v2\/ibz_department?post=2046"}],"curies":[{"name":"wp","href":"https:\/\/api.w.org\/{rel}","templated":true}]}}