{"id":2050,"date":"2025-08-04T14:32:55","date_gmt":"2025-08-04T12:32:55","guid":{"rendered":"https:\/\/ibz-bielefeld.de\/?page_id=2050"},"modified":"2026-03-08T17:26:40","modified_gmt":"2026-03-08T16:26:40","slug":"mitglied-werden","status":"publish","type":"page","link":"https:\/\/ibz-bielefeld.de\/fr\/mitglied-werden\/","title":{"rendered":"Devenir membre"},"content":{"rendered":"<h1 class=\"wp-block-heading\"><strong>Joignez-vous \u00e0 l\u2019IBZ \u2013 Vivre ensemble la diversit\u00e9!<\/strong><\/h1>\n\n\n\n<p>En tant que membre, vous ferez partie de notre communaut\u00e9 color\u00e9e et soutiendrez un lieu o\u00f9 l'ouverture, le respect et la vraie rencontre ne sont pas seulement des mots, mais la vie quotidienne.<\/p>\n\n\n\n<p><strong>Tu bouges quelque chose.<\/strong><br>En devenant membre, vous renforcez des projets qui rassemblent des personnes, qu\u2019il s\u2019agisse d\u2019\u00e9v\u00e9nements culturels, d\u2019activit\u00e9s pour les jeunes ou de l\u2019aide aux nouveaux immigrants.<\/p>\n\n\n\n<p><strong>Tu es au milieu au lieu d'\u00eatre l\u00e0.<\/strong><br>Vous pouvez vous impliquer, participer et donner de nouvelles impulsions. Cr\u00e9atif, politique ou social, chacun y trouve sa place.<\/p>\n\n\n\n<p><strong>Vous faites l'exp\u00e9rience de la diversit\u00e9.<\/strong><br>F\u00eates internationales, ateliers, discussions politiques, soir\u00e9es culturelles, enfants et offres jeunesse \u2026 chez nous, on ne s'ennuie jamais!<\/p>\n\n\n\n<p><strong>Vous rencontrez des gens passionnants.<\/strong><br>Dans l'IBZ, des gens de nombreux pays se rencontrent, avec des parcours de vie diff\u00e9rents et des objectifs communs.<\/p>\n\n\n\n<h2 class=\"wp-block-heading\"><strong>Qu'est-ce que l'adh\u00e9sion vous apporte?<\/strong><\/h2>\n\n\n\n<ul class=\"wp-block-list\">\n<li>Acc\u00e8s \u00e0 des activit\u00e9s communes, des groupes &amp; ateliers<\/li>\n\n\n\n<li>Droit de vote pour les d\u00e9cisions importantes au sein de l'association<\/li>\n\n\n\n<li>Un vaste r\u00e9seau de personnes engag\u00e9es et ouvertes<\/li>\n\n\n\n<li>Le bon sentiment de soutenir quelque chose de significatif<\/li>\n<\/ul>\n\n\n\n<h2 class=\"wp-block-heading\"><strong>Vous souhaitez devenir membre?<\/strong><\/h2>\n\n\n\n<p>Super id\u00e9e!<br>\u00c9crivez-nous, appelez-nous ou venez juste. Nous sommes impatients de vous rencontrer et de cr\u00e9er ensemble un IBZ encore plus vivant!<\/p>\n\n\n\n<p><strong>Faites partie de notre communaut\u00e9. Devenez membre d'IBZ.<\/strong><\/p>\n\n\n\n<p>\u00c9crivez-nous \u00e0 <a href=\"mailto:info@ibz.bielefeld.de\">info@ibz.bielefeld.de<\/a><\/p>\n\n\n\n<p><\/p>","protected":false},"excerpt":{"rendered":"<p>Joignez-vous \u00e0 l\u2019IBZ \u2013 Vivre ensemble la diversit\u00e9! En tant que membre, vous ferez partie de notre communaut\u00e9 color\u00e9e et soutiendrez un lieu o\u00f9 l'ouverture, le respect et la vraie rencontre ne se limitent pas \u00e0 \u2026.<\/p>","protected":false},"author":2,"featured_media":0,"parent":0,"menu_order":0,"comment_status":"closed","ping_status":"closed","template":"template-parts\/About Sections.php","meta":{"_acf_changed":false,"footnotes":""},"ibz_department":[],"class_list":["post-2050","page","type-page","status-publish","hentry"],"acf":[],"_links":{"self":[{"href":"https:\/\/ibz-bielefeld.de\/fr\/wp-json\/wp\/v2\/pages\/2050","targetHints":{"allow":["GET"]}}],"collection":[{"href":"https:\/\/ibz-bielefeld.de\/fr\/wp-json\/wp\/v2\/pages"}],"about":[{"href":"https:\/\/ibz-bielefeld.de\/fr\/wp-json\/wp\/v2\/types\/page"}],"author":[{"embeddable":true,"href":"https:\/\/ibz-bielefeld.de\/fr\/wp-json\/wp\/v2\/users\/2"}],"replies":[{"embeddable":true,"href":"https:\/\/ibz-bielefeld.de\/fr\/wp-json\/wp\/v2\/comments?post=2050"}],"version-history":[{"count":0,"href":"https:\/\/ibz-bielefeld.de\/fr\/wp-json\/wp\/v2\/pages\/2050\/revisions"}],"wp:attachment":[{"href":"https:\/\/ibz-bielefeld.de\/fr\/wp-json\/wp\/v2\/media?parent=2050"}],"wp:term":[{"taxonomy":"ibz_department","embeddable":true,"href":"https:\/\/ibz-bielefeld.de\/fr\/wp-json\/wp\/v2\/ibz_department?post=2050"}],"curies":[{"name":"wp","href":"https:\/\/api.w.org\/{rel}","templated":true}]}}