{"id":3796,"date":"2025-09-02T10:24:48","date_gmt":"2025-09-02T08:24:48","guid":{"rendered":"https:\/\/ibz-bielefeld.de\/?page_id=3796"},"modified":"2025-09-02T10:27:02","modified_gmt":"2025-09-02T08:27:02","slug":"impressum","status":"publish","type":"page","link":"https:\/\/ibz-bielefeld.de\/fr\/impressum\/","title":{"rendered":"Mentions l\u00e9gales"},"content":{"rendered":"<h2 class=\"wp-block-heading\">Informations selon \u00a7 5 TMG<\/h2>\n\n\n\n<p>Centre international de rencontres Friedenshaus e.V.<br>Teutoburger Str. 106<br>33607 Bielefeld<\/p>\n\n\n\n<p>Registre des associations: VR 2044<br>Tribunal d'enregistrement: Tribunal d'instance de Bielefeld<\/p>\n\n\n\n<h3 class=\"wp-block-heading\">Repr\u00e9sent\u00e9 par le conseil d'administration<\/h3>\n\n\n\n<p>Viola Obasohan<br>Docteur Asma Ait Allali<br>Sven Ga\u00dfmann<\/p>\n\n\n\n<h2 class=\"wp-block-heading\">Nous contacter<\/h2>\n\n\n\n<p>Courriel: info@ibz-bielefeld.de<\/p>\n\n\n\n<h3 class=\"wp-block-heading\">Informations selon la loi sur le r\u00e8glement des litiges de consommation (VSBG)<\/h3>\n\n\n\n<p>Nous ne sommes pas dispos\u00e9s ou tenus de participer \u00e0 des proc\u00e9dures de r\u00e8glement des litiges devant un organe de conciliation des consommateurs.<\/p>\n\n\n\n<h3 class=\"wp-block-heading\">Responsabilit\u00e9 pour le contenu<\/h3>\n\n\n\n<p>En tant que fournisseur de services, nous sommes responsables de nos propres contenus sur ces pages conform\u00e9ment aux lois g\u00e9n\u00e9rales, conform\u00e9ment \u00e0 l'article 7, paragraphe 1, du TMG. En vertu des articles 8 \u00e0 10 du TMG, nous ne sommes toutefois pas tenus, en tant que prestataire de services, de surveiller les informations transmises ou stock\u00e9es par des tiers ou de rechercher des circonstances indiquant une activit\u00e9 ill\u00e9gale.<\/p>\n\n\n\n<p>Les obligations de supprimer ou de bloquer l'utilisation des informations en vertu des lois g\u00e9n\u00e9rales ne sont pas affect\u00e9es. Une responsabilit\u00e9 \u00e0 cet \u00e9gard n'est toutefois possible qu'\u00e0 partir du moment o\u00f9 l'on a connaissance d'une violation concr\u00e8te du droit. Si nous prenons connaissance d'une violation de la loi, nous supprimerons imm\u00e9diatement ce contenu.<\/p>\n\n\n\n<h3 class=\"wp-block-heading\">Responsabilit\u00e9 pour les liens<\/h3>\n\n\n\n<p>Notre offre contient des liens vers des sites Web externes de tiers sur le contenu desquels nous n'avons aucune influence. C'est pourquoi nous ne pouvons pas garantir ces contenus externes. Le fournisseur ou l'exploitant respectif des pages li\u00e9es est toujours responsable du contenu des pages li\u00e9es. Les pages li\u00e9es ont \u00e9t\u00e9 v\u00e9rifi\u00e9es au moment du lien pour d'\u00e9ventuelles violations de la loi. Les contenus illicites n'\u00e9taient pas reconnaissables au moment de la cr\u00e9ation du lien.<\/p>\n\n\n\n<p>Cependant, un contr\u00f4le permanent du contenu des pages li\u00e9es n'est pas raisonnable sans indices concrets d'une violation du droit. D\u00e8s que nous aurons connaissance d'infractions, nous supprimerons imm\u00e9diatement ces liens.<\/p>\n\n\n\n<h3 class=\"wp-block-heading\">Droit d'auteur<\/h3>\n\n\n\n<p>Les contenus et les \u0153uvres cr\u00e9\u00e9s par les exploitants du site sur ces pages sont soumis au droit d'auteur allemand. La reproduction, l'\u00e9dition, la distribution et toute forme d'exploitation en dehors des limites du droit d'auteur n\u00e9cessitent le consentement \u00e9crit de l'auteur ou du cr\u00e9ateur respectif. Les t\u00e9l\u00e9chargements et les copies de ce site ne sont autoris\u00e9s que pour un usage priv\u00e9 et non commercial.<\/p>\n\n\n\n<p>Dans la mesure o\u00f9 le contenu de ce site n'a pas \u00e9t\u00e9 cr\u00e9\u00e9 par l'exploitant, les droits d'auteur de tiers sont respect\u00e9s. En particulier, les contenus de tiers sont identifi\u00e9s comme tels. Si vous \u00eates n\u00e9anmoins inform\u00e9 d'une violation du droit d'auteur, nous vous prions de nous en informer. D\u00e8s que nous aurons connaissance d'une violation de la loi, nous supprimerons imm\u00e9diatement ce contenu.<\/p>\n\n\n\n<p>Source: <a href=\"https:\/\/www.e-recht24.de\" target=\"_blank\" rel=\"noreferrer noopener\">www.e-recht24.de<\/a><\/p>\n\n\n\n<h3 class=\"wp-block-heading\">Cr\u00e9dits photographiques<\/h3>\n\n\n\n<p>fotolia.de <\/p>\n\n\n\n<p>90973610 | Auteur: Trueffelpix<\/p>","protected":false},"excerpt":{"rendered":"<p>Angaben gem\u00e4\u00df \u00a7 5 TMG Internationales Begegnungszentrum Friedenshaus e.V.Teutoburger Str. 10633607 Bielefeld Vereinsregister: VR 2044Registergericht: Amtsgericht Bielefeld Vertreten durch den Vorstand Viola ObasohanDr. Asma Ait AllaliSven Ga\u00dfmann Kontakt E-Mail: info@ibz-bielefeld.de&#8230;<\/p>","protected":false},"author":2,"featured_media":0,"parent":0,"menu_order":0,"comment_status":"closed","ping_status":"closed","template":"template-parts\/About Sections.php","meta":{"_acf_changed":false,"footnotes":""},"ibz_department":[],"class_list":["post-3796","page","type-page","status-publish","hentry"],"acf":[],"_links":{"self":[{"href":"https:\/\/ibz-bielefeld.de\/fr\/wp-json\/wp\/v2\/pages\/3796","targetHints":{"allow":["GET"]}}],"collection":[{"href":"https:\/\/ibz-bielefeld.de\/fr\/wp-json\/wp\/v2\/pages"}],"about":[{"href":"https:\/\/ibz-bielefeld.de\/fr\/wp-json\/wp\/v2\/types\/page"}],"author":[{"embeddable":true,"href":"https:\/\/ibz-bielefeld.de\/fr\/wp-json\/wp\/v2\/users\/2"}],"replies":[{"embeddable":true,"href":"https:\/\/ibz-bielefeld.de\/fr\/wp-json\/wp\/v2\/comments?post=3796"}],"version-history":[{"count":0,"href":"https:\/\/ibz-bielefeld.de\/fr\/wp-json\/wp\/v2\/pages\/3796\/revisions"}],"wp:attachment":[{"href":"https:\/\/ibz-bielefeld.de\/fr\/wp-json\/wp\/v2\/media?parent=3796"}],"wp:term":[{"taxonomy":"ibz_department","embeddable":true,"href":"https:\/\/ibz-bielefeld.de\/fr\/wp-json\/wp\/v2\/ibz_department?post=3796"}],"curies":[{"name":"wp","href":"https:\/\/api.w.org\/{rel}","templated":true}]}}