{"id":4114,"date":"2025-10-21T16:46:36","date_gmt":"2025-10-21T14:46:36","guid":{"rendered":"https:\/\/ibz-bielefeld.de\/?page_id=4114"},"modified":"2026-03-24T12:29:51","modified_gmt":"2026-03-24T11:29:51","slug":"schulungsangebote","status":"publish","type":"page","link":"https:\/\/ibz-bielefeld.de\/fr\/schulungsangebote\/","title":{"rendered":"Offres de formation"},"content":{"rendered":"<p>D\u00e9couvrez nos ateliers pratiques sur des sujets tels que le d\u00e9veloppement organisationnel, la lutte contre la discrimination &amp; l'antiracisme, la diversit\u00e9 &amp; l'inclusion, la communication valorisante et l'exp\u00e9rience de la d\u00e9mocratie.<br>Nos offres comprennent, entre autres, des ateliers sur:<\/p>\n\n\n\n<p><\/p>\n\n\n\n<p class=\"has-text-align-left\"><strong>Vivre la d\u00e9mocratie<\/strong> \u2013 Faire l\u2019exp\u00e9rience pratique de la participation, de la participation et des processus d\u00e9mocratiques<br><strong>D\u00e9veloppement organisationnel<\/strong> \u2013 Concevoir et am\u00e9liorer ensemble les structures et les processus<br><strong>Anti-discrimination &amp; Antiracisme<\/strong> \u2013 Sensibilisation et possibilit\u00e9s concr\u00e8tes d'action au quotidien<br><strong>Diversit\u00e9 &amp; Inclusion<\/strong> \u2013 Appr\u00e9cier et promouvoir activement la diversit\u00e9<br><strong>Une communication valorisante<\/strong> \u2013 Reconna\u00eetre, comprendre et r\u00e9soudre les conflits de mani\u00e8re constructive<\/p>\n\n\n\n<p style=\"margin-top:var(--wp--preset--spacing--30);margin-bottom:var(--wp--preset--spacing--30)\">Nos formations sont interactives, passionnantes et adapt\u00e9es \u00e0 vos besoins, id\u00e9ales pour les \u00e9quipes, les professionnels et tous ceux qui souhaitent travailler ensemble dans le respect et l\u2019inclusion.<\/p>\n\n\n\n<p style=\"margin-top:var(--wp--preset--spacing--30);margin-bottom:var(--wp--preset--spacing--30)\"><strong>Curieux?<\/strong><br>Contactez notre coll\u00e8gue Christiane Telles-Esseling <a href=\"mailto:info@ibz-bielefeld.de\">info@ibz-bielefeld.de<\/a> \u2013 Nous attendons avec impatience votre visite!<\/p>\n\n\n\n<p><\/p>\n\n\n\n<p><\/p>\n\n\n\n<p><\/p>","protected":false},"excerpt":{"rendered":"<p>Entdecke unsere praxinnsnahen Workshops zu Themen wie Organisationsentwicklung, Antidiskriminierung &amp; Antirassismus, Vielfalt &amp; Inklusion, wertsch\u00e4tzende Kommunikation und Demokratie erleben.Zu unseren Angeboten geh\u00f6ren unter anderem Workshops zu: Demokratie erleben \u2013 Mitbestimmung,&#8230;<\/p>","protected":false},"author":2,"featured_media":0,"parent":0,"menu_order":0,"comment_status":"closed","ping_status":"closed","template":"","meta":{"_acf_changed":false,"footnotes":""},"ibz_department":[],"class_list":["post-4114","page","type-page","status-publish","hentry"],"acf":[],"_links":{"self":[{"href":"https:\/\/ibz-bielefeld.de\/fr\/wp-json\/wp\/v2\/pages\/4114","targetHints":{"allow":["GET"]}}],"collection":[{"href":"https:\/\/ibz-bielefeld.de\/fr\/wp-json\/wp\/v2\/pages"}],"about":[{"href":"https:\/\/ibz-bielefeld.de\/fr\/wp-json\/wp\/v2\/types\/page"}],"author":[{"embeddable":true,"href":"https:\/\/ibz-bielefeld.de\/fr\/wp-json\/wp\/v2\/users\/2"}],"replies":[{"embeddable":true,"href":"https:\/\/ibz-bielefeld.de\/fr\/wp-json\/wp\/v2\/comments?post=4114"}],"version-history":[{"count":0,"href":"https:\/\/ibz-bielefeld.de\/fr\/wp-json\/wp\/v2\/pages\/4114\/revisions"}],"wp:attachment":[{"href":"https:\/\/ibz-bielefeld.de\/fr\/wp-json\/wp\/v2\/media?parent=4114"}],"wp:term":[{"taxonomy":"ibz_department","embeddable":true,"href":"https:\/\/ibz-bielefeld.de\/fr\/wp-json\/wp\/v2\/ibz_department?post=4114"}],"curies":[{"name":"wp","href":"https:\/\/api.w.org\/{rel}","templated":true}]}}