{"id":4123,"date":"2025-10-21T17:09:04","date_gmt":"2025-10-21T15:09:04","guid":{"rendered":"https:\/\/ibz-bielefeld.de\/?page_id=4123"},"modified":"2026-03-26T13:06:43","modified_gmt":"2026-03-26T12:06:43","slug":"einfache-sprache","status":"publish","type":"page","link":"https:\/\/ibz-bielefeld.de\/fr\/einfache-sprache\/","title":{"rendered":"Langage simple"},"content":{"rendered":"<h3 class=\"wp-block-heading\">Infos en langage simple<\/h3>\n\n\n\n<p>L'IBZ Friedenshaus est une association \u00e0 Bielefeld. <strong>IBZ <\/strong>C'est l'abr\u00e9viation de Centre de rencontre international. Ici, des gens de tous les pays du monde peuvent se rencontrer. Vous pouvez le faire ici:<\/p>\n\n\n\n<ul class=\"wp-block-list\">\n<li>discuter<\/li>\n\n\n\n<li>Devenir politiquement actif<\/li>\n\n\n\n<li>C\u00e9l\u00e9brer ensemble<\/li>\n<\/ul>\n\n\n\n<p>Nous voulons apprendre \u00e0 bien vivre ensemble.<\/p>\n\n\n\n<p>Dans l'IBZ, il y a donc:<\/p>\n\n\n\n<ul class=\"wp-block-list\">\n<li>Groupes de travail sur des questions telles que le racisme et la discrimination<\/li>\n\n\n\n<li>Groupes de travail cr\u00e9atifs, lectures, soir\u00e9es cin\u00e9ma<\/li>\n\n\n\n<li>Conseil en migration. C'est-\u00e0-dire des conseils pour les personnes qui sont venues en Allemagne d'autres pays.<\/li>\n\n\n\n<li>Cours d'int\u00e9gration. Des cours o\u00f9 l'on peut apprendre l'allemand.<\/li>\n\n\n\n<li>Un caf\u00e9 linguistique pour apprendre l'allemand.<\/li>\n\n\n\n<li>Un rendez-vous pour les femmes venues d'autres pays.<\/li>\n\n\n\n<li>Diff\u00e9rents groupes de maisons qui s'enthousiasment pour diff\u00e9rents th\u00e8mes.<\/li>\n\n\n\n<li>La possibilit\u00e9 de s'entretenir de toutes sortes de choses.<\/li>\n<\/ul>\n\n\n\n<h3 class=\"wp-block-heading\">\u00e9ducation<\/h3>\n\n\n\n<p>Nous organisons <strong>Cours de formation continue pour adultes. <\/strong>Ces cours sont, par exemple, sur le th\u00e8me de la politique. Et il y a des conf\u00e9rences sur divers sujets tels que la fuite et <strong>Une d\u00e9mocratie vivante.<\/strong> Cela signifie que: D\u00e9mocratie \u00e0 laquelle vous pouvez participer. Nous offrons \u00e9galement <strong>Forums d'apprentissage pour les \u00e9coliers<\/strong> ANN. Ce sont des r\u00e9unions o\u00f9 les enfants peuvent apprendre l'anglais et les math\u00e9matiques, par exemple. En outre, il existe diff\u00e9rentes <strong>Cours de langue et de PC.<\/strong><\/p>\n\n\n\n<h3 class=\"wp-block-heading\">int\u00e9gration<\/h3>\n\n\n\n<p>Lorsque des immigr\u00e9s arrivent chez nous en Allemagne, nous aimerions les soutenir. Aussi dans le temps apr\u00e8s qu'ils sont arriv\u00e9s et sont ici depuis longtemps. C'est important pour nous. Pour ce faire, nous organisons de nombreuses s\u00e9ances d'information et de discussion sur le sujet. Nous offrons \u00e9galement <a href=\"https:\/\/ibz-bielefeld.de\/fr\/integrationskurse\/\">Cours d'int\u00e9gration<\/a> et <a href=\"https:\/\/ibz-bielefeld.de\/fr\/migrationsberatung\/\">Conseil en migration pour adultes<\/a> ANN. L'abr\u00e9viation est <strong>MBE.<\/strong> Au c\u0153ur de notre travail, nous voulons que chacun apprenne les uns des autres.<\/p>\n\n\n\n<h3 class=\"wp-block-heading\">culture<\/h3>\n\n\n\n<p>Chez nous, il y a toujours un programme vari\u00e9:<\/p>\n\n\n\n<ul class=\"wp-block-list\">\n<li><strong>concerts<\/strong><\/li>\n\n\n\n<li><strong>Spectacles de danse<\/strong><\/li>\n\n\n\n<li><strong>Projections de films<\/strong><\/li>\n\n\n\n<li><strong>et spectacles th\u00e9\u00e2traux<\/strong><\/li>\n<\/ul>\n\n\n\n<p>Il existe \u00e9galement de nombreuses autres offres culturelles telles que:<\/p>\n\n\n\n<ul class=\"wp-block-list\">\n<li><strong>Cours de salsa et cours de danse balkanique<\/strong><\/li>\n\n\n\n<li><strong>Caf\u00e9 de langue et caf\u00e9 de femmes<\/strong><\/li>\n<\/ul>\n\n\n\n<p>Il y a quelque chose pour tout le monde. Les points forts annuels dans ce domaine sont les suivants: <strong>Journ\u00e9e des r\u00e9fugi\u00e9s<\/strong> En juin et notre <strong>F\u00eate d'\u00e9t\u00e9<\/strong> en septembre.<\/p>\n\n\n\n<h3 class=\"wp-block-heading\">Cours d'int\u00e9gration<\/h3>\n\n\n\n<p>Dans notre d\u00e9partement de cours d'allemand, nous offrons <strong>Cours g\u00e9n\u00e9raux d'int\u00e9gration<\/strong> et <strong>Cours d'int\u00e9gration avec alphab\u00e9tisation<\/strong> ANN. Un <strong>Cours d'alphab\u00e9tisation<\/strong> C'est un cours d'int\u00e9gration sp\u00e9cial pour les immigrants qui ne savent pas \u00e9crire et lire l'alphabet allemand. Vous y apprendrez \u00e0 la fois la langue allemande et l'alphabet allemand. En Allemagne, on utilise l'\u00e9criture latine. L'Office f\u00e9d\u00e9ral des migrations et des r\u00e9fugi\u00e9s soutient ces cours. L'abr\u00e9viation de l'Office f\u00e9d\u00e9ral est <strong>BAMF.<\/strong><\/p>\n\n\n\n<p>Dans le<strong> Cours g\u00e9n\u00e9ral <\/strong>Apprenez l'allemand en 600 heures de cours. Apr\u00e8s cela, vous pouvez apprendre l'allemand au niveau de la langue <strong>B1 <\/strong>Les cours de langue peuvent \u00eatre compl\u00e9t\u00e9s avec un certain niveau de langue. Voici les niveaux de langue de <strong>Cadre europ\u00e9en commun de r\u00e9f\u00e9rence. <\/strong>L'abr\u00e9viation est<strong> GER.<\/strong> Il y a six niveaux diff\u00e9rents pour les niveaux de langue: de A1 \u00e0 C2. Les \u00e9tapes montrent \u00e0 quel point vous savez parler une langue \u00e9trang\u00e8re.<\/p>\n\n\n\n<p>Plus d'infos: <a href=\"http:\/\/www.bamf.de\/DE\/Willkommen\/DeutschLernen\/Integrationskurse\/InhaltAblauf\/inhaltablauf-node.html\" target=\"_blank\" rel=\"noopener\">www.bamf.de\/Integrationskurse<\/a><\/p>\n\n\n\n<p><br>Les cours d'int\u00e9gration se terminent tous les deux par ces tests finaux:<\/p>\n\n\n\n<ul class=\"wp-block-list\">\n<li><strong>Test d'allemand pour les immigrants.<\/strong> L'abr\u00e9viation est <strong>DTZ.<\/strong><\/li>\n\n\n\n<li>et <strong>Vivre en Allemagne. <\/strong>\u00a0L'abr\u00e9viation est <strong>LiD.<\/strong><\/li>\n<\/ul>\n\n\n\n<p>Vous ne pouvez vous inscrire qu'en personne \u00e0 un cours d'int\u00e9gration au bureau.<\/p>\n\n\n\n<h3 class=\"wp-block-heading\">Chers conseillers!<\/h3>\n\n\n\n<p>Le service de conseil en migration pour adultes a pour but d'accompagner les personnes nouvellement immigr\u00e9es sur le chemin de la soci\u00e9t\u00e9 allemande. La consultation est gratuite et confidentielle. Nous soutenons les gens l\u00e0-bas afin qu'ils puissent \u00e9galement utiliser leurs droits. Nous encourageons \u00e9galement les gens \u00e0 agir le plus possible dans tous les domaines de la vie.&nbsp;<\/p>\n\n\n\n<p>Les migrants et les expatri\u00e9s tardifs ne sont pas les seuls \u00e0 pouvoir b\u00e9n\u00e9ficier de ces conseils. La consultation est \u00e9galement pour les r\u00e9fugi\u00e9s dans la proc\u00e9dure d'asile. C'est le cas pour les r\u00e9fugi\u00e9s avec <strong>Perspective de s\u00e9jour<\/strong>, qui sont arriv\u00e9s en Allemagne jusqu\u2019au 31 juillet 2019. Perspective de rester signifie que les gens d'autres pays resteront probablement plus longtemps en Allemagne. C'est le cas pour les r\u00e9fugi\u00e9s:<\/p>\n\n\n\n<ul class=\"wp-block-list\">\n<li>\u00c9rythr\u00e9e<\/li>\n\n\n\n<li>Somalie<\/li>\n\n\n\n<li>Syrie<\/li>\n\n\n\n<li>Iran<\/li>\n\n\n\n<li>Iraq<\/li>\n<\/ul>\n\n\n\n<p>Et la consultation est pour les r\u00e9fugi\u00e9s avec une perspective de s\u00e9jour qui sont arriv\u00e9s en Allemagne \u00e0 partir du 1er ao\u00fbt 2019. C'est le cas pour les r\u00e9fugi\u00e9s:<\/p>\n\n\n\n<ul class=\"wp-block-list\">\n<li>\u00c9rythr\u00e9e<\/li>\n\n\n\n<li>Syrie<\/li>\n<\/ul>\n\n\n\n<p>Les membres de la famille regroup\u00e9s peuvent \u00e9galement b\u00e9n\u00e9ficier des conseils.<\/p>\n\n\n\n<h3 class=\"wp-block-heading\">Les conseils sont donn\u00e9s sur ces sujets<\/h3>\n\n\n\n<ul class=\"wp-block-list\">\n<li>Apprendre l'allemand, Cours d'int\u00e9gration<\/li>\n\n\n\n<li>Logement<\/li>\n\n\n\n<li>Jardin d'enfants, \u00e9cole, \u00e9ducation<\/li>\n\n\n\n<li>Profession, travail<\/li>\n\n\n\n<li><strong>Questions juridiques:<\/strong> Loi sur le s\u00e9jour, loi sociale: Il s'agit par exemple du centre d'emploi. Loi sur la nationalit\u00e9, la loi sur le travail ou la loi civile<\/li>\n\n\n\n<li>Famille et \u00e9ducation, environnement social et loisirs<\/li>\n\n\n\n<li>Questions de sant\u00e9, exp\u00e9rience de violence, traumatisme: Par exemple, l'exp\u00e9rience de la guerre. handicap<\/li>\n\n\n\n<li>Autres centres de conseil et offres d'aide<\/li>\n<\/ul>\n\n\n\n<h3 class=\"wp-block-heading\">Zone de KiJu<\/h3>\n\n\n\n<p>L'IBZ est un organisme reconnu d'aide \u00e0 l'enfance et \u00e0 la jeunesse. Dans l'open <strong>Secteur de l'enfance et de la jeunesse <\/strong>(KiJu) nous avons des offres et des projets pour tous les enfants et adolescents de 0 \u00e0 27 ans. L'abr\u00e9viation pour le domaine de l'enfance et de la jeunesse est <strong>Kiju. <\/strong>Tout le monde peut participer. Peu importe:<\/p>\n\n\n\n<ul class=\"wp-block-list\">\n<li>Quelle religion a quelqu'un?<\/li>\n\n\n\n<li>Que quelqu'un soit riche ou pauvre.<\/li>\n\n\n\n<li>Le sexe de quelqu'un.<\/li>\n<\/ul>\n\n\n\n<p><br>La caract\u00e9ristique la plus importante de l'espace ouvert pour les enfants et les jeunes est que tous participent volontairement aux offres et aux \u00e9v\u00e9nements.<\/p>\n\n\n\n<h3 class=\"wp-block-heading\">Formation politique continue \u00e0 l'IBZ<\/h3>\n\n\n\n<p>Le <strong>\u0152uvre de formation interculturelle Friedenshaus<\/strong> est un \u00e9tablissement d\u2019\u00e9ducation et de formation des adultes \u00e0 caract\u00e8re politique reconnu par l\u2019\u00c9tat. L'abr\u00e9viation est <strong>IBF.<\/strong><\/p>\n\n\n\n<p>Nous proposons des cours, des s\u00e9ances d'information et des s\u00e9ances de discussion sur les sujets suivants:<\/p>\n\n\n\n<ul class=\"wp-block-list\">\n<li>Immigration et int\u00e9gration<\/li>\n\n\n\n<li>D\u00e9mocratie vivante \u2013 Participer et g\u00e9rer correctement les diff\u00e9rents m\u00e9dias<\/li>\n\n\n\n<li>Droits de l'homme et culture politique<\/li>\n\n\n\n<li>Politique internationale<\/li>\n\n\n\n<li>Changement climatique et d\u00e9veloppement: que faire sur le terrain? Que peut-on faire dans le monde entier?<\/li>\n\n\n\n<li>Changements dans la structure de la population<\/li>\n<\/ul>\n\n\n\n<p><br>Les cours et \u00e9v\u00e9nements de l'IBF sont pour:<\/p>\n\n\n\n<ul class=\"wp-block-list\">\n<li>Les r\u00e9fugi\u00e9s<\/li>\n\n\n\n<li>migrants<\/li>\n\n\n\n<li>et <strong>Les gens de couleur.<\/strong> Ce sont des gens qui ont \u00e9t\u00e9 mal trait\u00e9s en raison de leur couleur de peau.<\/li>\n\n\n\n<li>Toute personne int\u00e9ress\u00e9e \u00e0 partir de 16 ans<\/li>\n<\/ul>\n\n\n\n<p>La participation \u00e0 nos \u00e9v\u00e9nements et cours est g\u00e9n\u00e9ralement gratuite. Cela devrait \u00e9galement permettre aux personnes ayant peu ou pas d'argent d'assister aux \u00e9v\u00e9nements et aux cours.<\/p>\n\n\n\n<p><strong>Traduction r\u00e9alis\u00e9e par:<\/strong> Tobias Berger; <strong>Date :<\/strong> f\u00e9vrier 2024;&nbsp;&nbsp;&nbsp;&nbsp;&nbsp;&nbsp;&nbsp;&nbsp;&nbsp;&nbsp;&nbsp;&nbsp;&nbsp;&nbsp;&nbsp;&nbsp;&nbsp;&nbsp;&nbsp;&nbsp;&nbsp;&nbsp;&nbsp;&nbsp;&nbsp;&nbsp;&nbsp;&nbsp;&nbsp;&nbsp;&nbsp;&nbsp;&nbsp;&nbsp;&nbsp;&nbsp;&nbsp;&nbsp;&nbsp;&nbsp;&nbsp;&nbsp;&nbsp;&nbsp;&nbsp;&nbsp;&nbsp;&nbsp;&nbsp;&nbsp;&nbsp;&nbsp;&nbsp; <strong><br>Bureau de la Langue L\u00e9g\u00e8re Bethel: <\/strong>www.leichtesprache-bethel.de<\/p>","protected":false},"excerpt":{"rendered":"<p>Infos in Einfacher Sprache Das IBZ Friedenshaus ist ein Verein in Bielefeld. IBZ ist die Abk\u00fcrzung f\u00fcr Internationales Begegnungszentrum. Hier k\u00f6nnen sich Menschen aus allen m\u00f6glichen L\u00e4ndern der Welt treffen&#8230;.<\/p>","protected":false},"author":2,"featured_media":0,"parent":0,"menu_order":0,"comment_status":"closed","ping_status":"closed","template":"","meta":{"_acf_changed":false,"footnotes":""},"ibz_department":[],"class_list":["post-4123","page","type-page","status-publish","hentry"],"acf":[],"_links":{"self":[{"href":"https:\/\/ibz-bielefeld.de\/fr\/wp-json\/wp\/v2\/pages\/4123","targetHints":{"allow":["GET"]}}],"collection":[{"href":"https:\/\/ibz-bielefeld.de\/fr\/wp-json\/wp\/v2\/pages"}],"about":[{"href":"https:\/\/ibz-bielefeld.de\/fr\/wp-json\/wp\/v2\/types\/page"}],"author":[{"embeddable":true,"href":"https:\/\/ibz-bielefeld.de\/fr\/wp-json\/wp\/v2\/users\/2"}],"replies":[{"embeddable":true,"href":"https:\/\/ibz-bielefeld.de\/fr\/wp-json\/wp\/v2\/comments?post=4123"}],"version-history":[{"count":0,"href":"https:\/\/ibz-bielefeld.de\/fr\/wp-json\/wp\/v2\/pages\/4123\/revisions"}],"wp:attachment":[{"href":"https:\/\/ibz-bielefeld.de\/fr\/wp-json\/wp\/v2\/media?parent=4123"}],"wp:term":[{"taxonomy":"ibz_department","embeddable":true,"href":"https:\/\/ibz-bielefeld.de\/fr\/wp-json\/wp\/v2\/ibz_department?post=4123"}],"curies":[{"name":"wp","href":"https:\/\/api.w.org\/{rel}","templated":true}]}}