{"id":1150,"date":"2025-07-10T14:21:22","date_gmt":"2025-07-10T12:21:22","guid":{"rendered":"https:\/\/ibz-bielefeld.de\/?page_id=1150"},"modified":"2026-03-10T12:44:02","modified_gmt":"2026-03-10T11:44:02","slug":"politische-bildung","status":"publish","type":"page","link":"https:\/\/ibz-bielefeld.de\/pt\/politische-bildung\/","title":{"rendered":"Educa\u00e7\u00e3o pol\u00edtica"},"content":{"rendered":"","protected":false},"excerpt":{"rendered":"","protected":false},"author":2,"featured_media":0,"parent":0,"menu_order":0,"comment_status":"closed","ping_status":"closed","template":"template-parts\/department.php","meta":{"_acf_changed":false,"footnotes":""},"ibz_department":[92],"class_list":["post-1150","page","type-page","status-publish","hentry","ibz_department-politische-bildung"],"acf":[],"_links":{"self":[{"href":"https:\/\/ibz-bielefeld.de\/pt\/wp-json\/wp\/v2\/pages\/1150","targetHints":{"allow":["GET"]}}],"collection":[{"href":"https:\/\/ibz-bielefeld.de\/pt\/wp-json\/wp\/v2\/pages"}],"about":[{"href":"https:\/\/ibz-bielefeld.de\/pt\/wp-json\/wp\/v2\/types\/page"}],"author":[{"embeddable":true,"href":"https:\/\/ibz-bielefeld.de\/pt\/wp-json\/wp\/v2\/users\/2"}],"replies":[{"embeddable":true,"href":"https:\/\/ibz-bielefeld.de\/pt\/wp-json\/wp\/v2\/comments?post=1150"}],"version-history":[{"count":0,"href":"https:\/\/ibz-bielefeld.de\/pt\/wp-json\/wp\/v2\/pages\/1150\/revisions"}],"wp:attachment":[{"href":"https:\/\/ibz-bielefeld.de\/pt\/wp-json\/wp\/v2\/media?parent=1150"}],"wp:term":[{"taxonomy":"ibz_department","embeddable":true,"href":"https:\/\/ibz-bielefeld.de\/pt\/wp-json\/wp\/v2\/ibz_department?post=1150"}],"curies":[{"name":"wp","href":"https:\/\/api.w.org\/{rel}","templated":true}]}}