{"id":1720,"date":"2025-07-26T18:52:22","date_gmt":"2025-07-26T16:52:22","guid":{"rendered":"https:\/\/ibz-bielefeld.de\/?page_id=1720"},"modified":"2026-04-22T10:57:30","modified_gmt":"2026-04-22T08:57:30","slug":"leitbild","status":"publish","type":"page","link":"https:\/\/ibz-bielefeld.de\/pt\/leitbild\/","title":{"rendered":"Declara\u00e7\u00e3o de miss\u00e3o &amp; Objectivos"},"content":{"rendered":"<p>A IBZ defende a plena participa\u00e7\u00e3o social, social, pol\u00edtica e cultural de todas as pessoas. Opomo-nos firmemente a todas as formas de racismo, discrimina\u00e7\u00e3o e exclus\u00e3o social.<\/p>\n\n\n\n<p>Os objetivos da IBZ s\u00e3o a igualdade de direitos e oportunidades, bem como a plena participa\u00e7\u00e3o nos bens e liberdades de uma sociedade aberta e social, independentemente da origem ou do plano de vida pessoal. O equil\u00edbrio social, a justi\u00e7a distributiva global, a participa\u00e7\u00e3o e o direito \u00e0 liberdade de circula\u00e7\u00e3o s\u00e3o tanto um foco do trabalho da IBZ como a integra\u00e7\u00e3o e o direito de asilo e anti-racismo. O IBZ est\u00e1 aberto \u00e0 coopera\u00e7\u00e3o com indiv\u00edduos e grupos que est\u00e3o comprometidos com estes objetivos.<\/p>","protected":false},"excerpt":{"rendered":"<p>Das IBZ tritt f\u00fcr die volle gesellschaftliche, soziale, politische und kulturelle Partizipation aller Menschen ein. Wir wenden uns entschieden gegen alle Formen von Rassismus, Diskriminierung und sozialer Ausgrenzung. Die Ziele&#8230;<\/p>","protected":false},"author":2,"featured_media":0,"parent":0,"menu_order":0,"comment_status":"closed","ping_status":"closed","template":"template-parts\/About Sections.php","meta":{"_acf_changed":false,"footnotes":""},"ibz_department":[],"class_list":["post-1720","page","type-page","status-publish","hentry"],"acf":[],"_links":{"self":[{"href":"https:\/\/ibz-bielefeld.de\/pt\/wp-json\/wp\/v2\/pages\/1720","targetHints":{"allow":["GET"]}}],"collection":[{"href":"https:\/\/ibz-bielefeld.de\/pt\/wp-json\/wp\/v2\/pages"}],"about":[{"href":"https:\/\/ibz-bielefeld.de\/pt\/wp-json\/wp\/v2\/types\/page"}],"author":[{"embeddable":true,"href":"https:\/\/ibz-bielefeld.de\/pt\/wp-json\/wp\/v2\/users\/2"}],"replies":[{"embeddable":true,"href":"https:\/\/ibz-bielefeld.de\/pt\/wp-json\/wp\/v2\/comments?post=1720"}],"version-history":[{"count":3,"href":"https:\/\/ibz-bielefeld.de\/pt\/wp-json\/wp\/v2\/pages\/1720\/revisions"}],"predecessor-version":[{"id":5187,"href":"https:\/\/ibz-bielefeld.de\/pt\/wp-json\/wp\/v2\/pages\/1720\/revisions\/5187"}],"wp:attachment":[{"href":"https:\/\/ibz-bielefeld.de\/pt\/wp-json\/wp\/v2\/media?parent=1720"}],"wp:term":[{"taxonomy":"ibz_department","embeddable":true,"href":"https:\/\/ibz-bielefeld.de\/pt\/wp-json\/wp\/v2\/ibz_department?post=1720"}],"curies":[{"name":"wp","href":"https:\/\/api.w.org\/{rel}","templated":true}]}}