{"id":2044,"date":"2025-08-04T14:31:03","date_gmt":"2025-08-04T12:31:03","guid":{"rendered":"https:\/\/ibz-bielefeld.de\/?page_id=2044"},"modified":"2026-04-16T20:45:47","modified_gmt":"2026-04-16T18:45:47","slug":"jobs","status":"publish","type":"page","link":"https:\/\/ibz-bielefeld.de\/pt\/jobs\/","title":{"rendered":"empregos"},"content":{"rendered":"<p><br><br><strong>Poder honor\u00e1rio<\/strong><\/p>\n\n\n\n<p>O IBZ est\u00e1 sempre \u00e0 procura de novos funcion\u00e1rios como professor para a nossa gama diversificada de cursos. Estamos ansiosos para novos conceitos de curso e oficina.<br>Todos os professores trabalham com a gente em uma base de taxa.<br>Se estiver interessado, contacte os chefes de departamento competentes.<br>A diversidade \u00e9 a base da nossa institui\u00e7\u00e3o. Congratulamo-nos com todas as aplica\u00e7\u00f5es, independentemente da origem, sexo, orienta\u00e7\u00e3o sexual, nacionalidade, religi\u00e3o\/cren\u00e7a, idade, capacidade f\u00edsica e identidade.<br>Se \u00e9 racista, antissemita, islamof\u00f3bico, mis\u00f3gino ou homof\u00f3bico, ou tem outras opini\u00f5es discriminat\u00f3rias, n\u00e3o somos o cliente certo para si.<\/p>\n\n\n\n<h3 class=\"wp-block-heading\">Departamento de cursos de alem\u00e3o<\/h3>\n\n\n\n<p>A aprova\u00e7\u00e3o do BAMF \u00e9 um pr\u00e9-requisito para o ensino de cursos de integra\u00e7\u00e3o. As primeiras experi\u00eancias s\u00e3o desej\u00e1veis, mas n\u00e3o uma condi\u00e7\u00e3o.<\/p>\n\n\n\n<p>Yameen Al Shumali<br>&nbsp;<a href=\"mailto:weiterbildung@ibz-bielefeld.de\">weiterbildung@ibz-bielefeld.de<\/a><br>&nbsp;0521\/5219037<\/p>\n\n\n\n<h3 class=\"wp-block-heading\">Forma\u00e7\u00e3o geral<\/h3>\n\n\n\n<p>N\u00e3o \u00e9 necess\u00e1ria forma\u00e7\u00e3o especial para a execu\u00e7\u00e3o dos cursos criativos, mas a experi\u00eancia deve estar dispon\u00edvel em fun\u00e7\u00e3o do conte\u00fado do curso (dan\u00e7a, l\u00edngua, etc.).<\/p>\n\n\n\n<p>Yameen Al Shumali<br>&nbsp;<a href=\"mailto:weiterbildung@ibz-bielefeld.de\">weiterbildung@ibz-bielefeld.de<\/a><br>&nbsp;0521\/5219037<\/p>\n\n\n\n<h3 class=\"wp-block-heading\">Forma\u00e7\u00e3o pol\u00edtica<\/h3>\n\n\n\n<p>Para ensinar os cursos, um diploma de bacharel (ou superior) e experi\u00eancia de acordo com o respetivo t\u00f3pico (por exemplo, por voluntariado) s\u00e3o vantajosos.<\/p>\n\n\n\n<p>Sarah Adameh<br>&nbsp;<a href=\"mailto:politische.bildung@ibz-bielefeld.de\">politische.bildung@ibz-bielefeld.de<\/a><br>&nbsp;0521\/5219034<\/p>\n\n\n\n<h3 class=\"wp-block-heading\">F\u00f3runs de aprendizagem<\/h3>\n\n\n\n<p>Estudantes com estudos adequados (Mateu, Alem\u00e3o, Ingl\u00eas) s\u00e3o bem-vindos.<\/p>\n\n\n\n<p>Younes Nadir<br>&nbsp;<a href=\"mailto:kinderundjugend@ibz-bielefeld.de\">kinderundjugend@ibz-bielefeld.de<\/a><br>&nbsp;0521\/5219036<\/p>\n\n\n\n<h3 class=\"wp-block-heading\">est\u00e1gio<\/h3>\n\n\n\n<p>Oferecemos a oportunidade de fazer um est\u00e1gio em todas as \u00e1reas da nossa empresa, quer sejam volunt\u00e1rias ou obrigat\u00f3rias. O est\u00e1gio para estudantes da DaF \u00e9 poss\u00edvel no departamento de integra\u00e7\u00e3o.<\/p>\n\n\n\n<p>Por favor contacte o respetivo departamento por e-mail ou telefone.<br>A diversidade \u00e9 a base da nossa institui\u00e7\u00e3o. Congratulamo-nos com todas as aplica\u00e7\u00f5es, independentemente da origem, sexo, orienta\u00e7\u00e3o sexual, nacionalidade, religi\u00e3o\/cren\u00e7a, idade, capacidade f\u00edsica e identidade. Se \u00e9 racista, antissemita, islamof\u00f3bico, mis\u00f3gino ou homof\u00f3bico, ou tem outras opini\u00f5es discriminat\u00f3rias, n\u00e3o somos o empregador certo para si.<\/p>\n\n\n\n<p>Para quest\u00f5es gerais, contactar:<\/p>\n\n\n\n<p>Johanna Al Shumali<br>gest\u00e3o<br>&nbsp;0521\/5219033<br>&nbsp;<a href=\"mailto:leitung@ibz-bielefeld.de\">leitung@ibz-bielefeld.de<\/a><\/p>","protected":false},"excerpt":{"rendered":"<p>Honorarkraft Das IBZ sucht stets neue Mitarbeitende als Lehrkraft f\u00fcr unser vielf\u00e4ltiges Kursangebot. Wir freuen uns \u00fcber neue Kurs- und Workshopkonzepte.Alle Dozierende arbeiten bei uns auf Honorarbasis.Bei Interesse wenden Sie&#8230;<\/p>","protected":false},"author":2,"featured_media":0,"parent":0,"menu_order":0,"comment_status":"closed","ping_status":"closed","template":"template-parts\/About Sections.php","meta":{"_acf_changed":false,"footnotes":""},"ibz_department":[],"class_list":["post-2044","page","type-page","status-publish","hentry"],"acf":[],"_links":{"self":[{"href":"https:\/\/ibz-bielefeld.de\/pt\/wp-json\/wp\/v2\/pages\/2044","targetHints":{"allow":["GET"]}}],"collection":[{"href":"https:\/\/ibz-bielefeld.de\/pt\/wp-json\/wp\/v2\/pages"}],"about":[{"href":"https:\/\/ibz-bielefeld.de\/pt\/wp-json\/wp\/v2\/types\/page"}],"author":[{"embeddable":true,"href":"https:\/\/ibz-bielefeld.de\/pt\/wp-json\/wp\/v2\/users\/2"}],"replies":[{"embeddable":true,"href":"https:\/\/ibz-bielefeld.de\/pt\/wp-json\/wp\/v2\/comments?post=2044"}],"version-history":[{"count":1,"href":"https:\/\/ibz-bielefeld.de\/pt\/wp-json\/wp\/v2\/pages\/2044\/revisions"}],"predecessor-version":[{"id":5149,"href":"https:\/\/ibz-bielefeld.de\/pt\/wp-json\/wp\/v2\/pages\/2044\/revisions\/5149"}],"wp:attachment":[{"href":"https:\/\/ibz-bielefeld.de\/pt\/wp-json\/wp\/v2\/media?parent=2044"}],"wp:term":[{"taxonomy":"ibz_department","embeddable":true,"href":"https:\/\/ibz-bielefeld.de\/pt\/wp-json\/wp\/v2\/ibz_department?post=2044"}],"curies":[{"name":"wp","href":"https:\/\/api.w.org\/{rel}","templated":true}]}}