{"id":2050,"date":"2025-08-04T14:32:55","date_gmt":"2025-08-04T12:32:55","guid":{"rendered":"https:\/\/ibz-bielefeld.de\/?page_id=2050"},"modified":"2026-03-08T17:26:40","modified_gmt":"2026-03-08T16:26:40","slug":"mitglied-werden","status":"publish","type":"page","link":"https:\/\/ibz-bielefeld.de\/pt\/mitglied-werden\/","title":{"rendered":"Tornar-se membro"},"content":{"rendered":"<h1 class=\"wp-block-heading\"><strong>Torne-se parte da IBZ \u2013 Viver juntos a diversidade!<\/strong><\/h1>\n\n\n\n<p>Como membro, torna-se parte da nossa comunidade colorida e apoia um lugar onde a abertura, o respeito e o encontro real n\u00e3o s\u00e3o apenas palavras, mas a vida quotidiana.<\/p>\n\n\n\n<p><strong>Est\u00e1s a mover alguma coisa.<\/strong><br>Com a sua ades\u00e3o, refor\u00e7ar\u00e1 os projetos que ligam as pessoas \u2013 desde eventos culturais a oportunidades para os jovens e apoio a novos imigrantes.<\/p>\n\n\n\n<p><strong>Est\u00e1s no meio disto, em vez de estares ali.<\/strong><br>Pode contribuir, ajudar a moldar e definir novos impulsos. Criativo, pol\u00edtico ou social, \u00e9 aqui que todos encontram o seu lugar.<\/p>\n\n\n\n<p><strong>Experimenta a diversidade.<\/strong><br>Festivais internacionais, workshops, discuss\u00f5es pol\u00edticas, noites culturais, eventos infantis e juvenis \u2026 connosco nunca se aborrece!<\/p>\n\n\n\n<p><strong>Conheces pessoas excitantes.<\/strong><br>Na IBZ encontram-se pessoas de muitos pa\u00edses, com diferentes caminhos de vida e objetivos comuns.<\/p>\n\n\n\n<h2 class=\"wp-block-heading\"><strong>O que significa para si ser membro?<\/strong><\/h2>\n\n\n\n<ul class=\"wp-block-list\">\n<li>Acesso a actividades conjuntas, grupos &amp; workshops<\/li>\n\n\n\n<li>Direito de voto para decis\u00f5es importantes na associa\u00e7\u00e3o<\/li>\n\n\n\n<li>Uma enorme rede de pessoas dedicadas e abertas<\/li>\n\n\n\n<li>A boa sensa\u00e7\u00e3o de apoiar alguma coisa significativa<\/li>\n<\/ul>\n\n\n\n<h2 class=\"wp-block-heading\"><strong>Quer tornar-se membro?<\/strong><\/h2>\n\n\n\n<p>\u00d3ptima ideia!<br>Escreva-nos, ligue ou apenas venha. Estamos ansiosos para v\u00ea-lo e trabalhar em conjunto para criar um IBZ ainda mais vibrante!<\/p>\n\n\n\n<p><strong>Torne-se parte da nossa comunidade. Torne-se um membro do IBZ.<\/strong><\/p>\n\n\n\n<p>Escreva-nos em <a href=\"mailto:info@ibz.bielefeld.de\">info@ibz.bielefeld.de<\/a><\/p>\n\n\n\n<p><\/p>","protected":false},"excerpt":{"rendered":"<p>Werde Teil des IBZ \u2013 Gemeinsam Vielfalt leben! Als Mitglied wirst du ein Teil unserer bunten Community und unterst\u00fctzt einen Ort, an dem Offenheit, Respekt und echte Begegnung nicht nur&#8230;<\/p>","protected":false},"author":2,"featured_media":0,"parent":0,"menu_order":0,"comment_status":"closed","ping_status":"closed","template":"template-parts\/About Sections.php","meta":{"_acf_changed":false,"footnotes":""},"ibz_department":[],"class_list":["post-2050","page","type-page","status-publish","hentry"],"acf":[],"_links":{"self":[{"href":"https:\/\/ibz-bielefeld.de\/pt\/wp-json\/wp\/v2\/pages\/2050","targetHints":{"allow":["GET"]}}],"collection":[{"href":"https:\/\/ibz-bielefeld.de\/pt\/wp-json\/wp\/v2\/pages"}],"about":[{"href":"https:\/\/ibz-bielefeld.de\/pt\/wp-json\/wp\/v2\/types\/page"}],"author":[{"embeddable":true,"href":"https:\/\/ibz-bielefeld.de\/pt\/wp-json\/wp\/v2\/users\/2"}],"replies":[{"embeddable":true,"href":"https:\/\/ibz-bielefeld.de\/pt\/wp-json\/wp\/v2\/comments?post=2050"}],"version-history":[{"count":0,"href":"https:\/\/ibz-bielefeld.de\/pt\/wp-json\/wp\/v2\/pages\/2050\/revisions"}],"wp:attachment":[{"href":"https:\/\/ibz-bielefeld.de\/pt\/wp-json\/wp\/v2\/media?parent=2050"}],"wp:term":[{"taxonomy":"ibz_department","embeddable":true,"href":"https:\/\/ibz-bielefeld.de\/pt\/wp-json\/wp\/v2\/ibz_department?post=2050"}],"curies":[{"name":"wp","href":"https:\/\/api.w.org\/{rel}","templated":true}]}}