{"id":3796,"date":"2025-09-02T10:24:48","date_gmt":"2025-09-02T08:24:48","guid":{"rendered":"https:\/\/ibz-bielefeld.de\/?page_id=3796"},"modified":"2025-09-02T10:27:02","modified_gmt":"2025-09-02T08:27:02","slug":"impressum","status":"publish","type":"page","link":"https:\/\/ibz-bielefeld.de\/pt\/impressum\/","title":{"rendered":"Declara\u00e7\u00e3o de exonera\u00e7\u00e3o de responsabilidade"},"content":{"rendered":"<h2 class=\"wp-block-heading\">Informa\u00e7\u00f5es de acordo com o \u00a7 5 do TMG<\/h2>\n\n\n\n<p>Centro Internacional de Encontros Peace House e.V.<br>Teutoburger Str. 106<br>33607 Bielefeld<\/p>\n\n\n\n<p>Registo das associa\u00e7\u00f5es: VR 2044<br>Tribunal de registo: Tribunal Distrital de Bielefeld<\/p>\n\n\n\n<h3 class=\"wp-block-heading\">Representado pelo Conselho de Administra\u00e7\u00e3o<\/h3>\n\n\n\n<p>Viola obasohan<br>Dr. Asma Ait Allali<br>Sven Ga\u00dfmann<\/p>\n\n\n\n<h2 class=\"wp-block-heading\">contacto<\/h2>\n\n\n\n<p>Endere\u00e7o eletr\u00f3nico: info@ibz-bielefeld.de<\/p>\n\n\n\n<h3 class=\"wp-block-heading\">Informa\u00e7\u00f5es de acordo com a Lei de Resolu\u00e7\u00e3o de Lit\u00edgios de Consumo (VSBG)<\/h3>\n\n\n\n<p>N\u00e3o estamos dispostos ou obrigados a participar em procedimentos de resolu\u00e7\u00e3o de lit\u00edgios perante uma comiss\u00e3o de arbitragem de consumidores.<\/p>\n\n\n\n<h3 class=\"wp-block-heading\">Responsabilidade pelo conte\u00fado<\/h3>\n\n\n\n<p>Como prestador de servi\u00e7os, somos respons\u00e1veis de acordo com o \u00a7 7 Abs.1 TMG pelo nosso pr\u00f3prio conte\u00fado nestas p\u00e1ginas de acordo com as leis gerais. De acordo com os \u00a7\u00a7 8 a 10 da TMG, no entanto, n\u00f3s, como prestadores de servi\u00e7os, n\u00e3o somos obrigados a monitorar informa\u00e7\u00f5es transmitidas ou armazenadas de terceiros ou a investigar circunst\u00e2ncias que indiquem atividade ilegal.<\/p>\n\n\n\n<p>As obriga\u00e7\u00f5es de remover ou bloquear o uso de informa\u00e7\u00f5es sob as leis gerais permanecem inalteradas. No entanto, a responsabilidade a este respeito s\u00f3 \u00e9 poss\u00edvel a partir do momento em que se tenha conhecimento de uma infra\u00e7\u00e3o espec\u00edfica. Se tomarmos conhecimento de viola\u00e7\u00f5es legais correspondentes, removeremos este conte\u00fado imediatamente.<\/p>\n\n\n\n<h3 class=\"wp-block-heading\">Responsabilidade por liga\u00e7\u00f5es<\/h3>\n\n\n\n<p>A nossa oferta cont\u00e9m liga\u00e7\u00f5es para websites externos de terceiros sobre cujos conte\u00fados n\u00e3o temos qualquer influ\u00eancia. Portanto, n\u00e3o podemos assumir qualquer responsabilidade por este conte\u00fado externo. O respetivo fornecedor ou operador das p\u00e1ginas \u00e9 sempre respons\u00e1vel pelo conte\u00fado das p\u00e1ginas ligadas. As p\u00e1ginas vinculadas foram verificadas quanto a poss\u00edveis viola\u00e7\u00f5es legais no momento da vincula\u00e7\u00e3o. Conte\u00fado ilegal n\u00e3o era reconhec\u00edvel no momento da liga\u00e7\u00e3o.<\/p>\n\n\n\n<p>No entanto, um controlo permanente do conte\u00fado das p\u00e1ginas ligadas n\u00e3o \u00e9 razo\u00e1vel sem indica\u00e7\u00f5es concretas de uma viola\u00e7\u00e3o da lei. Ao tomar conhecimento de viola\u00e7\u00f5es legais, eliminaremos imediatamente tais liga\u00e7\u00f5es.<\/p>\n\n\n\n<h3 class=\"wp-block-heading\">direitos de autor<\/h3>\n\n\n\n<p>O conte\u00fado e os trabalhos criados pelos operadores do site nestas p\u00e1ginas est\u00e3o sujeitos \u00e0 lei alem\u00e3 de direitos autorais. A reprodu\u00e7\u00e3o, processamento, distribui\u00e7\u00e3o e qualquer tipo de explora\u00e7\u00e3o fora dos limites da lei de direitos autorais requerem o consentimento por escrito do respetivo autor ou criador. Os downloads e c\u00f3pias deste site s\u00f3 s\u00e3o permitidos para utiliza\u00e7\u00e3o privada e n\u00e3o comercial.<\/p>\n\n\n\n<p>Na medida em que o conte\u00fado desta p\u00e1gina n\u00e3o foi criado pelo operador, os direitos autorais de terceiros s\u00e3o observados. Em particular, o conte\u00fado de terceiros \u00e9 marcado como tal. Se, no entanto, tiver conhecimento de uma viola\u00e7\u00e3o de direitos de autor, solicitamos uma notifica\u00e7\u00e3o correspondente. Ao tomar conhecimento de viola\u00e7\u00f5es legais, removeremos imediatamente tal conte\u00fado.<\/p>\n\n\n\n<p>Fonte: <a href=\"https:\/\/www.e-recht24.de\" target=\"_blank\" rel=\"noreferrer noopener\">www.e-recht24.de<\/a><\/p>\n\n\n\n<h3 class=\"wp-block-heading\">Cr\u00e9ditos de fotografias<\/h3>\n\n\n\n<p>fotolia.de <\/p>\n\n\n\n<p>90973610 ?? Autor(es): Trueffelpix<\/p>","protected":false},"excerpt":{"rendered":"<p>Angaben gem\u00e4\u00df \u00a7 5 TMG Internationales Begegnungszentrum Friedenshaus e.V.Teutoburger Str. 10633607 Bielefeld Vereinsregister: VR 2044Registergericht: Amtsgericht Bielefeld Vertreten durch den Vorstand Viola ObasohanDr. Asma Ait AllaliSven Ga\u00dfmann Kontakt E-Mail: info@ibz-bielefeld.de&#8230;<\/p>","protected":false},"author":2,"featured_media":0,"parent":0,"menu_order":0,"comment_status":"closed","ping_status":"closed","template":"template-parts\/About Sections.php","meta":{"_acf_changed":false,"footnotes":""},"ibz_department":[],"class_list":["post-3796","page","type-page","status-publish","hentry"],"acf":[],"_links":{"self":[{"href":"https:\/\/ibz-bielefeld.de\/pt\/wp-json\/wp\/v2\/pages\/3796","targetHints":{"allow":["GET"]}}],"collection":[{"href":"https:\/\/ibz-bielefeld.de\/pt\/wp-json\/wp\/v2\/pages"}],"about":[{"href":"https:\/\/ibz-bielefeld.de\/pt\/wp-json\/wp\/v2\/types\/page"}],"author":[{"embeddable":true,"href":"https:\/\/ibz-bielefeld.de\/pt\/wp-json\/wp\/v2\/users\/2"}],"replies":[{"embeddable":true,"href":"https:\/\/ibz-bielefeld.de\/pt\/wp-json\/wp\/v2\/comments?post=3796"}],"version-history":[{"count":0,"href":"https:\/\/ibz-bielefeld.de\/pt\/wp-json\/wp\/v2\/pages\/3796\/revisions"}],"wp:attachment":[{"href":"https:\/\/ibz-bielefeld.de\/pt\/wp-json\/wp\/v2\/media?parent=3796"}],"wp:term":[{"taxonomy":"ibz_department","embeddable":true,"href":"https:\/\/ibz-bielefeld.de\/pt\/wp-json\/wp\/v2\/ibz_department?post=3796"}],"curies":[{"name":"wp","href":"https:\/\/api.w.org\/{rel}","templated":true}]}}