{"id":4114,"date":"2025-10-21T16:46:36","date_gmt":"2025-10-21T14:46:36","guid":{"rendered":"https:\/\/ibz-bielefeld.de\/?page_id=4114"},"modified":"2026-04-23T12:57:45","modified_gmt":"2026-04-23T10:57:45","slug":"schulungsangebote","status":"publish","type":"page","link":"https:\/\/ibz-bielefeld.de\/pt\/schulungsangebote\/","title":{"rendered":"Ofertas educativas internas"},"content":{"rendered":"<p>Descubra as nossas oficinas pr\u00e1ticas sobre temas como o desenvolvimento organizacional, a anti-discrimina\u00e7\u00e3o &amp; o anti-racismo, a diversidade &amp; a inclus\u00e3o, a comunica\u00e7\u00e3o apreciativa e a experi\u00eancia da democracia.<br>As nossas ofertas incluem workshops sobre:<\/p>\n\n\n\n<p><\/p>\n\n\n\n<p class=\"has-text-align-left\"><strong>Experiencie a democracia<\/strong> \u2013 Experi\u00eancia pr\u00e1tica de co-determina\u00e7\u00e3o, participa\u00e7\u00e3o e processos democr\u00e1ticos<br><strong>Desenvolvimento organizacional<\/strong> \u2013 Configurar e melhorar em conjunto as estruturas e os processos<br><strong>Luta contra a discrimina\u00e7\u00e3o e o racismo<\/strong> \u2013 Sensibiliza\u00e7\u00e3o e possibilidades concretas de ac\u00e7\u00e3o na vida quotidiana<br><strong>Diversidade &amp; Inclus\u00e3o<\/strong> \u2013 Apreciar e promover activamente a diversidade<br><strong>Comunica\u00e7\u00e3o apreciativa<\/strong> \u2013 Reconhecer, compreender e resolver conflitos de forma construtiva<\/p>\n\n\n\n<p style=\"margin-top:var(--wp--preset--spacing--30);margin-bottom:var(--wp--preset--spacing--30)\">Os nossos cursos de forma\u00e7\u00e3o s\u00e3o interativos, emocionantes e adaptados \u00e0s suas necessidades \u2013 ideais para equipas, profissionais e qualquer pessoa que queira criar uma coexist\u00eancia respeitosa e inclusiva.<\/p>\n\n\n\n<p style=\"margin-top:var(--wp--preset--spacing--30);margin-bottom:var(--wp--preset--spacing--30)\"><strong>Tornou-se curioso?<\/strong><br>Contacte a nossa colega Christiane Telles-Esseling <a href=\"mailto:info@ibz-bielefeld.de\">info@ibz-bielefeld.de<\/a> \u2013 Esperamos ansiosamente v\u00ea-lo!<\/p>\n\n\n\n<p><\/p>\n\n\n\n<p><\/p>\n\n\n\n<figure class=\"wp-block-gallery has-nested-images columns-default is-cropped wp-block-gallery-1 is-layout-flex wp-block-gallery-is-layout-flex\">\n<figure class=\"wp-block-image size-large\"><img loading=\"lazy\" decoding=\"async\" width=\"768\" height=\"1024\" data-id=\"5203\" src=\"https:\/\/ibz-bielefeld.de\/wp-content\/uploads\/2026\/04\/WhatsApp-Image-2026-04-17-at-11.11.03-768x1024.jpeg\" alt=\"\" class=\"wp-image-5203\" srcset=\"https:\/\/ibz-bielefeld.de\/wp-content\/uploads\/2026\/04\/WhatsApp-Image-2026-04-17-at-11.11.03-768x1024.jpeg 768w, https:\/\/ibz-bielefeld.de\/wp-content\/uploads\/2026\/04\/WhatsApp-Image-2026-04-17-at-11.11.03-225x300.jpeg 225w, https:\/\/ibz-bielefeld.de\/wp-content\/uploads\/2026\/04\/WhatsApp-Image-2026-04-17-at-11.11.03-1152x1536.jpeg 1152w, https:\/\/ibz-bielefeld.de\/wp-content\/uploads\/2026\/04\/WhatsApp-Image-2026-04-17-at-11.11.03-9x12.jpeg 9w, https:\/\/ibz-bielefeld.de\/wp-content\/uploads\/2026\/04\/WhatsApp-Image-2026-04-17-at-11.11.03.jpeg 1200w\" sizes=\"auto, (max-width: 768px) 100vw, 768px\" \/><\/figure>\n\n\n\n<figure class=\"wp-block-image size-large\"><img loading=\"lazy\" decoding=\"async\" width=\"660\" height=\"856\" data-id=\"5209\" src=\"https:\/\/ibz-bielefeld.de\/wp-content\/uploads\/2026\/04\/inhouse06.png\" alt=\"\" class=\"wp-image-5209\" srcset=\"https:\/\/ibz-bielefeld.de\/wp-content\/uploads\/2026\/04\/inhouse06.png 660w, https:\/\/ibz-bielefeld.de\/wp-content\/uploads\/2026\/04\/inhouse06-231x300.png 231w, https:\/\/ibz-bielefeld.de\/wp-content\/uploads\/2026\/04\/inhouse06-9x12.png 9w, https:\/\/ibz-bielefeld.de\/wp-content\/uploads\/2026\/04\/inhouse06-412x535.png 412w\" sizes=\"auto, (max-width: 660px) 100vw, 660px\" \/><\/figure>\n\n\n\n<figure class=\"wp-block-image size-large\"><img loading=\"lazy\" decoding=\"async\" width=\"1024\" height=\"767\" data-id=\"4562\" src=\"https:\/\/ibz-bielefeld.de\/wp-content\/uploads\/2025\/12\/WhatsApp-Image-2024-09-23-at-16.44.35141-1024x767.jpeg\" alt=\"\" class=\"wp-image-4562\" srcset=\"https:\/\/ibz-bielefeld.de\/wp-content\/uploads\/2025\/12\/WhatsApp-Image-2024-09-23-at-16.44.35141-1024x767.jpeg 1024w, https:\/\/ibz-bielefeld.de\/wp-content\/uploads\/2025\/12\/WhatsApp-Image-2024-09-23-at-16.44.35141-300x225.jpeg 300w, https:\/\/ibz-bielefeld.de\/wp-content\/uploads\/2025\/12\/WhatsApp-Image-2024-09-23-at-16.44.35141-768x576.jpeg 768w, https:\/\/ibz-bielefeld.de\/wp-content\/uploads\/2025\/12\/WhatsApp-Image-2024-09-23-at-16.44.35141-1536x1151.jpeg 1536w, https:\/\/ibz-bielefeld.de\/wp-content\/uploads\/2025\/12\/WhatsApp-Image-2024-09-23-at-16.44.35141-16x12.jpeg 16w, https:\/\/ibz-bielefeld.de\/wp-content\/uploads\/2025\/12\/WhatsApp-Image-2024-09-23-at-16.44.35141.jpeg 1600w\" sizes=\"auto, (max-width: 1024px) 100vw, 1024px\" \/><\/figure>\n\n\n\n<figure class=\"wp-block-image size-large\"><img loading=\"lazy\" decoding=\"async\" width=\"836\" height=\"622\" data-id=\"5208\" src=\"https:\/\/ibz-bielefeld.de\/wp-content\/uploads\/2026\/04\/Inhouse07png.png\" alt=\"\" class=\"wp-image-5208\" srcset=\"https:\/\/ibz-bielefeld.de\/wp-content\/uploads\/2026\/04\/Inhouse07png.png 836w, https:\/\/ibz-bielefeld.de\/wp-content\/uploads\/2026\/04\/Inhouse07png-300x223.png 300w, https:\/\/ibz-bielefeld.de\/wp-content\/uploads\/2026\/04\/Inhouse07png-768x571.png 768w, https:\/\/ibz-bielefeld.de\/wp-content\/uploads\/2026\/04\/Inhouse07png-16x12.png 16w\" sizes=\"auto, (max-width: 836px) 100vw, 836px\" \/><\/figure>\n\n\n\n<figure class=\"wp-block-image size-large\"><img loading=\"lazy\" decoding=\"async\" width=\"677\" height=\"770\" data-id=\"5210\" src=\"https:\/\/ibz-bielefeld.de\/wp-content\/uploads\/2026\/04\/inhouse05.png\" alt=\"\" class=\"wp-image-5210\" srcset=\"https:\/\/ibz-bielefeld.de\/wp-content\/uploads\/2026\/04\/inhouse05.png 677w, https:\/\/ibz-bielefeld.de\/wp-content\/uploads\/2026\/04\/inhouse05-264x300.png 264w, https:\/\/ibz-bielefeld.de\/wp-content\/uploads\/2026\/04\/inhouse05-11x12.png 11w\" sizes=\"auto, (max-width: 677px) 100vw, 677px\" \/><\/figure>\n\n\n\n<figure class=\"wp-block-image size-large\"><img loading=\"lazy\" decoding=\"async\" width=\"794\" height=\"807\" data-id=\"5212\" src=\"https:\/\/ibz-bielefeld.de\/wp-content\/uploads\/2026\/04\/Inhouse03.png\" alt=\"\" class=\"wp-image-5212\" srcset=\"https:\/\/ibz-bielefeld.de\/wp-content\/uploads\/2026\/04\/Inhouse03.png 794w, https:\/\/ibz-bielefeld.de\/wp-content\/uploads\/2026\/04\/Inhouse03-295x300.png 295w, https:\/\/ibz-bielefeld.de\/wp-content\/uploads\/2026\/04\/Inhouse03-768x781.png 768w, https:\/\/ibz-bielefeld.de\/wp-content\/uploads\/2026\/04\/Inhouse03-12x12.png 12w\" sizes=\"auto, (max-width: 794px) 100vw, 794px\" \/><\/figure>\n\n\n\n<figure class=\"wp-block-image size-large\"><img loading=\"lazy\" decoding=\"async\" width=\"834\" height=\"799\" data-id=\"5211\" src=\"https:\/\/ibz-bielefeld.de\/wp-content\/uploads\/2026\/04\/Inhouse04.png\" alt=\"\" class=\"wp-image-5211\" srcset=\"https:\/\/ibz-bielefeld.de\/wp-content\/uploads\/2026\/04\/Inhouse04.png 834w, https:\/\/ibz-bielefeld.de\/wp-content\/uploads\/2026\/04\/Inhouse04-300x287.png 300w, https:\/\/ibz-bielefeld.de\/wp-content\/uploads\/2026\/04\/Inhouse04-768x736.png 768w, https:\/\/ibz-bielefeld.de\/wp-content\/uploads\/2026\/04\/Inhouse04-13x12.png 13w\" sizes=\"auto, (max-width: 834px) 100vw, 834px\" \/><\/figure>\n\n\n\n<figure class=\"wp-block-image size-large\"><img loading=\"lazy\" decoding=\"async\" width=\"637\" height=\"875\" data-id=\"5207\" src=\"https:\/\/ibz-bielefeld.de\/wp-content\/uploads\/2026\/04\/Inhouse08.png\" alt=\"\" class=\"wp-image-5207\" srcset=\"https:\/\/ibz-bielefeld.de\/wp-content\/uploads\/2026\/04\/Inhouse08.png 637w, https:\/\/ibz-bielefeld.de\/wp-content\/uploads\/2026\/04\/Inhouse08-218x300.png 218w, https:\/\/ibz-bielefeld.de\/wp-content\/uploads\/2026\/04\/Inhouse08-9x12.png 9w\" sizes=\"auto, (max-width: 637px) 100vw, 637px\" \/><\/figure>\n<\/figure>","protected":false},"excerpt":{"rendered":"<p>Entdecke unsere praxinnsnahen Workshops zu Themen wie Organisationsentwicklung, Antidiskriminierung &amp; Antirassismus, Vielfalt &amp; Inklusion, wertsch\u00e4tzende Kommunikation und Demokratie erleben.Zu unseren Angeboten geh\u00f6ren unter anderem Workshops zu: Demokratie erleben \u2013 Mitbestimmung,&#8230;<\/p>","protected":false},"author":2,"featured_media":0,"parent":0,"menu_order":0,"comment_status":"closed","ping_status":"closed","template":"","meta":{"_acf_changed":false,"footnotes":""},"ibz_department":[],"class_list":["post-4114","page","type-page","status-publish","hentry"],"acf":[],"_links":{"self":[{"href":"https:\/\/ibz-bielefeld.de\/pt\/wp-json\/wp\/v2\/pages\/4114","targetHints":{"allow":["GET"]}}],"collection":[{"href":"https:\/\/ibz-bielefeld.de\/pt\/wp-json\/wp\/v2\/pages"}],"about":[{"href":"https:\/\/ibz-bielefeld.de\/pt\/wp-json\/wp\/v2\/types\/page"}],"author":[{"embeddable":true,"href":"https:\/\/ibz-bielefeld.de\/pt\/wp-json\/wp\/v2\/users\/2"}],"replies":[{"embeddable":true,"href":"https:\/\/ibz-bielefeld.de\/pt\/wp-json\/wp\/v2\/comments?post=4114"}],"version-history":[{"count":8,"href":"https:\/\/ibz-bielefeld.de\/pt\/wp-json\/wp\/v2\/pages\/4114\/revisions"}],"predecessor-version":[{"id":5213,"href":"https:\/\/ibz-bielefeld.de\/pt\/wp-json\/wp\/v2\/pages\/4114\/revisions\/5213"}],"wp:attachment":[{"href":"https:\/\/ibz-bielefeld.de\/pt\/wp-json\/wp\/v2\/media?parent=4114"}],"wp:term":[{"taxonomy":"ibz_department","embeddable":true,"href":"https:\/\/ibz-bielefeld.de\/pt\/wp-json\/wp\/v2\/ibz_department?post=4114"}],"curies":[{"name":"wp","href":"https:\/\/api.w.org\/{rel}","templated":true}]}}