{"id":1720,"date":"2025-07-26T18:52:22","date_gmt":"2025-07-26T16:52:22","guid":{"rendered":"https:\/\/ibz-bielefeld.de\/?page_id=1720"},"modified":"2026-04-22T10:57:30","modified_gmt":"2026-04-22T08:57:30","slug":"leitbild","status":"publish","type":"page","link":"https:\/\/ibz-bielefeld.de\/tr\/leitbild\/","title":{"rendered":"Misyon beyan\u0131 &amp; amp; Hedefler"},"content":{"rendered":"<p>IBZ, t\u00fcm insanlar\u0131n tam sosyal, sosyal, politik ve k\u00fclt\u00fcrel kat\u0131l\u0131m\u0131n\u0131 savunmaktad\u0131r. Her t\u00fcrl\u00fc \u0131rk\u00e7\u0131l\u0131\u011fa, ayr\u0131mc\u0131l\u0131\u011fa ve sosyal d\u0131\u015flanmaya \u015fiddetle kar\u015f\u0131y\u0131z.<\/p>\n\n\n\n<p>IBZ'nin hedefleri, men\u015fei veya ki\u015fisel ya\u015fam plan\u0131 ne olursa olsun, e\u015fit haklar ve f\u0131rsatlar\u0131n yan\u0131 s\u0131ra a\u00e7\u0131k ve sosyal bir toplumun mal ve \u00f6zg\u00fcrl\u00fcklerine tam kat\u0131l\u0131md\u0131r. Sosyal denge, k\u00fcresel da\u011f\u0131t\u0131m adaleti, kat\u0131l\u0131m ve hareket \u00f6zg\u00fcrl\u00fc\u011f\u00fc hakk\u0131, IBZ'nin entegrasyon ve s\u0131\u011f\u0131nma hakk\u0131 ve \u0131rk\u00e7\u0131l\u0131k kar\u015f\u0131tl\u0131\u011f\u0131 gibi \u00e7al\u0131\u015fmalar\u0131n\u0131n odak noktas\u0131d\u0131r. IBZ, bu hedeflere ba\u011fl\u0131 bireyler ve gruplarla i\u015fbirli\u011fine a\u00e7\u0131kt\u0131r.<\/p>","protected":false},"excerpt":{"rendered":"<p>Das IBZ tritt f\u00fcr die volle gesellschaftliche, soziale, politische und kulturelle Partizipation aller Menschen ein. Wir wenden uns entschieden gegen alle Formen von Rassismus, Diskriminierung und sozialer Ausgrenzung. Die Ziele&#8230;<\/p>","protected":false},"author":2,"featured_media":0,"parent":0,"menu_order":0,"comment_status":"closed","ping_status":"closed","template":"template-parts\/About Sections.php","meta":{"_acf_changed":false,"footnotes":""},"ibz_department":[],"class_list":["post-1720","page","type-page","status-publish","hentry"],"acf":[],"_links":{"self":[{"href":"https:\/\/ibz-bielefeld.de\/tr\/wp-json\/wp\/v2\/pages\/1720","targetHints":{"allow":["GET"]}}],"collection":[{"href":"https:\/\/ibz-bielefeld.de\/tr\/wp-json\/wp\/v2\/pages"}],"about":[{"href":"https:\/\/ibz-bielefeld.de\/tr\/wp-json\/wp\/v2\/types\/page"}],"author":[{"embeddable":true,"href":"https:\/\/ibz-bielefeld.de\/tr\/wp-json\/wp\/v2\/users\/2"}],"replies":[{"embeddable":true,"href":"https:\/\/ibz-bielefeld.de\/tr\/wp-json\/wp\/v2\/comments?post=1720"}],"version-history":[{"count":3,"href":"https:\/\/ibz-bielefeld.de\/tr\/wp-json\/wp\/v2\/pages\/1720\/revisions"}],"predecessor-version":[{"id":5187,"href":"https:\/\/ibz-bielefeld.de\/tr\/wp-json\/wp\/v2\/pages\/1720\/revisions\/5187"}],"wp:attachment":[{"href":"https:\/\/ibz-bielefeld.de\/tr\/wp-json\/wp\/v2\/media?parent=1720"}],"wp:term":[{"taxonomy":"ibz_department","embeddable":true,"href":"https:\/\/ibz-bielefeld.de\/tr\/wp-json\/wp\/v2\/ibz_department?post=1720"}],"curies":[{"name":"wp","href":"https:\/\/api.w.org\/{rel}","templated":true}]}}