{"id":1722,"date":"2025-07-26T18:52:54","date_gmt":"2025-07-26T16:52:54","guid":{"rendered":"https:\/\/ibz-bielefeld.de\/?page_id=1722"},"modified":"2025-11-07T12:42:36","modified_gmt":"2025-11-07T11:42:36","slug":"satzung","status":"publish","type":"page","link":"https:\/\/ibz-bielefeld.de\/tr\/satzung\/","title":{"rendered":"\u015eablon: Stat\u00fcs\u00fc"},"content":{"rendered":"<h2 class=\"wp-block-heading\">Uluslararas\u0131 Toplant\u0131 Merkezi Bar\u0131\u015f Evi (IBZ)<\/h2>\n\n\n\n<p>Durum ve durum: 11.12.2022<\/p>\n\n\n\n<h3 class=\"wp-block-heading\">\u00a7 1 Derne\u011fin ad\u0131<\/h3>\n\n\n\n<p>1. Derne\u011fin ad\u0131 vard\u0131r: ULUSLARARASI TOPLANTI MERKEZ\u0130 FRIEDENSHAUS e.V. (IBZ)<br>2. Kul\u00fcp Bielefeld'de bulunmaktad\u0131r. 2044 numaras\u0131yla Bielefeld B\u00f6lge Mahkemesi derneklerinin siciline kay\u0131tl\u0131d\u0131r.<br>3. Mali y\u0131l, mevcut takvim y\u0131l\u0131d\u0131r.<br>4. Dernek, Alman Parite Refah Derne\u011fi'nin bir \u00fcyesidir.<\/p>\n\n\n\n<h3 class=\"wp-block-heading\">\u00a7 2 Derne\u011fin amac\u0131 ve amac\u0131<\/h3>\n\n\n\n<p>1. Derne\u011fin amac\u0131, uluslararas\u0131 anlay\u0131\u015fa ve t\u00fcm insanlar i\u00e7in f\u0131rsat e\u015fitli\u011fine ve e\u015fit haklara katk\u0131da bulunmakt\u0131r.<\/p>\n\n\n\n<p>Di\u011fer hedefler \u015funlard\u0131r:<\/p>\n\n\n\n<ul class=\"wp-block-list\">\n<li>k\u00fcresel olarak sorumlu ve a\u011f ba\u011flant\u0131l\u0131 d\u00fc\u015f\u00fcnce ve eylemin ger\u00e7ekle\u015ftirilmesi, tek d\u00fcnya sorunlar\u0131n\u0131n kamuya a\u00e7\u0131k olarak ele al\u0131nmas\u0131 ve kalk\u0131nma i\u015fbirli\u011finin te\u015fvik edilmesi;<\/li>\n\n\n\n<li>gen\u00e7lere, ya\u015fl\u0131lara ve engellilere yard\u0131m\u0131n yan\u0131 s\u0131ra e\u011fitim, halk ve mesleki e\u011fitim, sanat ve k\u00fclt\u00fcr ve sa\u011fl\u0131k hizmetlerinin te\u015fvik edilmesi.<\/li>\n<\/ul>\n\n\n\n<p>Bu hedeflere her t\u00fcrl\u00fc \u0131rk\u00e7\u0131l\u0131k, milliyet\u00e7ilik ve ayr\u0131mc\u0131l\u0131\u011fa kar\u015f\u0131 s\u00fcrekli \u00e7al\u0131\u015fma ile ula\u015f\u0131lacakt\u0131r. Bu ama\u00e7la dernek kendi faaliyetlerini geli\u015ftirir ve di\u011fer kurum ve kurulu\u015flarla i\u015fbirli\u011fi yapar.<\/p>\n\n\n\n<p>T\u00fcz\u00fc\u011f\u00fcn amac\u0131, \u00f6zellikle \u00e7ocuklar ve gen\u00e7ler, ya\u015fl\u0131lar ve engelliler i\u00e7in dan\u0131\u015fmanl\u0131k, e\u011fitim ve yard\u0131m sunarak ger\u00e7ekle\u015ftirilmektedir.<\/p>\n\n\n\n<p>Bu faaliyetler i\u00e7in k\u0131lavuzlar, farkl\u0131 ulusal k\u00f6kenlerden ve k\u00fclt\u00fcrel ili\u015fkilerden insanlar aras\u0131ndaki kar\u015f\u0131la\u015fma ve de\u011fi\u015fimdir.<\/p>\n\n\n\n<p>Dernek, hedeflerini ger\u00e7ekle\u015ftirmek i\u00e7in di\u011fer kar amac\u0131 g\u00fctmeyen kurulu\u015flara kat\u0131labilir.<\/p>\n\n\n\n<p>\u00d6z-sorumluluk ve \u00f6z-\u00f6rg\u00fctlenme ilkeleri \u00f6n plandad\u0131r.<\/p>\n\n\n\n<p>Derne\u011fin hedefleri yaln\u0131zca \u015fiddet i\u00e7ermeyen ve demokratik yollarla takip edilir.<\/p>\n\n\n\n<p>2. Dernek, kendisini yukar\u0131daki hedeflere ula\u015fmak i\u00e7in siyasi bir platform olarak g\u00f6r\u00fcyor.<\/p>\n\n\n\n<p>3. Dernek, siyasi bir s\u00fcrekli e\u011fitim organizasyonunun ve genel olarak tan\u0131nan s\u00fcrekli bir e\u011fitim organizasyonunun sponsorudur. Dernek, \u00f6\u011fretim etkinliklerinin ihtiyaca dayal\u0131 planlanmas\u0131n\u0131 ve uygulanmas\u0131n\u0131 sa\u011flamak i\u00e7in ileri e\u011fitim kurumlar\u0131na, \u00e7al\u0131\u015fanlara ve kat\u0131l\u0131mc\u0131lara bu kurumlara kat\u0131lma hakk\u0131 verir. Bu kat\u0131lma hakk\u0131n\u0131n niteli\u011fi ve kapsam\u0131, e\u011fitim kurumlar\u0131n\u0131n ayr\u0131 bir t\u00fcz\u00fc\u011f\u00fcnde d\u00fczenlenir.<\/p>\n\n\n\n<h3 class=\"wp-block-heading\">\u00a7 3 Kar amac\u0131 g\u00fctmeyen durum<\/h3>\n\n\n\n<p>1. Dernek, Vergi Kanunu'nun \"Vergi imtiyazl\u0131 ama\u00e7lar\" b\u00f6l\u00fcm\u00fc anlam\u0131nda m\u00fcnhas\u0131ran ve do\u011frudan hay\u0131rsever ama\u00e7lar g\u00fcder.<br>2. Dernek \u00f6zverili; \u00d6ncelikli olarak kendi ekonomik ama\u00e7lar\u0131n\u0131 g\u00fctmez. Derne\u011fin fonlar\u0131 sadece yasal ama\u00e7lar i\u00e7in kullan\u0131labilir. \u00dcyeler derne\u011fin fonlar\u0131ndan herhangi bir ba\u011f\u0131\u015f almazlar. Hi\u00e7 kimse, derne\u011fin amac\u0131na yabanc\u0131 olan harcamalardan veya orant\u0131s\u0131z derecede y\u00fcksek \u00fccretlerden yararlanamaz.<\/p>\n\n\n\n<h3 class=\"wp-block-heading\">\u00a7 4 \u00dcyelik<\/h3>\n\n\n\n<p>1. \u00dcyeler, Federal Almanya Cumhuriyeti'nde ikamet eden ger\u00e7ek ki\u015filer olabilirler.<br>2. Derne\u011fin ama\u00e7lar\u0131n\u0131 maddi veya ba\u015fka bir \u015fekilde destekleyen herhangi bir t\u00fczel veya ger\u00e7ek ki\u015fi sponsor \u00fcye olabilir. Destekleyen \u00fcyelerin aktif veya pasif oy hakk\u0131 yoktur.<\/p>\n\n\n\n<h3 class=\"wp-block-heading\">\u00a7 5 \u00dcyeli\u011fin kazan\u0131lmas\u0131<\/h3>\n\n\n\n<p>1. \u00dcyelik, Y\u00f6netim Kurulu taraf\u0131ndan yaz\u0131l\u0131 bildirimle kabul veya reddedilen \u00fcyelik i\u00e7in yaz\u0131l\u0131 bir ba\u015fvuru yoluyla, al\u0131nd\u0131ktan sonraki alt\u0131 hafta i\u00e7inde edinilir. Cevap yoksa, ba\u0219vuru sahibi Genel Kurulu \u00e7a\u011f\u0131rma hakk\u0131na sahiptir. \u00dcyelik, bildirimin al\u0131nmas\u0131yla ba\u015flar. Oy kullanma ve aday olma hakk\u0131, \u00fcyelik \u00fccretinin en az iki ay \u00f6denmesinden sonra yeni bir \u00fcyeye verilir.<\/p>\n\n\n\n<h3 class=\"wp-block-heading\">\u00a7 6 \u00dcyelik \u00fccreti<\/h3>\n\n\n\n<p>1. \u00dcyelik aidat\u0131n\u0131n miktar\u0131 ve vadesi Genel Kurul taraf\u0131ndan belirlenir.<\/p>\n\n\n\n<h3 class=\"wp-block-heading\">\u00a7 7 \u00dcyelerin hak ve y\u00fck\u00fcml\u00fcl\u00fckleri<\/h3>\n\n\n\n<p>1. Her \u00fcye, genel kurula kat\u0131lma ve oy kullanma ve aday olma hakk\u0131n\u0131 kullanma hakk\u0131na sahiptir.<br>2. Sponsor \u00fcyeler oy hakk\u0131 olmaks\u0131z\u0131n derne\u011fin ya\u015fam\u0131na kat\u0131lma hakk\u0131na sahiptir.<br>3. Tam zamanl\u0131 \u00e7al\u0131\u015fanlar derne\u011fe \u00fcye olamazlar.<br>4. \u00dcyeler, derne\u011fin usul\u00fcne uygun olarak \u00e7\u0131kar\u0131lan karar ve anla\u015fmalar\u0131na ba\u011fl\u0131d\u0131r.<\/p>\n\n\n\n<h3 class=\"wp-block-heading\">\u00a7 8 \u00dcyeli\u011fin Sona Ermesi<\/h3>\n\n\n\n<p>1. \u00dcyelik \u00f6l\u00fcm, istifa, d\u0131\u015flanma veya iptal ile sona erer.<br>a) \u00c7ekilme beyan\u0131<br>\u0130stifa, Y\u00f6netim Kurulu'na yaz\u0131l\u0131 bildirimle her zaman m\u00fcmk\u00fcnd\u00fcr ve istifa bildiriminin al\u0131nd\u0131\u011f\u0131 ay\u0131n sonunda y\u00fcr\u00fcrl\u00fc\u011fe girer.<\/p>\n\n\n\n<p>b) Hari\u00e7 tutma<br>Kurul, bir \u00fcyeyi iyi bir nedenden dolay\u0131 hari\u00e7 tutabilir. \u00d6nemli nedenler, \u00f6zellikle derne\u011fin ama\u00e7lar\u0131na zarar veren davran\u0131\u015flar, yasal y\u00fck\u00fcml\u00fcl\u00fcklerin ihlali veya bir kerelik hat\u0131rlatmaya ra\u011fmen en az bir y\u0131ll\u0131k gecikmelerdir.<\/p>\n\n\n\n<p>Kurul d\u0131\u015flamaya karar verir. \u0130stisnaya kar\u015f\u0131 \u00fcye, bir ay i\u00e7inde Y\u00f6netim Kurulu'na yaz\u0131l\u0131 olarak iletilmesi gereken Genel Kurul'a itiraz etme hakk\u0131na sahiptir.<\/p>\n\n\n\n<p>Genel kurul, dernek \u00e7er\u00e7evesinde kesin olarak karar verir. \u00dcyelik haklar\u0131, \u00fcye toplant\u0131s\u0131 karar\u0131 al\u0131nana kadar ask\u0131ya al\u0131n\u0131r.<\/p>\n\n\n\n<p>c) Silme<br>A\u00e7\u0131klanmayan ve bir y\u0131l i\u00e7inde bildirimde bulunmayan \u00fcyeler \u00fcye listesinden \u00e7\u0131kar\u0131l\u0131r.<\/p>\n\n\n\n<h3 class=\"wp-block-heading\">B\u00f6l\u00fcm 9 Derne\u011fin Organlar\u0131<\/h3>\n\n\n\n<p>Derne\u011fin organlar\u0131 Y\u00f6netim Kurulu ve Genel Kurul'dur.<\/p>\n\n\n\n<p>Genel Kurul karar\u0131 ile \u00f6zel g\u00f6revlere sahip di\u011fer organlar, komiteler, komisyonlar, dan\u0131\u015fma kurullar\u0131 vb. olu\u015fturulabilir.<\/p>\n\n\n\n<p>Kurumlar\u0131n, komitelerin, dan\u0131\u015fma kurullar\u0131n\u0131n ve komisyonlar\u0131n g\u00f6rev ve i\u015flevleri i\u015f mevzuat\u0131nda d\u00fczenlenebilir. Usul kurallar\u0131 Y\u00f6netim Kurulu veya komisyon \u00fcyeleri taraf\u0131ndan haz\u0131rlan\u0131r ve Genel Kurul taraf\u0131ndan kabul edilir veya de\u011fi\u015ftirilir.<\/p>\n\n\n\n<p>Y\u00f6netim kurulu ve \u00fcyelerin toplant\u0131s\u0131 i\u00e7in dan\u0131\u015fma fonksiyonuna sahip bir ev grubu toplant\u0131s\u0131 olu\u015fturulabilir.<\/p>\n\n\n\n<h3 class=\"wp-block-heading\">\u00a7 10 Y\u00f6netim Kurulu<\/h3>\n\n\n\n<p>1. Kurul \u00fc\u00e7 \u00fcyeden olu\u015fur. Y\u00f6netim Kurulu kararlar\u0131n\u0131 2\/3 \u00e7o\u011funlukla al\u0131r.<br>2. \u00dcyeler toplant\u0131s\u0131, iki de\u011ferlendiricinin oy hakk\u0131 olmaks\u0131z\u0131n kat\u0131l\u0131p kat\u0131lmayaca\u011f\u0131n\u0131 salt \u00e7o\u011funlukla belirler.<br>3. Y\u00f6netim Kurulu \u00dcyeleri ve \u0130\u015ftirak\u00e7iler Tam Zamanl\u0131 \u00c7al\u0131\u015fan Olamazlar.<br>4. Y\u00f6netim Kurulu ve denet\u00e7iler iki y\u0131ll\u0131k bir s\u00fcre i\u00e7in se\u00e7ilir. Yeni kurul se\u00e7ilene kadar eski kurul g\u00f6revde kalacak. Dernek \u00fcyeli\u011finin sona ermesi \u00fczerine y\u00f6netim kurulu olarak g\u00f6rev de sona erer.<br>5. Y\u00f6netim Kurulu, g\u00f6rev ve i\u015flevleri d\u00fczenleyen usul kurallar\u0131n\u0131 kabul eder.<br>6. Alman Medeni Kanunu'nun (BGB) 26. B\u00f6l\u00fcm\u00fc anlam\u0131nda \u0130cra Kurulu, 1. ve 2. \u0130cra Kurulu \u00fcyeleridir. Ba\u015fkan ve Sayman, 1. ve 2. Ba\u015fkanlar, \u00f6nleme durumunda, sayman girerse, ortakla\u015fa temsil etme hakk\u0131na sahiptir.<br>7.\u00a0 Y\u00fcr\u00fctme Kurulu, Y\u00fcr\u00fctme Kurulu \u00fcyeleri ve \u00e7al\u0131\u015fanlardan olu\u015fan bir ba\u015fvuru komitesinin teklifi \u00fczerine \u00e7al\u0131\u015fanlar\u0131n i\u015fe al\u0131nmas\u0131 ve i\u015ften \u00e7\u0131kar\u0131lmas\u0131na 2\/3 \u00e7o\u011funlukla karar verir.<br>8. Y\u00f6netim Kurulu sadece kas\u0131t ve a\u011f\u0131r ihmal durumunda sorumlu olacakt\u0131r.<br>9. Y\u00f6netim Kurulu, Kontrol Komisyonu ile koordineli olarak \u00a730 BGB uyar\u0131nca bir y\u00f6netimin veya tam zamanl\u0131 bir temsilcinin i\u015fe al\u0131nmas\u0131na karar verir. \u00d6zel temsilcinin g\u00f6revleri \u00f6zel prosed\u00fcr kurallar\u0131nda belirtilir.<br>10. Finansal darbo\u011fazlar durumunda, Y\u00f6netim Kurulu ola\u011fan\u00fcst\u00fc bir genel toplant\u0131 d\u00fczenler ve daha sonra bor\u00e7lanma ve kredi miktar\u0131na karar verir.<\/p>\n\n\n\n<h3 class=\"wp-block-heading\">\u00a7 11 Genel Kurul<\/h3>\n\n\n\n<p>1. Y\u00f6netim Kurulu y\u0131lda en az iki kez genel kurul toplar. Genel Kurul, herhangi bir zamanda, salt \u00e7o\u011funlukla, Y\u00f6netim Kuruluna ola\u011fan\u00fcst\u00fc bir Genel Kurul toplanmas\u0131 talimat\u0131n\u0131 verebilir.<\/p>\n\n\n\n<p>Y\u00f6netim Kurulu, \u00f6nemli nedenlerle herhangi bir zamanda genel kurul toplayabilir.<\/p>\n\n\n\n<p>\u00dcyelerin \u00fc\u00e7te birinin gerek\u00e7elerini belirterek yaz\u0131l\u0131 olarak talep etmesi halinde kurul taraf\u0131ndan ola\u011fan\u00fcst\u00fc genel kurul toplanmal\u0131d\u0131r.<\/p>\n\n\n\n<p>2. Genel kurul, yaz\u0131l\u0131 bir davetle (\u00f6rne\u011fin posta, e-posta, di\u011fer elektronik ortamlar) ve ayr\u0131ca karatahtada bir bildirimle veya planlanan tarihten iki hafta \u00f6nce g\u00fcndemin duyurulmas\u0131yla ana sayfada yay\u0131nlanarak toplan\u0131r.<br>3. Genel Kurul, haz\u0131r bulunan \u00fcyelerle birlikte yeter say\u0131ya sahip olur. Kararlar basit bir \u00e7o\u011funluk taraf\u0131ndan verilir.<\/p>\n\n\n\n<h3 class=\"wp-block-heading\">\u00a7 12 Genel Kurul'un g\u00f6rev ve kararlar\u0131<\/h3>\n\n\n\n<p>1. G\u00f6revler ve g\u00f6revler:<br>1.1 Y\u00f6netim Kurulu raporunun ve Kontrol Komisyonu ile di\u011fer komite ve dernek organlar\u0131n\u0131n raporunun al\u0131nmas\u0131.<br>1.2 Y\u00f6netim Kurulu Se\u00e7imi.<\/p>\n\n\n\n<p>Ba\u015fkan, yard\u0131mc\u0131s\u0131 ve sayman ayr\u0131 ayr\u0131 se\u00e7ilir.<\/p>\n\n\n\n<p>Se\u00e7imler gizli oylama ile yap\u0131lacakt\u0131r. En \u00e7ok oy alanlar se\u00e7ilir.<\/p>\n\n\n\n<p>Daha fazla ayr\u0131nt\u0131, Genel Kurul taraf\u0131ndan kabul edilecek bir se\u00e7im yasas\u0131nda belirtilebilir.<\/p>\n\n\n\n<p>1.3 \u00dc\u00e7 \u00fcyeli bir kontrol komitesinin se\u00e7imi Kontrol komitesi \u00fcyeleri y\u00f6netim kurulu \u00fcyesi olamaz.<br>1.4. Bir protokol lideri ve bir toplant\u0131\/se\u00e7im komitesi se\u00e7imi.<br>1.5 Ana s\u00f6zle\u015fmede yap\u0131lacak herhangi bir de\u011fi\u015fiklik, t\u00fcm \u00fcyelerin en az 1\/3'\u00fcn\u00fcn 3\u20444 \u00e7o\u011funlu\u011fu ile yap\u0131lmal\u0131d\u0131r. Bu ko\u015ful yerine getirilmezse, d\u00f6rt hafta sonra yap\u0131lan bir genel kurul, mevcut \u00fcyelerin 3\u20444 \u00e7o\u011funlu\u011fu ile karar verir.<br>1.6 Verilen ba\u015fvurulara ili\u015fkin kararlar.<br>1.7 Dernek \u00e7al\u0131\u015fanlar\u0131na Genel Kurul karar\u0131na dayanarak konu\u015fma hakk\u0131 verilebilir.<br>1.8 Bir politika eylem plan\u0131 ve uzun vadeli uygulanmas\u0131 ve g\u00fcncellenmesine ili\u015fkin karar.<br>1.9 MV kredi al\u0131p almayaca\u011f\u0131na karar verir.<\/p>\n\n\n\n<p>2. G\u00fc\u00e7leri var:<br>2.1 Genel Kurul, sunulan t\u00fcm \u00f6nergelere salt \u00e7o\u011funlukla karar verir (ana s\u00f6zle\u015fmede yap\u0131lacak de\u011fi\u015fiklikler i\u00e7in \u00a7 12 c\u00fcmle 1.5'e bak\u0131n\u0131z)<br>2.2 Genel Kurula sunulan rapor, Y\u00f6netim Kurulu ve Y\u00f6netim Kurulunun raporlar\u0131n\u0131 i\u00e7erir. Y\u00f6netim Kurulunun g\u00f6revden al\u0131nmas\u0131 mali y\u0131l\u0131n bitiminden sonra ger\u00e7ekle\u015fir.<br>2.3 Genel Kurul kararlar\u0131 tutanak ba\u015fkan\u0131 ve Y\u00f6netim Kurulu \u00fcyesi taraf\u0131ndan yaz\u0131l\u0131 olarak kaydedilir ve kendisi taraf\u0131ndan imzalan\u0131r.<br>2.4 Genel Kurul tutanaklar\u0131 d\u00fczenli bir \u015fekilde tutulmal\u0131 ve \u00fcyelere g\u00f6nderilmelidir.<\/p>\n\n\n\n<h3 class=\"wp-block-heading\">B\u00f6l\u00fcm 13 Kontrol Komitesi<\/h3>\n\n\n\n<p>Kontrol Komisyonu, Genel Kurul taraf\u0131ndan iki y\u0131ll\u0131k bir s\u00fcre i\u00e7in se\u00e7ilir ve \u00fc\u00e7 \u00fcyeden olu\u015fur. Yeni bir izleme komitesi se\u00e7ilene kadar g\u00f6revde kalacakt\u0131r. G\u00f6rev ve i\u015flevleri d\u00fczenleyen usul kurallar\u0131n\u0131 benimseyecektir.<\/p>\n\n\n\n<p>Denetim Komisyonu, Y\u00f6netim Kurulu'nun ve Y\u00f6netim Kurulu'nun \u00e7al\u0131\u015fmalar\u0131n\u0131 Ana S\u00f6zle\u015fme'ye uygunluk a\u00e7\u0131s\u0131ndan denetler. T\u00fcm y\u00f6netim kurulu toplant\u0131lar\u0131na kat\u0131lma ve dernek faaliyetlerine ili\u015fkin t\u00fcm belgelere s\u0131n\u0131rs\u0131z eri\u015fim hakk\u0131na sahiptir.<\/p>\n\n\n\n<p>Y\u00f6netim Kurulu, b\u00fct\u00e7eyi, personel kararlar\u0131n\u0131n mali etkisini ve yat\u0131r\u0131m d\u00fczeyini Kontrol Komisyonu'na bildirir.<\/p>\n\n\n\n<p>G\u00f6revden al\u0131nan \u00e7al\u0131\u015fanlar denetim komitesi taraf\u0131ndan dinlenme hakk\u0131na sahiptir.<\/p>\n\n\n\n<p>Kontrol komitesi nakit denetiminin g\u00f6revlerini \u00fcstlenir. Bu ama\u00e7la bir d\u0131\u015f denet\u00e7iye\/vergi dan\u0131\u015fman\u0131na dan\u0131\u015f\u0131labilir.<\/p>\n\n\n\n<p>Y\u00f6netim Kurulu ile Kontrol Komisyonu aras\u0131nda \u00e7\u00f6z\u00fcms\u00fcz anla\u015fmazl\u0131klar olmas\u0131 durumunda, Kontrol Komisyonu, Y\u00f6netim Kurulu'ndan ola\u011fan\u00fcst\u00fc bir genel toplant\u0131 talep etme hakk\u0131na sahiptir. Genel Kurul nihai karar\u0131 verir.<\/p>\n\n\n\n<h3 class=\"wp-block-heading\">\u00a7 14 Dan\u0131\u015fma kurulu<\/h3>\n\n\n\n<p>Genel Kurul bir Dan\u0131\u015fma Kurulu olu\u015fturabilir. Y\u00f6netim Kurulu ve Hissedarlar Toplant\u0131s\u0131'na dernek \u00e7al\u0131\u015fmalar\u0131 ve devam eden i\u015flerle ilgili temel konularda dan\u0131\u015fmanl\u0131k yapmakla g\u00f6revlidir. (Belediye) siyaset, e\u011fitim ve \u00f6\u011fretim, sivil toplum \u00f6rg\u00fctleri ve akademi alanlar\u0131ndan en fazla be\u015f ki\u015fiden olu\u015fur. Dan\u0131\u015fma Kurulu \u00fcyeleri, \u00fcyelerin ve\/veya Y\u00fcr\u00fctme Kurulunun \u00f6nerisi \u00fczerine Genel Kurul taraf\u0131ndan \u00fc\u00e7 y\u0131ll\u0131k bir s\u00fcre i\u00e7in se\u00e7ilir.<\/p>\n\n\n\n<h3 class=\"wp-block-heading\">\u00a7 15 Veri koruma<\/h3>\n\n\n\n<p>1) Derne\u011fin ama\u00e7 ve g\u00f6revlerini yerine getirmek i\u00e7in, dernek \u00fcyelerinin ki\u015fisel ve olgusal ko\u015fullar\u0131na ili\u015fkin ki\u015fisel veriler, AB Genel Veri Koruma Y\u00f6netmeli\u011fi (GDPR) ve Federal Veri Koruma Yasas\u0131 (BDSG) h\u00fck\u00fcmlerine uygun olarak i\u015flenir.<br>2) \u0130lgili y\u00f6netmeliklerde a\u00e7\u0131klanan ko\u015fullar sa\u011fland\u0131\u011f\u0131 s\u00fcrece, her \u00fcye \u00f6zellikle a\u015fa\u011f\u0131daki haklara sahiptir:<\/p>\n\n\n\n<ul class=\"wp-block-list\">\n<li>GDPR Madde 15 uyar\u0131nca bilgi edinme hakk\u0131,<\/li>\n\n\n\n<li>GDPR Madde 16 uyar\u0131nca d\u00fczeltme hakk\u0131;<\/li>\n\n\n\n<li>GDPR Madde 17 uyar\u0131nca silme hakk\u0131;<\/li>\n\n\n\n<li>GDPR Madde 18 uyar\u0131nca i\u015flemenin k\u0131s\u0131tlanmas\u0131 hakk\u0131,<\/li>\n\n\n\n<li>DSGVO Madde 20 uyar\u0131nca veri ta\u015f\u0131nabilirli\u011fi hakk\u0131; ve<\/li>\n\n\n\n<li>GDPR Madde 21 uyar\u0131nca itiraz etme hakk\u0131.<\/li>\n<\/ul>\n\n\n\n<p>3) Dernek organlar\u0131, t\u00fcm \u00e7al\u0131\u015fanlar veya dernek i\u00e7in \u00e7al\u0131\u015fan di\u011fer ki\u015filerin, ilgili g\u00f6revlerin yerine getirilmesiyle ilgili ama\u00e7lar d\u0131\u015f\u0131nda ki\u015fisel verileri i\u015flemeleri, a\u00e7\u0131klamalar\u0131, \u00fc\u00e7\u00fcnc\u00fc \u015fah\u0131slara sunmalar\u0131 veya izinsiz olarak kullanmalar\u0131 yasakt\u0131r. Bu y\u00fck\u00fcml\u00fcl\u00fck, yukar\u0131da belirtilen ki\u015filerin dernekten ayr\u0131lmas\u0131n\u0131n \u00f6tesinde de mevcuttur.<br>4) Y\u00fcr\u00fctme Kurulu, AB Genel Veri Koruma Y\u00f6netmeli\u011fi ve Federal Veri Koruma Yasas\u0131 kapsam\u0131ndaki g\u00f6rev ve y\u00fck\u00fcml\u00fcl\u00fckleri yerine getirmek i\u00e7in bir veri koruma g\u00f6revlisi atar.<\/p>\n\n\n\n<h3 class=\"wp-block-heading\">\u00a7 16 Derne\u011fin feshi<\/h3>\n\n\n\n<p>1. Genel kurul yeter say\u0131s\u0131 bak\u0131m\u0131ndan derne\u011fin feshi, kay\u0131tl\u0131 \u00fcyelerin en az 1\/3'\u00fcn\u00fcn bulunmas\u0131n\u0131 gerektirir. Karar, haz\u0131r bulunan \u00fcyelerin 3\/4 \u00e7o\u011funlu\u011fu ile al\u0131n\u0131r. Fesih toplant\u0131s\u0131nda gerekli say\u0131da \u00fcye bulunmazsa, d\u00f6rt hafta i\u00e7inde, mevcut \u00fcyelerle orant\u0131l\u0131 ve basit bir \u00e7o\u011funlukla karar veren ba\u015fka bir genel toplant\u0131 yap\u0131lmal\u0131d\u0131r.<br>2. Derne\u011fin feshi veya \u00f6nceki amac\u0131n sona ermesi durumunda, derne\u011fin varl\u0131klar\u0131 do\u011frudan ve m\u00fcnhas\u0131ran hay\u0131r ama\u00e7l\u0131 kullanacak olan Alman Parity Welfare Association, Landesverband NRW e.V.'ye devredilecektir.<\/p>\n\n\n\n<h3 class=\"wp-block-heading\">B\u00f6l\u00fcm 17 B\u00f6l\u00fcnebilirlik maddesi<\/h3>\n\n\n\n<p>Bu t\u00fcz\u00fc\u011f\u00fcn m\u00fcnferit h\u00fck\u00fcmlerinin ge\u00e7ersiz olmas\u0131 veya ge\u00e7ersiz hale gelmesi halinde, t\u00fcz\u00fc\u011f\u00fcn geri kalan h\u00fck\u00fcmlerinin ge\u00e7erlili\u011fi etkilenmeyecektir. Bu durumda, T\u00fcz\u00fck'\u00fcn h\u00fck\u00fcms\u00fcz ve h\u00fck\u00fcms\u00fcz h\u00fckm\u00fc, m\u00fcmk\u00fcn oldu\u011funca ama\u00e7lanan amaca kar\u015f\u0131l\u0131k gelen yasal olarak ge\u00e7erli bir h\u00fck\u00fcmle de\u011fi\u015ftirilecektir. Ayn\u0131 \u015fekilde, t\u00fcz\u00fcklerin uygulanmas\u0131n\u0131n, t\u00fcz\u00fcklerin tamamlanmas\u0131 gereken bir bo\u015fluk i\u00e7erdi\u011fini g\u00f6stermesi ko\u015fuluyla, s\u00f6zle\u015fmenin ek yorumu kullan\u0131lmal\u0131d\u0131r.<\/p>\n\n\n\n<p>Bielefeld, 12.11.2022 tarihinde Wayback Machine sitesinde ar\u015fivlendi.<\/p>\n\n\n\n<p>Viola obasohan, 1 numara. Ba\u015fkan Sven Ga\u00dfmann, 2. Ba\u015fkan ?? Dr. Asma Ait Allali, Sayman<\/p>","protected":false},"excerpt":{"rendered":"<p>Satzung des Internationalen Begegnungszentrums Friedenshaus e.V. (IBZ) Stand: 11.12.2022 \u00a7 1 Name des Vereins 1. Der Verein f\u00fchrt den Namen: INTERNATIONALES BEGEGNUNGSZENTRUM FRIEDENSHAUS e. V. (IBZ)2. Der Verein hat seinen&#8230;<\/p>","protected":false},"author":2,"featured_media":0,"parent":0,"menu_order":0,"comment_status":"closed","ping_status":"closed","template":"template-parts\/About Sections.php","meta":{"_acf_changed":false,"footnotes":""},"ibz_department":[],"class_list":["post-1722","page","type-page","status-publish","hentry"],"acf":[],"_links":{"self":[{"href":"https:\/\/ibz-bielefeld.de\/tr\/wp-json\/wp\/v2\/pages\/1722","targetHints":{"allow":["GET"]}}],"collection":[{"href":"https:\/\/ibz-bielefeld.de\/tr\/wp-json\/wp\/v2\/pages"}],"about":[{"href":"https:\/\/ibz-bielefeld.de\/tr\/wp-json\/wp\/v2\/types\/page"}],"author":[{"embeddable":true,"href":"https:\/\/ibz-bielefeld.de\/tr\/wp-json\/wp\/v2\/users\/2"}],"replies":[{"embeddable":true,"href":"https:\/\/ibz-bielefeld.de\/tr\/wp-json\/wp\/v2\/comments?post=1722"}],"version-history":[{"count":0,"href":"https:\/\/ibz-bielefeld.de\/tr\/wp-json\/wp\/v2\/pages\/1722\/revisions"}],"wp:attachment":[{"href":"https:\/\/ibz-bielefeld.de\/tr\/wp-json\/wp\/v2\/media?parent=1722"}],"wp:term":[{"taxonomy":"ibz_department","embeddable":true,"href":"https:\/\/ibz-bielefeld.de\/tr\/wp-json\/wp\/v2\/ibz_department?post=1722"}],"curies":[{"name":"wp","href":"https:\/\/api.w.org\/{rel}","templated":true}]}}