{"id":2044,"date":"2025-08-04T14:31:03","date_gmt":"2025-08-04T12:31:03","guid":{"rendered":"https:\/\/ibz-bielefeld.de\/?page_id=2044"},"modified":"2026-04-16T20:45:47","modified_gmt":"2026-04-16T18:45:47","slug":"jobs","status":"publish","type":"page","link":"https:\/\/ibz-bielefeld.de\/tr\/jobs\/","title":{"rendered":"\u0130\u015f ilanlar\u0131"},"content":{"rendered":"<p><br><br><strong>Onursal g\u00fc\u00e7<\/strong><\/p>\n\n\n\n<p>IBZ, \u00e7e\u015fitli kurslar\u0131m\u0131z i\u00e7in her zaman \u00f6\u011fretmen olarak yeni \u00e7al\u0131\u015fanlar ar\u0131yor. Yeni kurs ve at\u00f6lye konseptlerini d\u00f6rt g\u00f6zle bekliyoruz.<br>T\u00fcm e\u011fitmenler \u00fccret baz\u0131nda bizimle \u00e7al\u0131\u015f\u0131r.<br>\u0130lgileniyorsan\u0131z, l\u00fctfen ilgili b\u00f6l\u00fcm ba\u015fkanlar\u0131yla ileti\u015fime ge\u00e7in.<br>\u00c7e\u015fitlilik kurumumuzun temelidir. Men\u015fei, cinsiyeti, cinsel y\u00f6nelimi, uyru\u011fu, dini\/inanc\u0131, ya\u015f\u0131, fiziksel yetene\u011fi ve kimli\u011fi ne olursa olsun t\u00fcm ba\u015fvurular\u0131 memnuniyetle kar\u015f\u0131l\u0131yoruz.<br>Irk\u00e7\u0131, anti-Semitik, \u0130slamofobik, kad\u0131n d\u00fc\u015fman\u0131 veya homofobikseniz veya ba\u015fka ayr\u0131mc\u0131 g\u00f6r\u00fc\u015fleriniz varsa, sizin i\u00e7in do\u011fru m\u00fc\u015fteri de\u011filiz.<\/p>\n\n\n\n<h3 class=\"wp-block-heading\">Almanca kursu b\u00f6l\u00fcm\u00fc<\/h3>\n\n\n\n<p>BAMF onay\u0131, entegrasyon kurslar\u0131n\u0131n \u00f6\u011fretimi i\u00e7in bir \u00f6n ko\u015fuldur. \u0130lk deneyimler arzu edilir, ancak bir ko\u015ful de\u011fildir.<\/p>\n\n\n\n<p>Yameen Al Shumali'nin<br>&nbsp;<a href=\"mailto:weiterbildung@ibz-bielefeld.de\">weiterbildung@ibz-bielefeld.de<\/a><br>&nbsp;0521\/5219037<\/p>\n\n\n\n<h3 class=\"wp-block-heading\">Genel e\u011fitim (genel e\u011fitim)<\/h3>\n\n\n\n<p>Yarat\u0131c\u0131 kurslar\u0131n y\u00fcr\u00fct\u00fclmesi i\u00e7in \u00f6zel bir e\u011fitim gerekli de\u011fildir, ancak kursun i\u00e7eri\u011fine (dans, dil vb.) ba\u011fl\u0131 olarak deneyim mevcut olmal\u0131d\u0131r.<\/p>\n\n\n\n<p>Yameen Al Shumali'nin<br>&nbsp;<a href=\"mailto:weiterbildung@ibz-bielefeld.de\">weiterbildung@ibz-bielefeld.de<\/a><br>&nbsp;0521\/5219037<\/p>\n\n\n\n<h3 class=\"wp-block-heading\">Kategori: Politik e\u011fitim<\/h3>\n\n\n\n<p>Dersleri \u00f6\u011fretmek i\u00e7in, bir lisans derecesi (veya daha y\u00fcksek) ve ilgili konuya g\u00f6re deneyim (\u00f6rne\u011fin g\u00f6n\u00fcll\u00fcl\u00fck yoluyla) avantajl\u0131d\u0131r.<\/p>\n\n\n\n<p>Sarah Adameh\u2019in<br>&nbsp;<a href=\"mailto:politische.bildung@ibz-bielefeld.de\">politische.bildung@ibz-bielefeld.de<\/a><br>&nbsp;0521\/5219034<\/p>\n\n\n\n<h3 class=\"wp-block-heading\">\u00d6\u011frenme forumlar\u0131<\/h3>\n\n\n\n<p>Uygun \u00e7al\u0131\u015fmalara sahip \u00f6\u011frenciler (Mathe, Almanca, \u0130ngilizce) kabul edilir.<\/p>\n\n\n\n<p>Younes Nadir\u2019in<br>&nbsp;<a href=\"mailto:kinderundjugend@ibz-bielefeld.de\">kinderundjugend@ibz-bielefeld.de<\/a><br>&nbsp;0521\/5219036<\/p>\n\n\n\n<h3 class=\"wp-block-heading\">Kategori: Staj<\/h3>\n\n\n\n<p>\u0130ster g\u00f6n\u00fcll\u00fc ister zorunlu olsun, \u015firketimizin t\u00fcm alanlar\u0131nda staj yapma imkan\u0131 sunuyoruz. DaF \u00f6\u011frencileri i\u00e7in staj entegrasyon b\u00f6l\u00fcm\u00fcnde m\u00fcmk\u00fcnd\u00fcr.<\/p>\n\n\n\n<p>L\u00fctfen ilgili departmanla e-posta veya telefon yoluyla ileti\u015fime ge\u00e7in.<br>\u00c7e\u015fitlilik kurumumuzun temelidir. Men\u015fei, cinsiyeti, cinsel y\u00f6nelimi, uyru\u011fu, dini\/inanc\u0131, ya\u015f\u0131, fiziksel yetene\u011fi ve kimli\u011fi ne olursa olsun t\u00fcm ba\u015fvurular\u0131 memnuniyetle kar\u015f\u0131l\u0131yoruz. Irk\u00e7\u0131, anti-Semitik, \u0130slamofobik, kad\u0131n d\u00fc\u015fman\u0131 veya homofobikseniz veya ba\u015fka ayr\u0131mc\u0131 g\u00f6r\u00fc\u015fleriniz varsa, sizin i\u00e7in do\u011fru i\u015fveren de\u011filiz.<\/p>\n\n\n\n<p>Genel sorular\u0131n\u0131z i\u00e7in l\u00fctfen ileti\u015fime ge\u00e7in:<\/p>\n\n\n\n<p>Johanna Al Shumali'nin<br>Y\u00d6NET\u0130M Y\u00d6<br>&nbsp;0521\/5219033<br>&nbsp;<a href=\"mailto:leitung@ibz-bielefeld.de\">leitung@ibz-bielefeld.de<\/a><\/p>","protected":false},"excerpt":{"rendered":"<p>Honorarkraft Das IBZ sucht stets neue Mitarbeitende als Lehrkraft f\u00fcr unser vielf\u00e4ltiges Kursangebot. Wir freuen uns \u00fcber neue Kurs- und Workshopkonzepte.Alle Dozierende arbeiten bei uns auf Honorarbasis.Bei Interesse wenden Sie&#8230;<\/p>","protected":false},"author":2,"featured_media":0,"parent":0,"menu_order":0,"comment_status":"closed","ping_status":"closed","template":"template-parts\/About Sections.php","meta":{"_acf_changed":false,"footnotes":""},"ibz_department":[],"class_list":["post-2044","page","type-page","status-publish","hentry"],"acf":[],"_links":{"self":[{"href":"https:\/\/ibz-bielefeld.de\/tr\/wp-json\/wp\/v2\/pages\/2044","targetHints":{"allow":["GET"]}}],"collection":[{"href":"https:\/\/ibz-bielefeld.de\/tr\/wp-json\/wp\/v2\/pages"}],"about":[{"href":"https:\/\/ibz-bielefeld.de\/tr\/wp-json\/wp\/v2\/types\/page"}],"author":[{"embeddable":true,"href":"https:\/\/ibz-bielefeld.de\/tr\/wp-json\/wp\/v2\/users\/2"}],"replies":[{"embeddable":true,"href":"https:\/\/ibz-bielefeld.de\/tr\/wp-json\/wp\/v2\/comments?post=2044"}],"version-history":[{"count":1,"href":"https:\/\/ibz-bielefeld.de\/tr\/wp-json\/wp\/v2\/pages\/2044\/revisions"}],"predecessor-version":[{"id":5149,"href":"https:\/\/ibz-bielefeld.de\/tr\/wp-json\/wp\/v2\/pages\/2044\/revisions\/5149"}],"wp:attachment":[{"href":"https:\/\/ibz-bielefeld.de\/tr\/wp-json\/wp\/v2\/media?parent=2044"}],"wp:term":[{"taxonomy":"ibz_department","embeddable":true,"href":"https:\/\/ibz-bielefeld.de\/tr\/wp-json\/wp\/v2\/ibz_department?post=2044"}],"curies":[{"name":"wp","href":"https:\/\/api.w.org\/{rel}","templated":true}]}}