{"id":2046,"date":"2025-08-04T14:31:10","date_gmt":"2025-08-04T12:31:10","guid":{"rendered":"https:\/\/ibz-bielefeld.de\/?page_id=2046"},"modified":"2026-03-26T22:27:27","modified_gmt":"2026-03-26T21:27:27","slug":"spende","status":"publish","type":"page","link":"https:\/\/ibz-bielefeld.de\/tr\/spende\/","title":{"rendered":"ba\u011f\u0131\u015f ba\u011f\u0131\u015f\u0131"},"content":{"rendered":"<p>Tekliflerimizi s\u00fcrekli iyile\u015ftirmek, s\u00fcrd\u00fcr\u00fclebilir bir \u015fekilde planlamak ve sorumlu bir \u015fekilde y\u00f6netmek i\u00e7in ba\u011f\u0131\u015f\u0131n\u0131z\u0131 almay\u0131 d\u00f6rt g\u00f6zle bekliyoruz. Tabii ki, \u00a7 52 AO'ya g\u00f6re kar amac\u0131 g\u00fctmeyen bir derne\u011fe vergiden d\u00fc\u015f\u00fclebilir bir ba\u011f\u0131\u015f i\u00e7in bir ba\u011f\u0131\u015f sertifikas\u0131 alacaks\u0131n\u0131z. Bunun i\u00e7in tam adresinize ihtiyac\u0131m\u0131z var.<\/p>\n\n\n\n<h2 class=\"wp-block-heading\">Banka detaylar\u0131m\u0131z<\/h2>\n\n\n\n<p>Sparkasse Bielefeld<br>Uluslararas\u0131 Toplant\u0131 Merkezi Bar\u0131\u015f Evi e.V.<br>IBAN i\u00e7in: DE31480501610073005613<br>BIC i\u00e7in: SPBIDE3BXXX<br><\/p>\n\n\n\n<figure class=\"wp-block-image size-full is-resized is-style-default\"><img loading=\"lazy\" decoding=\"async\" width=\"470\" height=\"527\" src=\"https:\/\/ibz-bielefeld.de\/wp-content\/uploads\/2025\/10\/webseite_tests-20.png\" alt=\"\" class=\"wp-image-4109\" style=\"object-fit:contain;width:250px;height:250px\" srcset=\"https:\/\/ibz-bielefeld.de\/wp-content\/uploads\/2025\/10\/webseite_tests-20.png 470w, https:\/\/ibz-bielefeld.de\/wp-content\/uploads\/2025\/10\/webseite_tests-20-268x300.png 268w, https:\/\/ibz-bielefeld.de\/wp-content\/uploads\/2025\/10\/webseite_tests-20-11x12.png 11w\" sizes=\"auto, (max-width: 470px) 100vw, 470px\" \/><\/figure>\n\n\n\n<p><\/p>\n\n\n\n<div style=\"height:24px\" aria-hidden=\"true\" class=\"wp-block-spacer\"><\/div>","protected":false},"excerpt":{"rendered":"<p>Um unsere Angebote stetig zu verbessern, nachhaltig zu planen und verantwortlich zu wirtschaften, freuen wir uns \u00fcber deine Spende. Selbstverst\u00e4ndlich bekommen sie eine Spendenbescheinigung f\u00fcr eine steuerlich abzugsf\u00e4hige Spende an&#8230;<\/p>","protected":false},"author":2,"featured_media":0,"parent":0,"menu_order":0,"comment_status":"closed","ping_status":"closed","template":"template-parts\/About Sections.php","meta":{"_acf_changed":false,"footnotes":""},"ibz_department":[],"class_list":["post-2046","page","type-page","status-publish","hentry"],"acf":[],"_links":{"self":[{"href":"https:\/\/ibz-bielefeld.de\/tr\/wp-json\/wp\/v2\/pages\/2046","targetHints":{"allow":["GET"]}}],"collection":[{"href":"https:\/\/ibz-bielefeld.de\/tr\/wp-json\/wp\/v2\/pages"}],"about":[{"href":"https:\/\/ibz-bielefeld.de\/tr\/wp-json\/wp\/v2\/types\/page"}],"author":[{"embeddable":true,"href":"https:\/\/ibz-bielefeld.de\/tr\/wp-json\/wp\/v2\/users\/2"}],"replies":[{"embeddable":true,"href":"https:\/\/ibz-bielefeld.de\/tr\/wp-json\/wp\/v2\/comments?post=2046"}],"version-history":[{"count":0,"href":"https:\/\/ibz-bielefeld.de\/tr\/wp-json\/wp\/v2\/pages\/2046\/revisions"}],"wp:attachment":[{"href":"https:\/\/ibz-bielefeld.de\/tr\/wp-json\/wp\/v2\/media?parent=2046"}],"wp:term":[{"taxonomy":"ibz_department","embeddable":true,"href":"https:\/\/ibz-bielefeld.de\/tr\/wp-json\/wp\/v2\/ibz_department?post=2046"}],"curies":[{"name":"wp","href":"https:\/\/api.w.org\/{rel}","templated":true}]}}