{"id":2050,"date":"2025-08-04T14:32:55","date_gmt":"2025-08-04T12:32:55","guid":{"rendered":"https:\/\/ibz-bielefeld.de\/?page_id=2050"},"modified":"2026-03-08T17:26:40","modified_gmt":"2026-03-08T16:26:40","slug":"mitglied-werden","status":"publish","type":"page","link":"https:\/\/ibz-bielefeld.de\/tr\/mitglied-werden\/","title":{"rendered":"\u00dcye ol"},"content":{"rendered":"<h1 class=\"wp-block-heading\"><strong>* IBZ \u2013 Living together diversity'in bir par\u00e7as\u0131 olun!<\/strong><\/h1>\n\n\n\n<p>Bir \u00fcye olarak, renkli toplulu\u011fumuzun bir par\u00e7as\u0131 olursunuz ve a\u00e7\u0131kl\u0131\u011f\u0131n, sayg\u0131n\u0131n ve ger\u00e7ek kar\u015f\u0131la\u015fman\u0131n sadece kelimeler de\u011fil, g\u00fcnl\u00fck ya\u015fam oldu\u011fu bir yeri desteklersiniz.<\/p>\n\n\n\n<p><strong>Bir \u015fey ta\u015f\u0131yorsun.<\/strong><br>* \u00dcyeli\u011finizle, \u2013 halk\u0131n\u0131 k\u00fclt\u00fcrel etkinliklerden gen\u00e7lik f\u0131rsatlar\u0131na ve yeni g\u00f6\u00e7menlere destek veren projeleri g\u00fc\u00e7lendireceksiniz.<\/p>\n\n\n\n<p><strong>Sadece orada de\u011fil, tam ortas\u0131ndas\u0131n.<\/strong><br>Katk\u0131da bulunabilir, \u015fekillendirmeye yard\u0131mc\u0131 olabilir ve yeni d\u00fcrt\u00fcler belirleyebilirsiniz. Yarat\u0131c\u0131, politik veya sosyal, herkesin yerini buldu\u011fu yer buras\u0131d\u0131r.<\/p>\n\n\n\n<p><strong>\u00c7e\u015fitlili\u011fi tecr\u00fcbe ediyorsunuz.<\/strong><br>* Uluslararas\u0131 festivaller, at\u00f6lyeler, siyasi tart\u0131\u015fmalar, k\u00fclt\u00fcrel ak\u015famlar, \u00e7ocuklar ve gen\u00e7lik etkinlikleri \u2026 bizimle asla s\u0131k\u0131lmaz!<\/p>\n\n\n\n<p><strong>Heyecan verici insanlarla tan\u0131\u015f\u0131yorsunuz.<\/strong><br>IBZ'de bir\u00e7ok \u00fclkeden insanlar, farkl\u0131 ya\u015fam yollar\u0131 ve ortak hedeflerle bulu\u015fuyor.<\/p>\n\n\n\n<h2 class=\"wp-block-heading\"><strong>\u00dcyelik sizin i\u00e7in ne ifade ediyor?<\/strong><\/h2>\n\n\n\n<ul class=\"wp-block-list\">\n<li>Ortak etkinliklere, gruplara ve amp; at\u00f6lyelere eri\u015fim<\/li>\n\n\n\n<li>Dernekteki \u00f6nemli kararlar i\u00e7in oy hakk\u0131<\/li>\n\n\n\n<li>Kendini i\u015fine adam\u0131\u015f, a\u00e7\u0131k insanlardan olu\u015fan devasa bir a\u011f<\/li>\n\n\n\n<li>Anlaml\u0131 bir \u015feyi desteklemenin iyi hissi<\/li>\n<\/ul>\n\n\n\n<h2 class=\"wp-block-heading\"><strong>\u00dcye olmak ister misiniz?<\/strong><\/h2>\n\n\n\n<p>Harika bir fikir!<br>Bize yaz\u0131n, aray\u0131n ya da gelin. * Sizi \u2013'da g\u00f6rmeyi ve daha da canl\u0131 bir IBZ olu\u015fturmak i\u00e7in birlikte \u00e7al\u0131\u015fmay\u0131 d\u00f6rt g\u00f6zle bekliyoruz!<\/p>\n\n\n\n<p><strong>Toplulu\u011fumuzun bir par\u00e7as\u0131 olun. IBZ \u00fcyesi olun.<\/strong><\/p>\n\n\n\n<p>Bize yaz\u0131n <a href=\"mailto:info@ibz.bielefeld.de\">info@ibz.bielefeld.de<\/a><\/p>\n\n\n\n<p><\/p>","protected":false},"excerpt":{"rendered":"<p>Werde Teil des IBZ \u2013 Gemeinsam Vielfalt leben! Als Mitglied wirst du ein Teil unserer bunten Community und unterst\u00fctzt einen Ort, an dem Offenheit, Respekt und echte Begegnung nicht nur&#8230;<\/p>","protected":false},"author":2,"featured_media":0,"parent":0,"menu_order":0,"comment_status":"closed","ping_status":"closed","template":"template-parts\/About Sections.php","meta":{"_acf_changed":false,"footnotes":""},"ibz_department":[],"class_list":["post-2050","page","type-page","status-publish","hentry"],"acf":[],"_links":{"self":[{"href":"https:\/\/ibz-bielefeld.de\/tr\/wp-json\/wp\/v2\/pages\/2050","targetHints":{"allow":["GET"]}}],"collection":[{"href":"https:\/\/ibz-bielefeld.de\/tr\/wp-json\/wp\/v2\/pages"}],"about":[{"href":"https:\/\/ibz-bielefeld.de\/tr\/wp-json\/wp\/v2\/types\/page"}],"author":[{"embeddable":true,"href":"https:\/\/ibz-bielefeld.de\/tr\/wp-json\/wp\/v2\/users\/2"}],"replies":[{"embeddable":true,"href":"https:\/\/ibz-bielefeld.de\/tr\/wp-json\/wp\/v2\/comments?post=2050"}],"version-history":[{"count":0,"href":"https:\/\/ibz-bielefeld.de\/tr\/wp-json\/wp\/v2\/pages\/2050\/revisions"}],"wp:attachment":[{"href":"https:\/\/ibz-bielefeld.de\/tr\/wp-json\/wp\/v2\/media?parent=2050"}],"wp:term":[{"taxonomy":"ibz_department","embeddable":true,"href":"https:\/\/ibz-bielefeld.de\/tr\/wp-json\/wp\/v2\/ibz_department?post=2050"}],"curies":[{"name":"wp","href":"https:\/\/api.w.org\/{rel}","templated":true}]}}