{"id":3796,"date":"2025-09-02T10:24:48","date_gmt":"2025-09-02T08:24:48","guid":{"rendered":"https:\/\/ibz-bielefeld.de\/?page_id=3796"},"modified":"2025-09-02T10:27:02","modified_gmt":"2025-09-02T08:27:02","slug":"impressum","status":"publish","type":"page","link":"https:\/\/ibz-bielefeld.de\/tr\/impressum\/","title":{"rendered":"Yasal uyar\u0131"},"content":{"rendered":"<h2 class=\"wp-block-heading\">\u00a7 5 TMG'ye g\u00f6re bilgiler<\/h2>\n\n\n\n<p>Uluslararas\u0131 Toplant\u0131 Merkezi Bar\u0131\u015f Evi e.V.<br>Teutoburger Str. 106<br>33607 Bielefeld\u2019in<\/p>\n\n\n\n<p>Derneklerin kayd\u0131: VR 2044<br>Tescil mahkemesi: Bielefeld B\u00f6lge Mahkemesi<\/p>\n\n\n\n<h3 class=\"wp-block-heading\">Kurul Taraf\u0131ndan Temsil Edilir<\/h3>\n\n\n\n<p>Viola Obasohan'\u0131n<br>Dr. Asma Ait Allali<br>Sven Ga\u00dfmann'\u0131n<\/p>\n\n\n\n<h2 class=\"wp-block-heading\">\u0130LET\u0130\u015e\u0130M<\/h2>\n\n\n\n<p>E-posta adresiniz: info@ibz-bielefeld.de<\/p>\n\n\n\n<h3 class=\"wp-block-heading\">T\u00fcketici Uyu\u015fmazl\u0131k \u00c7\u00f6z\u00fcm Yasas\u0131'na (VSBG) g\u00f6re bilgiler<\/h3>\n\n\n\n<p>T\u00fcketici hakem heyeti nezdinde uyu\u015fmazl\u0131k \u00e7\u00f6z\u00fcm i\u015flemlerine kat\u0131lmaya istekli veya mecbur de\u011filiz.<\/p>\n\n\n\n<h3 class=\"wp-block-heading\">\u0130\u00e7erik i\u00e7in sorumluluk<\/h3>\n\n\n\n<p>Bir hizmet sa\u011flay\u0131c\u0131 olarak, genel yasalara g\u00f6re bu sayfalardaki kendi i\u00e7eri\u011fimizden \u00a7 7 Abs.1 TMG'ye g\u00f6re sorumluyuz. Bununla birlikte, \u00a7\u00a7 8 ila 10 TMG'ye g\u00f6re, bir hizmet sa\u011flay\u0131c\u0131 olarak iletilen veya saklanan \u00fc\u00e7\u00fcnc\u00fc taraf bilgilerini izlemek veya yasa d\u0131\u015f\u0131 faaliyeti g\u00f6steren durumlar\u0131 ara\u015ft\u0131rmak zorunda de\u011filiz.<\/p>\n\n\n\n<p>Genel yasalar uyar\u0131nca bilgilerin kullan\u0131m\u0131n\u0131 kald\u0131rma veya engelleme y\u00fck\u00fcml\u00fcl\u00fckleri etkilenmez. Bununla birlikte, bu konuda sorumluluk yaln\u0131zca belirli bir ihlalin \u00f6\u011frenildi\u011fi andan itibaren m\u00fcmk\u00fcnd\u00fcr. \u0130lgili yasal ihlallerin fark\u0131na var\u0131rsak, bu i\u00e7eri\u011fi derhal kald\u0131raca\u011f\u0131z.<\/p>\n\n\n\n<h3 class=\"wp-block-heading\">Ba\u011flant\u0131lar i\u00e7in sorumluluk<\/h3>\n\n\n\n<p>Teklifimiz, i\u00e7eri\u011fi \u00fczerinde hi\u00e7bir etkimiz olmayan \u00fc\u00e7\u00fcnc\u00fc taraflar\u0131n harici web sitelerine ba\u011flant\u0131lar i\u00e7erir. Bu nedenle, bu harici i\u00e7erik i\u00e7in herhangi bir sorumluluk kabul edemeyiz. Ba\u011flant\u0131l\u0131 sayfalar\u0131n i\u00e7eri\u011finden her zaman sayfalar\u0131n ilgili sa\u011flay\u0131c\u0131s\u0131 veya operat\u00f6r\u00fc sorumludur. Ba\u011flant\u0131 verilen sayfalar, ba\u011flant\u0131 s\u0131ras\u0131nda olas\u0131 yasal ihlaller a\u00e7\u0131s\u0131ndan kontrol edildi. Yasad\u0131\u015f\u0131 i\u00e7erik, ba\u011flant\u0131 s\u0131ras\u0131nda tan\u0131nam\u0131yordu.<\/p>\n\n\n\n<p>Bununla birlikte, ba\u011flant\u0131l\u0131 sayfalar\u0131n kal\u0131c\u0131 bir i\u00e7erik kontrol\u00fc, yasalar\u0131n ihlal edildi\u011fine dair somut g\u00f6stergeler olmadan makul de\u011fildir. Yasal ihlallerin fark\u0131na vard\u0131ktan sonra, bu t\u00fcr ba\u011flant\u0131lar\u0131 derhal kald\u0131raca\u011f\u0131z.<\/p>\n\n\n\n<h3 class=\"wp-block-heading\">Kategori: Telif haklar\u0131<\/h3>\n\n\n\n<p>Bu sayfalarda site operat\u00f6rleri taraf\u0131ndan olu\u015fturulan i\u00e7erik ve eserler Alman telif hakk\u0131 yasas\u0131na tabidir. Telif hakk\u0131 yasas\u0131n\u0131n s\u0131n\u0131rlar\u0131 d\u0131\u015f\u0131nda \u00e7o\u011faltma, i\u015fleme, da\u011f\u0131t\u0131m ve her t\u00fcrl\u00fc istismar, ilgili yazar\u0131n veya yarat\u0131c\u0131n\u0131n yaz\u0131l\u0131 onay\u0131n\u0131 gerektirir. Bu sitenin indirilmesine ve kopyalanmas\u0131na yaln\u0131zca \u00f6zel, ticari olmayan kullan\u0131m i\u00e7in izin verilir.<\/p>\n\n\n\n<p>Bu sayfadaki i\u00e7erik operat\u00f6r taraf\u0131ndan olu\u015fturulmad\u0131\u011f\u0131 s\u00fcrece, \u00fc\u00e7\u00fcnc\u00fc taraflar\u0131n telif haklar\u0131 g\u00f6zetilir. \u00d6zellikle, \u00fc\u00e7\u00fcnc\u00fc taraf i\u00e7eri\u011fi bu \u015fekilde i\u015faretlenmi\u015ftir. Yine de bir telif hakk\u0131 ihlalinin fark\u0131na var\u0131rsan\u0131z, ilgili bir bildirim isteriz. Yasal ihlallerin fark\u0131na vard\u0131ktan sonra, bu t\u00fcr i\u00e7eri\u011fi derhal kald\u0131raca\u011f\u0131z.<\/p>\n\n\n\n<p>Kaynak olarak: <a href=\"https:\/\/www.e-recht24.de\" target=\"_blank\" rel=\"noreferrer noopener\">www.e-recht24.de<\/a><\/p>\n\n\n\n<h3 class=\"wp-block-heading\">Kategori: Foto\u011fraf kredileri<\/h3>\n\n\n\n<p>fotolia.de <\/p>\n\n\n\n<p>90973610 ?? Yazar(lar): Trueffelpix<\/p>","protected":false},"excerpt":{"rendered":"<p>Angaben gem\u00e4\u00df \u00a7 5 TMG Internationales Begegnungszentrum Friedenshaus e.V.Teutoburger Str. 10633607 Bielefeld Vereinsregister: VR 2044Registergericht: Amtsgericht Bielefeld Vertreten durch den Vorstand Viola ObasohanDr. Asma Ait AllaliSven Ga\u00dfmann Kontakt E-Mail: info@ibz-bielefeld.de&#8230;<\/p>","protected":false},"author":2,"featured_media":0,"parent":0,"menu_order":0,"comment_status":"closed","ping_status":"closed","template":"template-parts\/About Sections.php","meta":{"_acf_changed":false,"footnotes":""},"ibz_department":[],"class_list":["post-3796","page","type-page","status-publish","hentry"],"acf":[],"_links":{"self":[{"href":"https:\/\/ibz-bielefeld.de\/tr\/wp-json\/wp\/v2\/pages\/3796","targetHints":{"allow":["GET"]}}],"collection":[{"href":"https:\/\/ibz-bielefeld.de\/tr\/wp-json\/wp\/v2\/pages"}],"about":[{"href":"https:\/\/ibz-bielefeld.de\/tr\/wp-json\/wp\/v2\/types\/page"}],"author":[{"embeddable":true,"href":"https:\/\/ibz-bielefeld.de\/tr\/wp-json\/wp\/v2\/users\/2"}],"replies":[{"embeddable":true,"href":"https:\/\/ibz-bielefeld.de\/tr\/wp-json\/wp\/v2\/comments?post=3796"}],"version-history":[{"count":0,"href":"https:\/\/ibz-bielefeld.de\/tr\/wp-json\/wp\/v2\/pages\/3796\/revisions"}],"wp:attachment":[{"href":"https:\/\/ibz-bielefeld.de\/tr\/wp-json\/wp\/v2\/media?parent=3796"}],"wp:term":[{"taxonomy":"ibz_department","embeddable":true,"href":"https:\/\/ibz-bielefeld.de\/tr\/wp-json\/wp\/v2\/ibz_department?post=3796"}],"curies":[{"name":"wp","href":"https:\/\/api.w.org\/{rel}","templated":true}]}}