{"id":3801,"date":"2025-09-02T10:30:04","date_gmt":"2025-09-02T08:30:04","guid":{"rendered":"https:\/\/ibz-bielefeld.de\/?page_id=3801"},"modified":"2026-03-06T12:49:03","modified_gmt":"2026-03-06T11:49:03","slug":"datenschutz","status":"publish","type":"page","link":"https:\/\/ibz-bielefeld.de\/tr\/datenschutz\/","title":{"rendered":"Veri koruma beyan\u0131"},"content":{"rendered":"<h2 class=\"wp-block-heading\">1. Bir bak\u0131\u015fta veri korumas\u0131<\/h2>\n\n\n\n<h3 class=\"wp-block-heading\">Genel bilgiler (\u0130ngilizce)<\/h3>\n\n\n\n<p>A\u015fa\u011f\u0131daki bilgiler, web sitemizi ziyaret etti\u011finizde ki\u015fisel verilerinize ne oldu\u011funa dair basit bir genel bak\u0131\u015f sa\u011flar. Ki\u015fisel veriler, ki\u015fisel olarak tan\u0131mlanabilece\u011finiz t\u00fcm verilerdir. Veri koruma konusuyla ilgili ayr\u0131nt\u0131l\u0131 bilgi, bu metinde listelenen veri koruma beyan\u0131m\u0131zda bulunabilir.<\/p>\n\n\n\n<h3 class=\"wp-block-heading\">Web sitemizde veri toplama<\/h3>\n\n\n\n<p><strong>Bu web sitesindeki verilerin toplanmas\u0131ndan kim sorumludur?<\/strong><\/p>\n\n\n\n<p>Bu web sitesindeki veri i\u015fleme, web sitesi operat\u00f6r\u00fc taraf\u0131ndan ger\u00e7ekle\u015ftirilir. \u0130leti\u015fim bilgileri bu web sitesinin k\u00fcnyesinde bulunabilir.<\/p>\n\n\n\n<p><strong>Verilerinizi nas\u0131l topluyoruz?<\/strong><\/p>\n\n\n\n<p>Bir yandan, verileriniz bize sa\u011flanarak toplan\u0131r. Bu, \u00f6rne\u011fin, bir ileti\u015fim formuna girdi\u011finiz veriler olabilir.<\/p>\n\n\n\n<p>Di\u011fer veriler, web sitesini ziyaret etti\u011finizde BT sistemlerimiz taraf\u0131ndan otomatik olarak toplan\u0131r. Bunlar temel olarak teknik verilerdir (\u00f6rn. internet taray\u0131c\u0131s\u0131, i\u015fletim sistemi veya sayfa eri\u015fim zaman\u0131). Bu veriler, web sitemize girdi\u011finiz anda otomatik olarak toplan\u0131r.<\/p>\n\n\n\n<p><strong>Verilerinizi ne i\u00e7in kullan\u0131yoruz?<\/strong><\/p>\n\n\n\n<p>Verilerin bir k\u0131sm\u0131, web sitesinin hatas\u0131z bir \u015fekilde sa\u011flanmas\u0131n\u0131 sa\u011flamak i\u00e7in toplan\u0131r. Di\u011fer veriler, kullan\u0131c\u0131 davran\u0131\u015f\u0131n\u0131z\u0131 analiz etmek i\u00e7in kullan\u0131labilir.<\/p>\n\n\n\n<p><strong>Verileriniz ile ilgili hangi haklara sahipsiniz?<\/strong><\/p>\n\n\n\n<p>Saklanan ki\u015fisel verilerinizin kayna\u011f\u0131, al\u0131c\u0131s\u0131 ve amac\u0131 hakk\u0131nda istedi\u011finiz zaman \u00fccretsiz bilgi alma hakk\u0131na sahipsiniz. Ayr\u0131ca, bu verilerin d\u00fczeltilmesini, engellenmesini veya silinmesini talep etme hakk\u0131na da sahipsiniz. Bu ama\u00e7la ve veri koruma konusunda daha fazla soru i\u00e7in, k\u00fcnyede verilen adresten istedi\u011finiz zaman bizimle ileti\u015fime ge\u00e7ebilirsiniz. Ayr\u0131ca yetkili denetim makam\u0131na \u015fikayette bulunma hakk\u0131na da sahipsiniz.<\/p>\n\n\n\n<p>Ayr\u0131ca, belirli durumlarda ki\u015fisel verilerinizin i\u015flenmesinin k\u0131s\u0131tlanmas\u0131n\u0131 talep etme hakk\u0131na sahipsiniz. Ayr\u0131nt\u0131lar, veri koruma beyan\u0131nda  \u2047 \u0130\u015flemenin k\u0131s\u0131tlanmas\u0131 hakk\u0131  \u2047  alt\u0131nda bulunabilir.<\/p>\n\n\n\n<h2 class=\"wp-block-heading\">2. Bar\u0131nd\u0131rma hizmeti<\/h2>\n\n\n\n<p>Strato<br>Web sitemizi Strato'da bar\u0131nd\u0131r\u0131yoruz. Sa\u011flay\u0131c\u0131 Strato AG, Pascalstra\u00dfe 10, 10587 Berlin'dir (bundan b\u00f6yle: \u2047  Strato \u2047 ). Web sitemizi ziyaret etti\u011finizde, Strato IP adresleriniz de dahil olmak \u00fczere \u00e7e\u015fitli g\u00fcnl\u00fck dosyalar\u0131 toplar.<\/p>\n\n\n\n<p>Daha fazla bilgi i\u00e7in l\u00fctfen Strato'nun Gizlilik Politikas\u0131na bak\u0131n:&nbsp;<a href=\"https:\/\/www.strato.de\/datenschutz\/\" target=\"_blank\" rel=\"noreferrer noopener\">https:\/\/www.strato.de\/datenschutz\/<\/a>.<\/p>\n\n\n\n<p>Strato, GDPR Madde 6 (1) (f) temelinde kullan\u0131l\u0131r. Web sitemizi m\u00fcmk\u00fcn oldu\u011funca g\u00fcvenilir bir \u015fekilde sunmak i\u00e7in me\u015fru bir menfaatimiz var. \u0130lgili bir onay talep edilmi\u015fse, i\u015fleme yaln\u0131zca GDPR Madde 6 (1) (a) temelinde ger\u00e7ekle\u015fir; onay herhangi bir zamanda geri al\u0131nabilir.<\/p>\n\n\n\n<h2 class=\"wp-block-heading\">3. Genel bilgiler ve zorunlu bilgiler<\/h2>\n\n\n\n<h3 class=\"wp-block-heading\">gizlilik<\/h3>\n\n\n\n<p>Bu sitelerin operat\u00f6rleri ki\u015fisel verilerinizin korunmas\u0131n\u0131 \u00e7ok ciddiye almaktad\u0131r. Ki\u015fisel verilerinizi gizli ve yasal veri koruma d\u00fczenlemelerine ve bu veri koruma beyan\u0131na uygun olarak ele al\u0131yoruz.<\/p>\n\n\n\n<p>Bu web sitesini kulland\u0131\u011f\u0131n\u0131zda, \u00e7e\u015fitli ki\u015fisel veriler toplan\u0131r. Ki\u015fisel veriler, ki\u015fisel olarak tan\u0131mlanabilece\u011finiz verilerdir. Bu gizlilik politikas\u0131, hangi verileri toplad\u0131\u011f\u0131m\u0131z\u0131 ve bunlar\u0131 ne i\u00e7in kulland\u0131\u011f\u0131m\u0131z\u0131 a\u00e7\u0131klar. Ayr\u0131ca bunun nas\u0131l ve hangi ama\u00e7la ger\u00e7ekle\u015fti\u011fini de a\u00e7\u0131klar.<\/p>\n\n\n\n<p>\u0130nternetteki veri aktar\u0131m\u0131n\u0131n (\u00f6rne\u011fin e-posta ile ileti\u015fim kurarken) g\u00fcvenlik a\u00e7\u0131klar\u0131na sahip olabilece\u011fini belirtmek isteriz. Verilerin \u00fc\u00e7\u00fcnc\u00fc \u015fah\u0131slar\u0131n eri\u015fimine kar\u015f\u0131 tam olarak korunmas\u0131 m\u00fcmk\u00fcn de\u011fildir.<\/p>\n\n\n\n<h3 class=\"wp-block-heading\">Sorumlu kurulu\u015f hakk\u0131nda bilgi<\/h3>\n\n\n\n<p>Bu web sitesindeki veri denetleyicisi:<\/p>\n\n\n\n<p>IBZ Friedenshaus e.V. (\u0130ngilizce)<br>Teutoburger Str. 106<br>33607 Bielefeld\u2019in<\/p>\n\n\n\n<p>Telefon numaras\u0131 ve telefon numaras\u0131: 0521-5219030<br>E-posta adresiniz: info@ibz-bielefeld.de<\/p>\n\n\n\n<p>Kontrol\u00f6r, ki\u015fisel verilerin (\u00f6rn. isimler, e-posta adresleri, vb.) \u0130\u015flenme ama\u00e7lar\u0131na ve ara\u00e7lar\u0131na tek ba\u015f\u0131na veya ba\u015fkalar\u0131yla birlikte karar veren ger\u00e7ek veya t\u00fczel ki\u015fidir.<\/p>\n\n\n\n<h3 class=\"wp-block-heading\">Veri koruma g\u00f6revlisi<\/h3>\n\n\n\n<p>Thomas Althammer<br>c\/o Althammer &amp; Kill GmbH &amp; Co.<br>Roscherstr m\u0131? 7<br>30161 Hannover'de<br>Telefon numaras\u0131 ve telefon numaras\u0131: +49 511 330603-0<br>Faks i\u00e7in: +49 511 330603-48<br>E-posta adresiniz: kontakt-dsb(at)althammer-kill.de<br><a href=\"https:\/\/www.althammer-kill.de\/\" target=\"_blank\" rel=\"noreferrer noopener\">https:\/\/www.althammer-kill.de<\/a><\/p>\n\n\n\n<h3 class=\"wp-block-heading\">Veri i\u015flemeye ili\u015fkin onay\u0131n\u0131z\u0131n geri \u00e7ekilmesi<\/h3>\n\n\n\n<p>Bir\u00e7ok veri i\u015fleme i\u015flemi yaln\u0131zca a\u00e7\u0131k izninizle m\u00fcmk\u00fcnd\u00fcr. Onay\u0131n\u0131z\u0131 istedi\u011finiz zaman iptal edebilirsiniz. Bu ama\u00e7la, bize e-posta yoluyla gayri resmi bir mesaj yeterlidir. \u0130ptal edilene kadar ger\u00e7ekle\u015ftirilen veri i\u015flemenin yasall\u0131\u011f\u0131 iptalden etkilenmez.<\/p>\n\n\n\n<h3 class=\"wp-block-heading\">\u00d6zel durumlarda veri toplanmas\u0131na ve do\u011frudan pazarlamaya itiraz etme hakk\u0131 (Madde 21 GDPR)<\/h3>\n\n\n\n<p><strong>Veri i\u015flemenin GDPR Madde 6 (1) (e) veya (f) temelinde ger\u00e7ekle\u015ftirilmesi durumunda, \u00f6zel durumunuzdan kaynaklanan nedenlerle ki\u015fisel verilerinizin i\u015flenmesine istedi\u011finiz zaman itiraz etme hakk\u0131na sahipsiniz; Bu, bu h\u00fck\u00fcmlere dayal\u0131 profil olu\u015fturma i\u00e7in de ge\u00e7erlidir. \u0130\u015flemenin dayand\u0131\u011f\u0131 ilgili yasal dayanak, bu veri koruma beyan\u0131nda bulunabilir. \u0130tiraz ederseniz, \u00e7\u0131karlar\u0131n\u0131za, haklar\u0131n\u0131za ve \u00f6zg\u00fcrl\u00fcklerinize a\u011f\u0131r basan i\u015fleme i\u00e7in zorlay\u0131c\u0131 me\u015fru gerek\u00e7eler g\u00f6steremedi\u011fimiz veya i\u015flemenin yasal iddialar\u0131n olu\u015fturulmas\u0131na, uygulanmas\u0131na veya savunulmas\u0131na hizmet etmedi\u011fi s\u00fcrece ki\u015fisel verilerinizi art\u0131k i\u015flemeyece\u011fiz (GDPR Madde 21 (1) uyar\u0131nca itiraz).<\/strong><\/p>\n\n\n\n<p><strong>Ki\u015fisel verileriniz do\u011frudan pazarlama amac\u0131yla i\u015fleniyorsa, bu t\u00fcr reklam amac\u0131yla sizinle ilgili ki\u015fisel verilerin i\u015flenmesine istedi\u011finiz zaman itiraz etme hakk\u0131na sahipsiniz; Bu, bu t\u00fcr do\u011frudan pazarlama ile ili\u015fkili oldu\u011fu s\u00fcrece profil olu\u015fturma i\u00e7in de ge\u00e7erlidir. \u0130tiraz ederseniz, ki\u015fisel verileriniz art\u0131k do\u011frudan pazarlama amac\u0131yla kullan\u0131lmayacakt\u0131r (GDPR Madde 21(2) uyar\u0131nca itiraz).<\/strong><\/p>\n\n\n\n<h3 class=\"wp-block-heading\">Yetkili denetim makam\u0131na \u015fikayette bulunma hakk\u0131<\/h3>\n\n\n\n<p>GDPR'nin ihlali durumunda, veri sahipleri, \u00f6zellikle ikamet ettikleri \u00dcye Devlette, i\u015f yerlerinde veya iddia edilen ihlalin ger\u00e7ekle\u015fti\u011fi yerde bir denetim makam\u0131na \u015fikayette bulunma hakk\u0131na sahiptir. Temyiz hakk\u0131, di\u011fer idari veya adli yollara halel getirmez.<\/p>\n\n\n\n<h3 class=\"wp-block-heading\">Veri ta\u015f\u0131nabilirli\u011fi hakk\u0131<\/h3>\n\n\n\n<p>Onay\u0131n\u0131z temelinde veya size veya \u00fc\u00e7\u00fcnc\u00fc bir tarafa ortak, makine taraf\u0131ndan okunabilir bir formatta teslim edilen bir s\u00f6zle\u015fmenin yerine getirilmesinde otomatik olarak i\u015fledi\u011fimiz verilere sahip olma hakk\u0131na sahipsiniz. Verilerin ba\u015fka bir denetleyiciye do\u011frudan aktar\u0131lmas\u0131n\u0131 talep ederseniz, bu yaln\u0131zca teknik olarak m\u00fcmk\u00fcn oldu\u011fu s\u00fcrece yap\u0131lacakt\u0131r.<\/p>\n\n\n\n<h3 class=\"wp-block-heading\">Bilgilendirme, engelleme, silme ve d\u00fczeltme<\/h3>\n\n\n\n<p>Y\u00fcr\u00fcrl\u00fckteki yasal h\u00fck\u00fcmler kapsam\u0131nda, saklanan ki\u015fisel verileriniz, bunlar\u0131n kayna\u011f\u0131 ve al\u0131c\u0131lar\u0131 ve veri i\u015flemenin amac\u0131 hakk\u0131nda istedi\u011finiz zaman \u00fccretsiz bilgi alma ve gerekirse bu verileri d\u00fczeltme, engelleme veya silme hakk\u0131na sahipsiniz. Bu ama\u00e7la ve ki\u015fisel verilerle ilgili di\u011fer sorular\u0131n\u0131z i\u00e7in, k\u00fcnyede verilen adresten istedi\u011finiz zaman bizimle ileti\u015fime ge\u00e7ebilirsiniz.<\/p>\n\n\n\n<h3 class=\"wp-block-heading\">\u0130\u015flemenin k\u0131s\u0131tlanmas\u0131 hakk\u0131<\/h3>\n\n\n\n<p>Ki\u015fisel verilerinizin i\u015flenmesinin k\u0131s\u0131tlanmas\u0131n\u0131 talep etme hakk\u0131na sahipsiniz. K\u00fcnyede verilen adresten istedi\u011finiz zaman bizimle ileti\u015fime ge\u00e7ebilirsiniz. \u0130\u015flemenin k\u0131s\u0131tlanmas\u0131 hakk\u0131 a\u015fa\u011f\u0131daki durumlarda mevcuttur:<\/p>\n\n\n\n<ul class=\"wp-block-list\">\n<li>Taraf\u0131m\u0131zca saklanan ki\u015fisel verilerinizin do\u011frulu\u011funa itiraz ederseniz, bunu do\u011frulamak i\u00e7in genellikle zamana ihtiyac\u0131m\u0131z vard\u0131r. \u0130nceleme s\u00fcresince, ki\u015fisel verilerinizin i\u015flenmesinin k\u0131s\u0131tlanmas\u0131n\u0131 talep etme hakk\u0131na sahipsiniz.<\/li>\n\n\n\n<li>Ki\u015fisel verilerinizin i\u015flenmesi hukuka ayk\u0131r\u0131ysa\/yasa d\u0131\u015f\u0131ysa, silme yerine veri i\u015flemenin k\u0131s\u0131tlanmas\u0131n\u0131 talep edebilirsiniz.<\/li>\n\n\n\n<li>Ki\u015fisel verilerinize art\u0131k ihtiyac\u0131m\u0131z yoksa, ancak yasal iddialar\u0131 uygulamak, savunmak veya ileri s\u00fcrmek i\u00e7in ihtiyac\u0131n\u0131z varsa, ki\u015fisel verilerinizin silinmesi yerine i\u015flenmesinin k\u0131s\u0131tlanmas\u0131n\u0131 talep etme hakk\u0131na sahipsiniz.<\/li>\n\n\n\n<li>GDPR Madde 21 (1) uyar\u0131nca bir itirazda bulunduysan\u0131z, \u00e7\u0131karlar\u0131n\u0131z ile bizim \u00e7\u0131karlar\u0131m\u0131z aras\u0131nda bir denge kurulmal\u0131d\u0131r. Kimin \u00e7\u0131karlar\u0131n\u0131n ge\u00e7erli oldu\u011fu hen\u00fcz belli olmad\u0131\u011f\u0131 s\u00fcrece, ki\u015fisel verilerinizin i\u015flenmesinin k\u0131s\u0131tlanmas\u0131n\u0131 talep etme hakk\u0131na sahipsiniz.<\/li>\n<\/ul>\n\n\n\n<p>Ki\u015fisel verilerinizin i\u015flenmesini k\u0131s\u0131tlad\u0131ysan\u0131z, bu veriler yaln\u0131zca saklama d\u0131\u015f\u0131nda, sizin izninizle veya yasal taleplerin olu\u015fturulmas\u0131, uygulanmas\u0131 veya savunulmas\u0131 veya ba\u015fka bir ger\u00e7ek veya t\u00fczel ki\u015finin haklar\u0131n\u0131n korunmas\u0131 veya Avrupa Birli\u011fi'nin veya bir \u00dcye Devletin \u00f6nemli kamu yarar\u0131 nedenleriyle i\u015flenebilir.<\/p>\n\n\n\n<h2 class=\"wp-block-heading\">4. Web sitemizde veri toplama<\/h2>\n\n\n\n<h3 class=\"wp-block-heading\">Sunucu g\u00fcnl\u00fck dosyalar\u0131<\/h3>\n\n\n\n<p>Sayfalar\u0131n sa\u011flay\u0131c\u0131s\u0131, taray\u0131c\u0131n\u0131z\u0131n otomatik olarak bize iletti\u011fi s\u00f6zde sunucu g\u00fcnl\u00fck dosyalar\u0131ndaki bilgileri otomatik olarak toplar ve depolar. Bunlar \u015funlard\u0131r:<\/p>\n\n\n\n<ul class=\"wp-block-list\">\n<li>Taray\u0131c\u0131 t\u00fcr\u00fc ve taray\u0131c\u0131 s\u00fcr\u00fcm\u00fc<\/li>\n\n\n\n<li>Kullan\u0131lan i\u015fletim sistemi<\/li>\n\n\n\n<li>Y\u00f6nlendiren URL<\/li>\n\n\n\n<li>Eri\u015fen bilgisayar\u0131n ana bilgisayar ad\u0131<\/li>\n\n\n\n<li>Sunucu iste\u011finin zaman\u0131<\/li>\n\n\n\n<li>IP adresi<\/li>\n<\/ul>\n\n\n\n<p>Bu veriler di\u011fer veri kaynaklar\u0131yla birle\u015ftirilmez.<\/p>\n\n\n\n<p>Bu veriler, GDPR Madde 6 (1) (f) temelinde toplan\u0131r. Web sitesi operat\u00f6r\u00fc, bu ama\u00e7la web sitesinin teknik olarak hatas\u0131z sunumu ve optimizasyonu konusunda me\u015fru bir ilgiye sahiptir, sunucu g\u00fcnl\u00fck dosyalar\u0131 kaydedilmelidir.<\/p>\n\n\n\n<h3 class=\"wp-block-heading\">\u0130leti\u015fim formu<\/h3>\n\n\n\n<p>\u0130leti\u015fim formu arac\u0131l\u0131\u011f\u0131yla bize soru g\u00f6nderirseniz, orada sa\u011flad\u0131\u011f\u0131n\u0131z ileti\u015fim bilgileri de dahil olmak \u00fczere soru formundaki bilgileriniz, talebin i\u015flenmesi amac\u0131yla ve takip sorular\u0131 durumunda taraf\u0131m\u0131zdan saklanacakt\u0131r. Bu verileri izniniz olmadan iletmeyece\u011fiz.<\/p>\n\n\n\n<p>Bu nedenle, ileti\u015fim formuna girilen verilerin i\u015flenmesi yaln\u0131zca sizin izninize dayanmaktad\u0131r (Madde 6 (1) (a) GDPR). Bu izni istedi\u011finiz zaman iptal edebilirsiniz. Bu ama\u00e7la, bize e-posta yoluyla gayri resmi bir mesaj yeterlidir. \u0130ptal edilene kadar ger\u00e7ekle\u015ftirilen veri i\u015fleme i\u015flemlerinin yasall\u0131\u011f\u0131 iptalden etkilenmez.<\/p>\n\n\n\n<p>\u0130leti\u015fim formuna girdi\u011finiz veriler, siz bizden silmemizi isteyene, saklama izninizi iptal edene veya veri saklama amac\u0131 art\u0131k ge\u00e7erli olmayana kadar (\u00f6rne\u011fin talebiniz i\u015flendikten sonra) bizde kalacakt\u0131r. Zorunlu yasal h\u00fck\u00fcmler  \u2047  \u00f6zellikle saklama s\u00fcreleri  \u2047  etkilenmeden kal\u0131r.<\/p>\n\n\n\n<h3 class=\"wp-block-heading\">E-posta, telefon veya faks ile talep<\/h3>\n\n\n\n<p>Bizimle e-posta, telefon veya faks yoluyla ileti\u015fime ge\u00e7erseniz, ortaya \u00e7\u0131kan t\u00fcm ki\u015fisel veriler (isim, talep) dahil olmak \u00fczere talebiniz, talebinizin i\u015flenmesi amac\u0131yla taraf\u0131m\u0131zca saklanacak ve i\u015flenecektir. Bu verileri izniniz olmadan iletmeyece\u011fiz.<\/p>\n\n\n\n<p>Bu verilerin i\u015flenmesi, talebinizin bir s\u00f6zle\u015fmenin yerine getirilmesiyle ilgili olmas\u0131 veya s\u00f6zle\u015fme \u00f6ncesi \u00f6nlemlerin uygulanmas\u0131 i\u00e7in gerekli olmas\u0131 ko\u015fuluyla GDPR Madde 6 (1) (b) temelinde ger\u00e7ekle\u015fir. Di\u011fer t\u00fcm durumlarda, i\u015fleme izninize (Madde 6 (1) (a) GDPR) ve \/ veya me\u015fru menfaatlerimize (Madde 6 (1) (f) GDPR) dayanmaktad\u0131r, \u00e7\u00fcnk\u00fc bize g\u00f6nderilen taleplerin etkili bir \u015fekilde i\u015flenmesinde me\u015fru bir menfaatimiz vard\u0131r.<\/p>\n\n\n\n<p>\u0130leti\u015fim talepleri arac\u0131l\u0131\u011f\u0131yla bize g\u00f6nderdi\u011finiz veriler, siz bizden silmemizi talep edene, saklama izninizi iptal edene veya veri saklama amac\u0131 art\u0131k ge\u00e7erli olmayana kadar (\u00f6rne\u011fin talebiniz i\u015flendikten sonra) bizde kalacakt\u0131r. Zorunlu yasal h\u00fck\u00fcmler - \u00f6zellikle yasal saklama s\u00fcreleri - etkilenmez.<\/p>\n\n\n\n<p>Kaynak olarak:&nbsp;<a href=\"https:\/\/www.e-recht24.de\/\" target=\"_blank\" rel=\"noreferrer noopener\">eRecht24<\/a><\/p>","protected":false},"excerpt":{"rendered":"<p>1. Datenschutz auf einen Blick Allgemeine Hinweise Die folgenden Hinweise geben einen einfachen \u00dcberblick dar\u00fcber, was mit Ihren personenbezogenen Daten passiert, wenn Sie unsere Website besuchen. Personenbezogene Daten sind alle&#8230;<\/p>","protected":false},"author":2,"featured_media":0,"parent":0,"menu_order":0,"comment_status":"closed","ping_status":"closed","template":"template-parts\/About Sections.php","meta":{"_acf_changed":false,"footnotes":""},"ibz_department":[],"class_list":["post-3801","page","type-page","status-publish","hentry"],"acf":[],"_links":{"self":[{"href":"https:\/\/ibz-bielefeld.de\/tr\/wp-json\/wp\/v2\/pages\/3801","targetHints":{"allow":["GET"]}}],"collection":[{"href":"https:\/\/ibz-bielefeld.de\/tr\/wp-json\/wp\/v2\/pages"}],"about":[{"href":"https:\/\/ibz-bielefeld.de\/tr\/wp-json\/wp\/v2\/types\/page"}],"author":[{"embeddable":true,"href":"https:\/\/ibz-bielefeld.de\/tr\/wp-json\/wp\/v2\/users\/2"}],"replies":[{"embeddable":true,"href":"https:\/\/ibz-bielefeld.de\/tr\/wp-json\/wp\/v2\/comments?post=3801"}],"version-history":[{"count":0,"href":"https:\/\/ibz-bielefeld.de\/tr\/wp-json\/wp\/v2\/pages\/3801\/revisions"}],"wp:attachment":[{"href":"https:\/\/ibz-bielefeld.de\/tr\/wp-json\/wp\/v2\/media?parent=3801"}],"wp:term":[{"taxonomy":"ibz_department","embeddable":true,"href":"https:\/\/ibz-bielefeld.de\/tr\/wp-json\/wp\/v2\/ibz_department?post=3801"}],"curies":[{"name":"wp","href":"https:\/\/api.w.org\/{rel}","templated":true}]}}