{"id":4114,"date":"2025-10-21T16:46:36","date_gmt":"2025-10-21T14:46:36","guid":{"rendered":"https:\/\/ibz-bielefeld.de\/?page_id=4114"},"modified":"2026-04-23T12:57:45","modified_gmt":"2026-04-23T10:57:45","slug":"schulungsangebote","status":"publish","type":"page","link":"https:\/\/ibz-bielefeld.de\/tr\/schulungsangebote\/","title":{"rendered":"Kurum i\u00e7i e\u011fitim teklifleri"},"content":{"rendered":"<p>\u00d6rg\u00fctsel geli\u015fim, ayr\u0131mc\u0131l\u0131k kar\u015f\u0131t\u0131 ve amp; \u0131rk\u00e7\u0131l\u0131k kar\u015f\u0131t\u0131, \u00e7e\u015fitlilik ve amp; dahil etme, takdir ileti\u015fimi ve demokrasiyi deneyimleme gibi konularda uygulamal\u0131 at\u00f6lye \u00e7al\u0131\u015fmalar\u0131m\u0131z\u0131 ke\u015ffedin.<br>Tekliflerimiz a\u015fa\u011f\u0131daki konularda at\u00f6lye \u00e7al\u0131\u015fmalar\u0131 i\u00e7erir:<\/p>\n\n\n\n<p><\/p>\n\n\n\n<p class=\"has-text-align-left\"><strong>Demokrasiyi deneyimleyin<\/strong> \u2047  Ortak belirleme, kat\u0131l\u0131m ve demokratik s\u00fcre\u00e7lerin pratik deneyimi<br><strong>Kategori: \u00d6rg\u00fctsel geli\u015fim<\/strong> \u2047  Yap\u0131lar\u0131n ve s\u00fcre\u00e7lerin birlikte \u015fekillendirilmesi ve iyile\u015ftirilmesi<br><strong>Ayr\u0131mc\u0131l\u0131k ve \u0131rk\u00e7\u0131l\u0131k kar\u015f\u0131t\u0131<\/strong> \u2047  Fark\u0131ndal\u0131k-y\u00fckseltme ve g\u00fcnl\u00fck ya\u015famda eylem i\u00e7in somut olanaklar<br><strong>\u00c7e\u015fitlilik ve amper; Dahil etme<\/strong> \u2047  \u00c7e\u015fitlili\u011fi takdir edin ve aktif olarak te\u015fvik edin<br><strong>Minnettar ileti\u015fim<\/strong> \u2047  \u00c7at\u0131\u015fmalar\u0131 yap\u0131c\u0131 bir \u015fekilde tan\u0131y\u0131n, anlay\u0131n ve \u00e7\u00f6z\u00fcn<\/p>\n\n\n\n<p style=\"margin-top:var(--wp--preset--spacing--30);margin-bottom:var(--wp--preset--spacing--30)\">E\u011fitim kurslar\u0131m\u0131z etkile\u015fimli, heyecan verici ve ihtiya\u00e7lar\u0131n\u0131za g\u00f6re uyarlanm\u0131\u015ft\u0131r  \u2047  tak\u0131mlar, profesyoneller ve sayg\u0131l\u0131 ve kapsay\u0131c\u0131 bir birliktelik yaratmak isteyen herkes i\u00e7in idealdir.<\/p>\n\n\n\n<p style=\"margin-top:var(--wp--preset--spacing--30);margin-bottom:var(--wp--preset--spacing--30)\"><strong>Merak etmeye mi ba\u015flad\u0131n?<\/strong><br>Melde dich bei unserer Kollegin Christiane Telles-Esseling unter <a href=\"mailto:info@ibz-bielefeld.de\">info@ibz-bielefeld.de<\/a> \u2047  biz sizi g\u00f6rmek i\u00e7in sab\u0131rs\u0131zlan\u0131yoruz!<\/p>\n\n\n\n<p><\/p>\n\n\n\n<p><\/p>\n\n\n\n<figure class=\"wp-block-gallery has-nested-images columns-default is-cropped wp-block-gallery-1 is-layout-flex wp-block-gallery-is-layout-flex\">\n<figure class=\"wp-block-image size-large\"><img loading=\"lazy\" decoding=\"async\" width=\"768\" height=\"1024\" data-id=\"5203\" src=\"https:\/\/ibz-bielefeld.de\/wp-content\/uploads\/2026\/04\/WhatsApp-Image-2026-04-17-at-11.11.03-768x1024.jpeg\" alt=\"\" class=\"wp-image-5203\" srcset=\"https:\/\/ibz-bielefeld.de\/wp-content\/uploads\/2026\/04\/WhatsApp-Image-2026-04-17-at-11.11.03-768x1024.jpeg 768w, https:\/\/ibz-bielefeld.de\/wp-content\/uploads\/2026\/04\/WhatsApp-Image-2026-04-17-at-11.11.03-225x300.jpeg 225w, https:\/\/ibz-bielefeld.de\/wp-content\/uploads\/2026\/04\/WhatsApp-Image-2026-04-17-at-11.11.03-1152x1536.jpeg 1152w, https:\/\/ibz-bielefeld.de\/wp-content\/uploads\/2026\/04\/WhatsApp-Image-2026-04-17-at-11.11.03-9x12.jpeg 9w, https:\/\/ibz-bielefeld.de\/wp-content\/uploads\/2026\/04\/WhatsApp-Image-2026-04-17-at-11.11.03.jpeg 1200w\" sizes=\"auto, (max-width: 768px) 100vw, 768px\" \/><\/figure>\n\n\n\n<figure class=\"wp-block-image size-large\"><img loading=\"lazy\" decoding=\"async\" width=\"660\" height=\"856\" data-id=\"5209\" src=\"https:\/\/ibz-bielefeld.de\/wp-content\/uploads\/2026\/04\/inhouse06.png\" alt=\"\" class=\"wp-image-5209\" srcset=\"https:\/\/ibz-bielefeld.de\/wp-content\/uploads\/2026\/04\/inhouse06.png 660w, https:\/\/ibz-bielefeld.de\/wp-content\/uploads\/2026\/04\/inhouse06-231x300.png 231w, https:\/\/ibz-bielefeld.de\/wp-content\/uploads\/2026\/04\/inhouse06-9x12.png 9w, https:\/\/ibz-bielefeld.de\/wp-content\/uploads\/2026\/04\/inhouse06-412x535.png 412w\" sizes=\"auto, (max-width: 660px) 100vw, 660px\" \/><\/figure>\n\n\n\n<figure class=\"wp-block-image size-large\"><img loading=\"lazy\" decoding=\"async\" width=\"1024\" height=\"767\" data-id=\"4562\" src=\"https:\/\/ibz-bielefeld.de\/wp-content\/uploads\/2025\/12\/WhatsApp-Image-2024-09-23-at-16.44.35141-1024x767.jpeg\" alt=\"\" class=\"wp-image-4562\" srcset=\"https:\/\/ibz-bielefeld.de\/wp-content\/uploads\/2025\/12\/WhatsApp-Image-2024-09-23-at-16.44.35141-1024x767.jpeg 1024w, https:\/\/ibz-bielefeld.de\/wp-content\/uploads\/2025\/12\/WhatsApp-Image-2024-09-23-at-16.44.35141-300x225.jpeg 300w, https:\/\/ibz-bielefeld.de\/wp-content\/uploads\/2025\/12\/WhatsApp-Image-2024-09-23-at-16.44.35141-768x576.jpeg 768w, https:\/\/ibz-bielefeld.de\/wp-content\/uploads\/2025\/12\/WhatsApp-Image-2024-09-23-at-16.44.35141-1536x1151.jpeg 1536w, https:\/\/ibz-bielefeld.de\/wp-content\/uploads\/2025\/12\/WhatsApp-Image-2024-09-23-at-16.44.35141-16x12.jpeg 16w, https:\/\/ibz-bielefeld.de\/wp-content\/uploads\/2025\/12\/WhatsApp-Image-2024-09-23-at-16.44.35141.jpeg 1600w\" sizes=\"auto, (max-width: 1024px) 100vw, 1024px\" \/><\/figure>\n\n\n\n<figure class=\"wp-block-image size-large\"><img loading=\"lazy\" decoding=\"async\" width=\"836\" height=\"622\" data-id=\"5208\" src=\"https:\/\/ibz-bielefeld.de\/wp-content\/uploads\/2026\/04\/Inhouse07png.png\" alt=\"\" class=\"wp-image-5208\" srcset=\"https:\/\/ibz-bielefeld.de\/wp-content\/uploads\/2026\/04\/Inhouse07png.png 836w, https:\/\/ibz-bielefeld.de\/wp-content\/uploads\/2026\/04\/Inhouse07png-300x223.png 300w, https:\/\/ibz-bielefeld.de\/wp-content\/uploads\/2026\/04\/Inhouse07png-768x571.png 768w, https:\/\/ibz-bielefeld.de\/wp-content\/uploads\/2026\/04\/Inhouse07png-16x12.png 16w\" sizes=\"auto, (max-width: 836px) 100vw, 836px\" \/><\/figure>\n\n\n\n<figure class=\"wp-block-image size-large\"><img loading=\"lazy\" decoding=\"async\" width=\"677\" height=\"770\" data-id=\"5210\" src=\"https:\/\/ibz-bielefeld.de\/wp-content\/uploads\/2026\/04\/inhouse05.png\" alt=\"\" class=\"wp-image-5210\" srcset=\"https:\/\/ibz-bielefeld.de\/wp-content\/uploads\/2026\/04\/inhouse05.png 677w, https:\/\/ibz-bielefeld.de\/wp-content\/uploads\/2026\/04\/inhouse05-264x300.png 264w, https:\/\/ibz-bielefeld.de\/wp-content\/uploads\/2026\/04\/inhouse05-11x12.png 11w\" sizes=\"auto, (max-width: 677px) 100vw, 677px\" \/><\/figure>\n\n\n\n<figure class=\"wp-block-image size-large\"><img loading=\"lazy\" decoding=\"async\" width=\"794\" height=\"807\" data-id=\"5212\" src=\"https:\/\/ibz-bielefeld.de\/wp-content\/uploads\/2026\/04\/Inhouse03.png\" alt=\"\" class=\"wp-image-5212\" srcset=\"https:\/\/ibz-bielefeld.de\/wp-content\/uploads\/2026\/04\/Inhouse03.png 794w, https:\/\/ibz-bielefeld.de\/wp-content\/uploads\/2026\/04\/Inhouse03-295x300.png 295w, https:\/\/ibz-bielefeld.de\/wp-content\/uploads\/2026\/04\/Inhouse03-768x781.png 768w, https:\/\/ibz-bielefeld.de\/wp-content\/uploads\/2026\/04\/Inhouse03-12x12.png 12w\" sizes=\"auto, (max-width: 794px) 100vw, 794px\" \/><\/figure>\n\n\n\n<figure class=\"wp-block-image size-large\"><img loading=\"lazy\" decoding=\"async\" width=\"834\" height=\"799\" data-id=\"5211\" src=\"https:\/\/ibz-bielefeld.de\/wp-content\/uploads\/2026\/04\/Inhouse04.png\" alt=\"\" class=\"wp-image-5211\" srcset=\"https:\/\/ibz-bielefeld.de\/wp-content\/uploads\/2026\/04\/Inhouse04.png 834w, https:\/\/ibz-bielefeld.de\/wp-content\/uploads\/2026\/04\/Inhouse04-300x287.png 300w, https:\/\/ibz-bielefeld.de\/wp-content\/uploads\/2026\/04\/Inhouse04-768x736.png 768w, https:\/\/ibz-bielefeld.de\/wp-content\/uploads\/2026\/04\/Inhouse04-13x12.png 13w\" sizes=\"auto, (max-width: 834px) 100vw, 834px\" \/><\/figure>\n\n\n\n<figure class=\"wp-block-image size-large\"><img loading=\"lazy\" decoding=\"async\" width=\"637\" height=\"875\" data-id=\"5207\" src=\"https:\/\/ibz-bielefeld.de\/wp-content\/uploads\/2026\/04\/Inhouse08.png\" alt=\"\" class=\"wp-image-5207\" srcset=\"https:\/\/ibz-bielefeld.de\/wp-content\/uploads\/2026\/04\/Inhouse08.png 637w, https:\/\/ibz-bielefeld.de\/wp-content\/uploads\/2026\/04\/Inhouse08-218x300.png 218w, https:\/\/ibz-bielefeld.de\/wp-content\/uploads\/2026\/04\/Inhouse08-9x12.png 9w\" sizes=\"auto, (max-width: 637px) 100vw, 637px\" \/><\/figure>\n<\/figure>","protected":false},"excerpt":{"rendered":"<p>Entdecke unsere praxinnsnahen Workshops zu Themen wie Organisationsentwicklung, Antidiskriminierung &amp; Antirassismus, Vielfalt &amp; Inklusion, wertsch\u00e4tzende Kommunikation und Demokratie erleben.Zu unseren Angeboten geh\u00f6ren unter anderem Workshops zu: Demokratie erleben \u2013 Mitbestimmung,&#8230;<\/p>","protected":false},"author":2,"featured_media":0,"parent":0,"menu_order":0,"comment_status":"closed","ping_status":"closed","template":"","meta":{"_acf_changed":false,"footnotes":""},"ibz_department":[],"class_list":["post-4114","page","type-page","status-publish","hentry"],"acf":[],"_links":{"self":[{"href":"https:\/\/ibz-bielefeld.de\/tr\/wp-json\/wp\/v2\/pages\/4114","targetHints":{"allow":["GET"]}}],"collection":[{"href":"https:\/\/ibz-bielefeld.de\/tr\/wp-json\/wp\/v2\/pages"}],"about":[{"href":"https:\/\/ibz-bielefeld.de\/tr\/wp-json\/wp\/v2\/types\/page"}],"author":[{"embeddable":true,"href":"https:\/\/ibz-bielefeld.de\/tr\/wp-json\/wp\/v2\/users\/2"}],"replies":[{"embeddable":true,"href":"https:\/\/ibz-bielefeld.de\/tr\/wp-json\/wp\/v2\/comments?post=4114"}],"version-history":[{"count":8,"href":"https:\/\/ibz-bielefeld.de\/tr\/wp-json\/wp\/v2\/pages\/4114\/revisions"}],"predecessor-version":[{"id":5213,"href":"https:\/\/ibz-bielefeld.de\/tr\/wp-json\/wp\/v2\/pages\/4114\/revisions\/5213"}],"wp:attachment":[{"href":"https:\/\/ibz-bielefeld.de\/tr\/wp-json\/wp\/v2\/media?parent=4114"}],"wp:term":[{"taxonomy":"ibz_department","embeddable":true,"href":"https:\/\/ibz-bielefeld.de\/tr\/wp-json\/wp\/v2\/ibz_department?post=4114"}],"curies":[{"name":"wp","href":"https:\/\/api.w.org\/{rel}","templated":true}]}}