{"id":2046,"date":"2025-08-04T14:31:10","date_gmt":"2025-08-04T12:31:10","guid":{"rendered":"https:\/\/ibz-bielefeld.de\/?page_id=2046"},"modified":"2026-03-26T22:27:27","modified_gmt":"2026-03-26T21:27:27","slug":"spende","status":"publish","type":"page","link":"https:\/\/ibz-bielefeld.de\/uk\/spende\/","title":{"rendered":"\u0434\u043e\u043d\u043e\u0440\u0441\u0442\u0432\u043e"},"content":{"rendered":"<p>\u0414\u043b\u044f \u0442\u043e\u0433\u043e, \u0449\u043e\u0431 \u043f\u043e\u0441\u0442\u0456\u0439\u043d\u043e \u0432\u0434\u043e\u0441\u043a\u043e\u043d\u0430\u043b\u044e\u0432\u0430\u0442\u0438 \u043d\u0430\u0448\u0456 \u043f\u0440\u043e\u043f\u043e\u0437\u0438\u0446\u0456\u0457, \u043f\u043b\u0430\u043d\u0443\u0432\u0430\u0442\u0438 \u0441\u0442\u0456\u0439\u043a\u043e \u0442\u0430 \u0432\u0456\u0434\u043f\u043e\u0432\u0456\u0434\u0430\u043b\u044c\u043d\u043e \u043a\u0435\u0440\u0443\u0432\u0430\u0442\u0438 \u043d\u0438\u043c\u0438, \u043c\u0438 \u0437 \u043d\u0435\u0442\u0435\u0440\u043f\u0456\u043d\u043d\u044f\u043c \u0447\u0435\u043a\u0430\u0454\u043c\u043e \u043d\u0430 \u043e\u0442\u0440\u0438\u043c\u0430\u043d\u043d\u044f \u0432\u0430\u0448\u043e\u0457 \u043f\u043e\u0436\u0435\u0440\u0442\u0432\u0438. \u0417\u0432\u0438\u0447\u0430\u0439\u043d\u043e, \u0432\u0438 \u043e\u0442\u0440\u0438\u043c\u0430\u0454\u0442\u0435 \u0434\u043e\u0432\u0456\u0434\u043a\u0443 \u043f\u0440\u043e \u043f\u043e\u0436\u0435\u0440\u0442\u0432\u0443\u0432\u0430\u043d\u043d\u044f \u0434\u043b\u044f \u043f\u043e\u0436\u0435\u0440\u0442\u0432\u0438, \u0449\u043e \u043d\u0435 \u043f\u0456\u0434\u043b\u044f\u0433\u0430\u0454 \u043e\u043f\u043e\u0434\u0430\u0442\u043a\u0443\u0432\u0430\u043d\u043d\u044e, \u043d\u0435\u043a\u043e\u043c\u0435\u0440\u0446\u0456\u0439\u043d\u043e\u043c\u0443 \u043e\u0431'\u0454\u0434\u043d\u0430\u043d\u043d\u044e \u0432\u0456\u0434\u043f\u043e\u0432\u0456\u0434\u043d\u043e \u0434\u043e \u00a7 52 AO. \u0414\u043b\u044f \u0446\u044c\u043e\u0433\u043e \u043d\u0430\u043c \u043f\u043e\u0442\u0440\u0456\u0431\u043d\u0430 \u0432\u0430\u0448\u0430 \u043f\u043e\u0432\u043d\u0430 \u0430\u0434\u0440\u0435\u0441\u0430.<\/p>\n\n\n\n<h2 class=\"wp-block-heading\">\u041d\u0430\u0448\u0456 \u0431\u0430\u043d\u043a\u0456\u0432\u0441\u044c\u043a\u0456 \u0440\u0435\u043a\u0432\u0456\u0437\u0438\u0442\u0438<\/h2>\n\n\n\n<p>\u0421\u043f\u0430\u0440\u043a\u0430\u0441\u0441\u0435 \u0411\u0456\u043b\u0435\u0444\u0435\u043b\u044c\u0434<br>\u041c\u0456\u0436\u043d\u0430\u0440\u043e\u0434\u043d\u0438\u0439 \u0446\u0435\u043d\u0442\u0440 \u0437\u0443\u0441\u0442\u0440\u0456\u0447\u0435\u0439 \u0414\u043e\u043c\u0443 \u041c\u0438\u0440\u0443 \u0415.\u0412.<br>IBAN (\u0456\u043d\u0442\u0435\u0440\u043d\u0435\u0442-\u0431\u0430\u043d\u043a\u0456\u043d\u0433): DE31480501610073005613<br>BIC (\u0430\u043d\u0433\u043b.): SPBIDE3BXXX<br><\/p>\n\n\n\n<figure class=\"wp-block-image size-full is-resized is-style-default\"><img loading=\"lazy\" decoding=\"async\" width=\"470\" height=\"527\" src=\"https:\/\/ibz-bielefeld.de\/wp-content\/uploads\/2025\/10\/webseite_tests-20.png\" alt=\"\" class=\"wp-image-4109\" style=\"object-fit:contain;width:250px;height:250px\" srcset=\"https:\/\/ibz-bielefeld.de\/wp-content\/uploads\/2025\/10\/webseite_tests-20.png 470w, https:\/\/ibz-bielefeld.de\/wp-content\/uploads\/2025\/10\/webseite_tests-20-268x300.png 268w, https:\/\/ibz-bielefeld.de\/wp-content\/uploads\/2025\/10\/webseite_tests-20-11x12.png 11w\" sizes=\"auto, (max-width: 470px) 100vw, 470px\" \/><\/figure>\n\n\n\n<p><\/p>\n\n\n\n<div style=\"height:24px\" aria-hidden=\"true\" class=\"wp-block-spacer\"><\/div>","protected":false},"excerpt":{"rendered":"<p>Um unsere Angebote stetig zu verbessern, nachhaltig zu planen und verantwortlich zu wirtschaften, freuen wir uns \u00fcber deine Spende. Selbstverst\u00e4ndlich bekommen sie eine Spendenbescheinigung f\u00fcr eine steuerlich abzugsf\u00e4hige Spende an&#8230;<\/p>","protected":false},"author":2,"featured_media":0,"parent":0,"menu_order":0,"comment_status":"closed","ping_status":"closed","template":"template-parts\/About Sections.php","meta":{"_acf_changed":false,"footnotes":""},"ibz_department":[],"class_list":["post-2046","page","type-page","status-publish","hentry"],"acf":[],"_links":{"self":[{"href":"https:\/\/ibz-bielefeld.de\/uk\/wp-json\/wp\/v2\/pages\/2046","targetHints":{"allow":["GET"]}}],"collection":[{"href":"https:\/\/ibz-bielefeld.de\/uk\/wp-json\/wp\/v2\/pages"}],"about":[{"href":"https:\/\/ibz-bielefeld.de\/uk\/wp-json\/wp\/v2\/types\/page"}],"author":[{"embeddable":true,"href":"https:\/\/ibz-bielefeld.de\/uk\/wp-json\/wp\/v2\/users\/2"}],"replies":[{"embeddable":true,"href":"https:\/\/ibz-bielefeld.de\/uk\/wp-json\/wp\/v2\/comments?post=2046"}],"version-history":[{"count":0,"href":"https:\/\/ibz-bielefeld.de\/uk\/wp-json\/wp\/v2\/pages\/2046\/revisions"}],"wp:attachment":[{"href":"https:\/\/ibz-bielefeld.de\/uk\/wp-json\/wp\/v2\/media?parent=2046"}],"wp:term":[{"taxonomy":"ibz_department","embeddable":true,"href":"https:\/\/ibz-bielefeld.de\/uk\/wp-json\/wp\/v2\/ibz_department?post=2046"}],"curies":[{"name":"wp","href":"https:\/\/api.w.org\/{rel}","templated":true}]}}